{"id":14859,"date":"2026-03-06T03:33:27","date_gmt":"2026-03-06T03:33:27","guid":{"rendered":"https:\/\/www.wellbeautysalon.com\/?post_type=product&#038;p=14859"},"modified":"2026-03-06T03:33:27","modified_gmt":"2026-03-06T03:33:27","slug":"kit-de-base-de-lujo-con-acabado-dorado-db416db04-para-sillas-de-peluqueria","status":"publish","type":"product","link":"https:\/\/www.wellbeautysalon.com\/es\/producto\/kit-de-base-de-lujo-con-acabado-dorado-db416db04-para-sillas-de-peluqueria","title":{"rendered":"Kit Base Cuadrada Dorado Brillante con Bomba"},"content":{"rendered":"<p><span data-markdown-start-index=\"403\">Este producto es un ensamblaje inferior completo para sillas de peluquer\u00eda, compuesto por una base plana cuadrada (DB416) y una bomba hidr\u00e1ulica de fondo plano (DB04). Ambos componentes presentan un acabado galvanizado consistente en color dorado brillante. Est\u00e1 dise\u00f1ado como un componente estandarizado para fabricantes y ensambladores de mobiliario de sal\u00f3n.<\/span><\/p>\n<p><strong><span data-markdown-start-index=\"733\">Especificaciones T\u00e9cnicas y Caracter\u00edsticas:<\/span><\/strong><\/p>\n<ul>\n<li><strong><span data-markdown-start-index=\"777\">Acabado de Superficie:<\/span><\/strong><span data-markdown-start-index=\"794\">\u00a0Proceso de galvanizado en color dorado brillante, que proporciona una superficie altamente reflectante (tipo espejo) y resistencia a los productos qu\u00edmicos est\u00e1ndar de los salones.<\/span><\/li>\n<li><strong><span data-markdown-start-index=\"932\">Estructura de la Base (DB416):<\/span><\/strong><span data-markdown-start-index=\"957\">\u00a0El dise\u00f1o de base plana cuadrada ofrece una amplia \u00e1rea de contacto con el suelo, distribuyendo el peso de manera uniforme para garantizar la estabilidad estructural de la silla ensamblada.<\/span><\/li>\n<li><strong><span data-markdown-start-index=\"1122\">Bomba Hidr\u00e1ulica (DB04):<\/span><\/strong><span data-markdown-start-index=\"1146\">\u00a0Incluye un cilindro hidr\u00e1ulico de uso intensivo de fondo plano, emparejado con un pedal dorado a juego. Dise\u00f1ado para ofrecer un ajuste de altura suave, continuo y una capacidad de elevaci\u00f3n confiable.<\/span><\/li>\n<li><strong><span data-markdown-start-index=\"1325\">Compatibilidad de Ensamblaje:<\/span><\/strong><span data-markdown-start-index=\"1350\">\u00a0Dise\u00f1ado con orificios de montaje est\u00e1ndar de la industria, lo que permite una instalaci\u00f3n directa con diversos marcos superiores. Adecuado para ensamblar sillas de estilismo modernas, sillones de barber\u00eda y sillas de maquillaje.<\/span><\/li>\n<\/ul>","protected":false},"excerpt":{"rendered":"<ul>\n<li>Model No.: DB04+DB416 (dorado)<\/li>\n<li>Color: S.S Cepillado\/S.S Pulido\/Dorado\/Negro<\/li>\n<li>Tipo: Base de Muebles para Peluquer\u00eda<\/li>\n<li>Altura de la Bomba: 335 mm<\/li>\n<li>Carrera de la Bomba: 165 mm.<\/li>\n<li>Carga de la Bomba: 200 kg<\/li>\n<li>Peso Base: 18 kg<\/li>\n<li>Espesor de la Base: Acero inoxidable de 7 mm de espesor.<\/li>\n<li>Material: acero inoxidable, hierro, cubierta cromada<\/li>\n<li>Dimensiones de la Base: 450mm\/500mm<\/li>\n<li>Paso (distancia entre agujeros): 60mm<\/li>\n<li>Tornillo: M8<\/li>\n<li>Tama\u00f1o del paquete: 4pcs\/cart\u00f3n<\/li>\n<li>Garant\u00eda: 4 a\u00f1os de garant\u00eda<\/li>\n<li>Origen: Hecho en China<\/li>\n<\/ul>","protected":false},"featured_media":14846,"template":"","meta":{"site-sidebar-layout":"default","site-content-layout":"default","ast-global-header-display":"","ast-banner-title-visibility":"","ast-main-header-display":"","ast-hfb-above-header-display":"","ast-hfb-below-header-display":"","ast-hfb-mobile-header-display":"","site-post-title":"","ast-breadcrumbs-content":"","ast-featured-img":"","footer-sml-layout":"","theme-transparent-header-meta":"default","adv-header-id-meta":"","stick-header-meta":"default","header-above-stick-meta":"","header-main-stick-meta":"","header-below-stick-meta":""},"product_brand":[],"product_cat":[48],"product_tag":[],"class_list":{"0":"post-14859","1":"product","2":"type-product","3":"status-publish","4":"has-post-thumbnail","6":"product_cat-hydraulic-lift-pump","7":"desktop-align-center","8":"tablet-align-center","9":"mobile-align-center","10":"ast-product-gallery-layout-horizontal-slider","11":"ast-product-tabs-layout-horizontal","13":"first","14":"instock","15":"shipping-taxable","16":"product-type-simple"},"acf":[],"_links":{"self":[{"href":"https:\/\/www.wellbeautysalon.com\/es\/wp-json\/wp\/v2\/product\/14859","targetHints":{"allow":["GET"]}}],"collection":[{"href":"https:\/\/www.wellbeautysalon.com\/es\/wp-json\/wp\/v2\/product"}],"about":[{"href":"https:\/\/www.wellbeautysalon.com\/es\/wp-json\/wp\/v2\/types\/product"}],"wp:featuredmedia":[{"embeddable":true,"href":"https:\/\/www.wellbeautysalon.com\/es\/wp-json\/wp\/v2\/media\/14846"}],"wp:attachment":[{"href":"https:\/\/www.wellbeautysalon.com\/es\/wp-json\/wp\/v2\/media?parent=14859"}],"wp:term":[{"taxonomy":"product_brand","embeddable":true,"href":"https:\/\/www.wellbeautysalon.com\/es\/wp-json\/wp\/v2\/product_brand?post=14859"},{"taxonomy":"product_cat","embeddable":true,"href":"https:\/\/www.wellbeautysalon.com\/es\/wp-json\/wp\/v2\/product_cat?post=14859"},{"taxonomy":"product_tag","embeddable":true,"href":"https:\/\/www.wellbeautysalon.com\/es\/wp-json\/wp\/v2\/product_tag?post=14859"}],"curies":[{"name":"wp","href":"https:\/\/api.w.org\/{rel}","templated":true}]}}