{"id":14841,"date":"2026-03-06T02:09:16","date_gmt":"2026-03-06T02:09:16","guid":{"rendered":"https:\/\/www.wellbeautysalon.com\/?post_type=product&#038;p=14841"},"modified":"2026-03-06T02:24:31","modified_gmt":"2026-03-06T02:24:31","slug":"base-de-sillon-de-salon-premium-gris-titanio-con-kit-de-bomba-hidraulica","status":"publish","type":"product","link":"https:\/\/www.wellbeautysalon.com\/es\/producto\/base-de-sillon-de-salon-premium-gris-titanio-con-kit-de-bomba-hidraulica","title":{"rendered":"Kit de Base y Bomba Hidr\u00e1ulica en Exclusivo Gris Titanio para Sal\u00f3n"},"content":{"rendered":"<p><strong>Redefina el Lujo en su Sal\u00f3n con la Nueva Colecci\u00f3n Gris Titanio<\/strong><\/p>\n<p>Rompa con el cromo tradicional y eleve la categor\u00eda de sus muebles con nuestro nuevo Kit de Base y Bomba Hidr\u00e1ulica en acabado Gris Titanio (Titanium Grey). Dise\u00f1ado para barber\u00edas premium y salones ultra modernos, este exclusivo tono met\u00e1lico oscuro aporta una est\u00e9tica industrial y sofisticada que multiplica instant\u00e1neamente el valor de cualquier silla.<\/p>\n<p>Antihuellas y Libre de Mantenimiento: El avanzado recubrimiento Gris Titanio oculta naturalmente las huellas dactilares, manchas de agua y rayones diarios. \u00a1Siempre lucir\u00e1 impecable frente a sus clientes!<\/p>\n<p>Potencia y Estabilidad: Equipado con nuestro cilindro hidr\u00e1ulico de uso intensivo (Heavy Duty), garantiza una elevaci\u00f3n ultra suave y soporte total para clientes de gran tama\u00f1o.<\/p>\n<p>La Ventaja para Ensambladores: Un componente listo para instalar que le permite a su f\u00e1brica ofrecer ediciones limitadas y cobrar un mayor margen de ganancia.<\/p>","protected":false},"excerpt":{"rendered":"<ul>\n<li>N\u00famero de Modelo: DB04+DB414(Titanio gris)<\/li>\n<li>Color: S.S Cepillado\/S.S Pulido\/Dorado\/Negro<\/li>\n<li>Tipo: Mueble de peluquer\u00eda Base\/Recambio de accesorios<\/li>\n<li>Altura de la Bomba: 335 mm<\/li>\n<li>Carrera de la Bomba: 165 mm<\/li>\n<li>Carga de la Bomba: 200 kg<\/li>\n<li>Dimensiones de la Base: 450mm\/500mm<\/li>\n<li>Peso Base: 18 kg<\/li>\n<li>Espesor de la Base: Acero inoxidable de 7 mm de espesor<\/li>\n<li>Material: acero inoxidable, hierro, cubierta cromada<\/li>\n<li>Paso (distancia entre agujeros): 60mm<\/li>\n<li>Tornillo: M8<\/li>\n<li>Tama\u00f1o del paquete: 4pcs\/cart\u00f3n<\/li>\n<li>Garant\u00eda: Garant\u00eda de 3 a\u00f1o<\/li>\n<li>Origen: Hecho en China<\/li>\n<\/ul>","protected":false},"featured_media":14855,"template":"","meta":{"site-sidebar-layout":"default","site-content-layout":"default","ast-global-header-display":"","ast-banner-title-visibility":"","ast-main-header-display":"","ast-hfb-above-header-display":"","ast-hfb-below-header-display":"","ast-hfb-mobile-header-display":"","site-post-title":"","ast-breadcrumbs-content":"","ast-featured-img":"","footer-sml-layout":"","theme-transparent-header-meta":"default","adv-header-id-meta":"","stick-header-meta":"default","header-above-stick-meta":"","header-main-stick-meta":"","header-below-stick-meta":""},"product_brand":[],"product_cat":[48],"product_tag":[],"class_list":{"0":"post-14841","1":"product","2":"type-product","3":"status-publish","4":"has-post-thumbnail","6":"product_cat-hydraulic-lift-pump","7":"desktop-align-center","8":"tablet-align-center","9":"mobile-align-center","10":"ast-product-gallery-layout-horizontal-slider","11":"ast-product-tabs-layout-horizontal","13":"first","14":"instock","15":"shipping-taxable","16":"product-type-simple"},"acf":[],"_links":{"self":[{"href":"https:\/\/www.wellbeautysalon.com\/es\/wp-json\/wp\/v2\/product\/14841","targetHints":{"allow":["GET"]}}],"collection":[{"href":"https:\/\/www.wellbeautysalon.com\/es\/wp-json\/wp\/v2\/product"}],"about":[{"href":"https:\/\/www.wellbeautysalon.com\/es\/wp-json\/wp\/v2\/types\/product"}],"wp:featuredmedia":[{"embeddable":true,"href":"https:\/\/www.wellbeautysalon.com\/es\/wp-json\/wp\/v2\/media\/14855"}],"wp:attachment":[{"href":"https:\/\/www.wellbeautysalon.com\/es\/wp-json\/wp\/v2\/media?parent=14841"}],"wp:term":[{"taxonomy":"product_brand","embeddable":true,"href":"https:\/\/www.wellbeautysalon.com\/es\/wp-json\/wp\/v2\/product_brand?post=14841"},{"taxonomy":"product_cat","embeddable":true,"href":"https:\/\/www.wellbeautysalon.com\/es\/wp-json\/wp\/v2\/product_cat?post=14841"},{"taxonomy":"product_tag","embeddable":true,"href":"https:\/\/www.wellbeautysalon.com\/es\/wp-json\/wp\/v2\/product_tag?post=14841"}],"curies":[{"name":"wp","href":"https:\/\/api.w.org\/{rel}","templated":true}]}}