{"id":14780,"date":"2024-09-24T03:03:36","date_gmt":"2024-09-24T03:03:36","guid":{"rendered":"https:\/\/www.wellbeautysalon.com\/?post_type=product&#038;p=14780"},"modified":"2024-09-24T03:03:37","modified_gmt":"2024-09-24T03:03:37","slug":"estructura-de-silla-de-barbero-clasica","status":"publish","type":"product","link":"https:\/\/www.wellbeautysalon.com\/es\/producto\/estructura-de-silla-de-barbero-clasica","title":{"rendered":"Marco de silla de Barbero Cl\u00e1sico"},"content":{"rendered":"<h4>Nombre del Producto: Marco de silla de barbero profesional<\/h4>\n<h4>Caracter\u00edsticas del Producto:<\/h4>\n<ol>\n<li><strong>Materiales de alta resistencia<\/strong>:Fabricado con acero de primera calidad, lo que garantiza la estabilidad y durabilidad del marco de la silla, adecuado para uso de alta frecuencia para satisfacer las demandas del mercado internacional.<\/li>\n<li><strong>Dise\u00f1o ajustable<\/strong>:La altura y el \u00e1ngulo de inclinaci\u00f3n de la silla se pueden ajustar de forma flexible, lo que permite a los barberos modificarla seg\u00fan las necesidades del cliente, mejorando la eficiencia del trabajo.<\/li>\n<li><strong>F\u00e1cil montaje<\/strong>:El dise\u00f1o considera la conveniencia para la producci\u00f3n y el transporte, permitiendo un r\u00e1pido montaje del marco de la silla, reduciendo los costos de producci\u00f3n para los fabricantes.<\/li>\n<li><strong>Fuerte compatibilidad<\/strong>:Compatible con varios dise\u00f1os exteriores de sillas, lo que permite a los fabricantes personalizarlas seg\u00fan sus necesidades y satisfacer diversas preferencias del mercado.<\/li>\n<li><strong>Est\u00e9tica moderna<\/strong>:La apariencia simple y elegante se alinea con las tendencias del mercado internacional, mejorando la imagen general de las peluquer\u00edas y atrayendo a m\u00e1s clientes.<\/li>\n<\/ol>\n<h4>Escenarios aplicables:<\/h4>\n<ul>\n<li>Peluquer\u00edas<\/li>\n<li>Salones de belleza<\/li>\n<li>Centros de SPA<\/li>\n<li>Belleza del hogar<\/li>\n<\/ul>\n<h4>Especificaciones del producto:<\/h4>\n<ul>\n<li>Material: Acero de alta resistencia.<\/li>\n<li>Tama\u00f1o: Personalizable seg\u00fan requerimientos<\/li>\n<li>Color: Negro (otros colores disponibles a pedido)<\/li>\n<\/ul>\n<h4>Cont\u00e1ctenos:<\/h4>\n<p>Para obtener m\u00e1s informaci\u00f3n o realizar una compra, comun\u00edquese con nuestro equipo de atenci\u00f3n al cliente. \u00a1Estaremos encantados de ayudarle!<\/p>\n<div id='gallery-1' class='gallery galleryid-14780 gallery-columns-2 gallery-size-large'><figure class='gallery-item'>\n\t\t\t<div class='gallery-icon landscape'>\n\t\t\t\t<a href='https:\/\/www.wellbeautysalon.com\/es\/?attachment_id=13723'><img fetchpriority=\"high\" decoding=\"async\" width=\"640\" height=\"640\" src=\"https:\/\/www.wellbeautysalon.com\/wp-content\/uploads\/2023\/08\/58007-3.webp\" class=\"attachment-large size-large\" alt=\"\" aria-describedby=\"gallery-1-13723\" srcset=\"https:\/\/www.wellbeautysalon.com\/wp-content\/uploads\/2023\/08\/58007-3.webp 640w, https:\/\/www.wellbeautysalon.com\/wp-content\/uploads\/2023\/08\/58007-3-100x100.webp 100w, https:\/\/www.wellbeautysalon.com\/wp-content\/uploads\/2023\/08\/58007-3-12x12.webp 12w, https:\/\/www.wellbeautysalon.com\/wp-content\/uploads\/2023\/08\/58007-3-600x600.webp 600w\" sizes=\"(max-width: 640px) 100vw, 640px\" title=\"\"><\/a>\n\t\t\t<\/div>\n\t\t\t\t<figcaption class='wp-caption-text gallery-caption' id='gallery-1-13723'>\n\t\t\t\tSilla de sal\u00f3n vintage\n\t\t\t\t<\/figcaption><\/figure><figure class='gallery-item'>\n\t\t\t<div class='gallery-icon landscape'>\n\t\t\t\t<a href='https:\/\/www.wellbeautysalon.com\/es\/?attachment_id=13724'><img decoding=\"async\" width=\"640\" height=\"640\" src=\"https:\/\/www.wellbeautysalon.com\/wp-content\/uploads\/2023\/08\/58007.webp\" class=\"attachment-large size-large\" alt=\"\" aria-describedby=\"gallery-1-13724\" srcset=\"https:\/\/www.wellbeautysalon.com\/wp-content\/uploads\/2023\/08\/58007.webp 640w, https:\/\/www.wellbeautysalon.com\/wp-content\/uploads\/2023\/08\/58007-100x100.webp 100w, https:\/\/www.wellbeautysalon.com\/wp-content\/uploads\/2023\/08\/58007-12x12.webp 12w, https:\/\/www.wellbeautysalon.com\/wp-content\/uploads\/2023\/08\/58007-600x600.webp 600w\" sizes=\"(max-width: 640px) 100vw, 640px\" title=\"\"><\/a>\n\t\t\t<\/div>\n\t\t\t\t<figcaption class='wp-caption-text gallery-caption' id='gallery-1-13724'>\n\t\t\t\tSilla de barbero cl\u00e1sica\n\t\t\t\t<\/figcaption><\/figure>\n\t\t<\/div>","protected":false},"excerpt":{"rendered":"<ul>\n<li>N.\u00ba de modelo: Marco de silla de sal\u00f3n cl\u00e1sico<\/li>\n<li>Tipo: Recambio muebles de peluquer\u00eda\/Recambio de accesorios<\/li>\n<li>Material: Metal, Pl\u00e1stico<\/li>\n<li>Dimensiones: 50 cm x 50 cm.<\/li>\n<li>Origen: Hecho en China<\/li>\n<\/ul>","protected":false},"featured_media":14781,"template":"","meta":{"site-sidebar-layout":"default","site-content-layout":"default","ast-global-header-display":"","ast-banner-title-visibility":"","ast-main-header-display":"","ast-hfb-above-header-display":"","ast-hfb-below-header-display":"","ast-hfb-mobile-header-display":"","site-post-title":"","ast-breadcrumbs-content":"","ast-featured-img":"","footer-sml-layout":"","theme-transparent-header-meta":"default","adv-header-id-meta":"","stick-header-meta":"default","header-above-stick-meta":"","header-main-stick-meta":"","header-below-stick-meta":""},"product_brand":[],"product_cat":[33],"product_tag":[23,53],"class_list":{"0":"post-14780","1":"product","2":"type-product","3":"status-publish","4":"has-post-thumbnail","6":"product_cat-spare-parts-of-salon-furniture","7":"product_tag-accessories","8":"product_tag-hairdressing-furniture","9":"desktop-align-center","10":"tablet-align-center","11":"mobile-align-center","12":"ast-product-gallery-layout-horizontal-slider","13":"ast-product-gallery-with-no-image","14":"ast-product-tabs-layout-horizontal","16":"first","17":"instock","18":"shipping-taxable","19":"product-type-simple"},"acf":[],"_links":{"self":[{"href":"https:\/\/www.wellbeautysalon.com\/es\/wp-json\/wp\/v2\/product\/14780","targetHints":{"allow":["GET"]}}],"collection":[{"href":"https:\/\/www.wellbeautysalon.com\/es\/wp-json\/wp\/v2\/product"}],"about":[{"href":"https:\/\/www.wellbeautysalon.com\/es\/wp-json\/wp\/v2\/types\/product"}],"wp:featuredmedia":[{"embeddable":true,"href":"https:\/\/www.wellbeautysalon.com\/es\/wp-json\/wp\/v2\/media\/14781"}],"wp:attachment":[{"href":"https:\/\/www.wellbeautysalon.com\/es\/wp-json\/wp\/v2\/media?parent=14780"}],"wp:term":[{"taxonomy":"product_brand","embeddable":true,"href":"https:\/\/www.wellbeautysalon.com\/es\/wp-json\/wp\/v2\/product_brand?post=14780"},{"taxonomy":"product_cat","embeddable":true,"href":"https:\/\/www.wellbeautysalon.com\/es\/wp-json\/wp\/v2\/product_cat?post=14780"},{"taxonomy":"product_tag","embeddable":true,"href":"https:\/\/www.wellbeautysalon.com\/es\/wp-json\/wp\/v2\/product_tag?post=14780"}],"curies":[{"name":"wp","href":"https:\/\/api.w.org\/{rel}","templated":true}]}}