{"id":14778,"date":"2024-09-24T02:51:27","date_gmt":"2024-09-24T02:51:27","guid":{"rendered":"https:\/\/www.wellbeautysalon.com\/?post_type=product&#038;p=14778"},"modified":"2024-09-24T02:51:27","modified_gmt":"2024-09-24T02:51:27","slug":"marco-de-silla-de-barbero","status":"publish","type":"product","link":"https:\/\/www.wellbeautysalon.com\/es\/producto\/marco-de-silla-de-barbero","title":{"rendered":"Marco de silla de Barbero"},"content":{"rendered":"<p>Esta estructura de silla de barbero es una de las opciones m\u00e1s populares en los \u00faltimos a\u00f1os. Cuenta con una estructura de metal moldeada integrada, que incorpora componentes de metal de alta calidad y piezas de aluminio, lo que garantiza una durabilidad y estabilidad excepcionales. El dise\u00f1o de la base y la bomba hidr\u00e1ulica permite ajustes sencillos, lo que proporciona a los usuarios un nivel de comodidad excepcional.<\/p>\n<div id='gallery-1' class='gallery galleryid-14778 gallery-columns-2 gallery-size-large'><figure class='gallery-item'>\n\t\t\t<div class='gallery-icon landscape'>\n\t\t\t\t<a href='https:\/\/www.wellbeautysalon.com\/es\/?attachment_id=13677'><img fetchpriority=\"high\" decoding=\"async\" width=\"960\" height=\"960\" src=\"https:\/\/www.wellbeautysalon.com\/wp-content\/uploads\/2023\/08\/31823.webp\" class=\"attachment-large size-large\" alt=\"\" srcset=\"https:\/\/www.wellbeautysalon.com\/wp-content\/uploads\/2023\/08\/31823.webp 960w, https:\/\/www.wellbeautysalon.com\/wp-content\/uploads\/2023\/08\/31823-100x100.webp 100w, https:\/\/www.wellbeautysalon.com\/wp-content\/uploads\/2023\/08\/31823-12x12.webp 12w, https:\/\/www.wellbeautysalon.com\/wp-content\/uploads\/2023\/08\/31823-600x600.webp 600w\" sizes=\"(max-width: 960px) 100vw, 960px\" title=\"\"><\/a>\n\t\t\t<\/div><\/figure><figure class='gallery-item'>\n\t\t\t<div class='gallery-icon landscape'>\n\t\t\t\t<a href='https:\/\/www.wellbeautysalon.com\/es\/?attachment_id=13676'><img decoding=\"async\" width=\"960\" height=\"960\" src=\"https:\/\/www.wellbeautysalon.com\/wp-content\/uploads\/2023\/08\/31823-3.webp\" class=\"attachment-large size-large\" alt=\"\" srcset=\"https:\/\/www.wellbeautysalon.com\/wp-content\/uploads\/2023\/08\/31823-3.webp 960w, https:\/\/www.wellbeautysalon.com\/wp-content\/uploads\/2023\/08\/31823-3-600x600.webp 600w\" sizes=\"(max-width: 960px) 100vw, 960px\" title=\"\"><\/a>\n\t\t\t<\/div><\/figure>\n\t\t<\/div>","protected":false},"excerpt":{"rendered":"<ul>\n<li>N.\u00ba de modelo: Marco de Silla de Sal\u00f3n<\/li>\n<li>Tipo: Recambio muebles de peluquer\u00eda\/Recambio de accesorios<\/li>\n<li>Material: Metal, Aluminio<\/li>\n<li>Dimensiones: 50 cm x 50 cm.<\/li>\n<li>Origen: Hecho en China<\/li>\n<\/ul>","protected":false},"featured_media":14779,"template":"","meta":{"site-sidebar-layout":"default","site-content-layout":"default","ast-global-header-display":"","ast-banner-title-visibility":"","ast-main-header-display":"","ast-hfb-above-header-display":"","ast-hfb-below-header-display":"","ast-hfb-mobile-header-display":"","site-post-title":"","ast-breadcrumbs-content":"","ast-featured-img":"","footer-sml-layout":"","theme-transparent-header-meta":"default","adv-header-id-meta":"","stick-header-meta":"default","header-above-stick-meta":"","header-main-stick-meta":"","header-below-stick-meta":""},"product_brand":[],"product_cat":[33],"product_tag":[23,53],"class_list":{"0":"post-14778","1":"product","2":"type-product","3":"status-publish","4":"has-post-thumbnail","6":"product_cat-spare-parts-of-salon-furniture","7":"product_tag-accessories","8":"product_tag-hairdressing-furniture","9":"desktop-align-center","10":"tablet-align-center","11":"mobile-align-center","12":"ast-product-gallery-layout-horizontal-slider","13":"ast-product-gallery-with-no-image","14":"ast-product-tabs-layout-horizontal","16":"first","17":"instock","18":"shipping-taxable","19":"product-type-simple"},"acf":[],"_links":{"self":[{"href":"https:\/\/www.wellbeautysalon.com\/es\/wp-json\/wp\/v2\/product\/14778","targetHints":{"allow":["GET"]}}],"collection":[{"href":"https:\/\/www.wellbeautysalon.com\/es\/wp-json\/wp\/v2\/product"}],"about":[{"href":"https:\/\/www.wellbeautysalon.com\/es\/wp-json\/wp\/v2\/types\/product"}],"wp:featuredmedia":[{"embeddable":true,"href":"https:\/\/www.wellbeautysalon.com\/es\/wp-json\/wp\/v2\/media\/14779"}],"wp:attachment":[{"href":"https:\/\/www.wellbeautysalon.com\/es\/wp-json\/wp\/v2\/media?parent=14778"}],"wp:term":[{"taxonomy":"product_brand","embeddable":true,"href":"https:\/\/www.wellbeautysalon.com\/es\/wp-json\/wp\/v2\/product_brand?post=14778"},{"taxonomy":"product_cat","embeddable":true,"href":"https:\/\/www.wellbeautysalon.com\/es\/wp-json\/wp\/v2\/product_cat?post=14778"},{"taxonomy":"product_tag","embeddable":true,"href":"https:\/\/www.wellbeautysalon.com\/es\/wp-json\/wp\/v2\/product_tag?post=14778"}],"curies":[{"name":"wp","href":"https:\/\/api.w.org\/{rel}","templated":true}]}}