{"id":14776,"date":"2024-09-24T02:33:34","date_gmt":"2024-09-24T02:33:34","guid":{"rendered":"https:\/\/www.wellbeautysalon.com\/?post_type=product&#038;p=14776"},"modified":"2024-09-24T02:33:34","modified_gmt":"2024-09-24T02:33:34","slug":"reposapies-de-aluminio-para-silla-de-peluqueria","status":"publish","type":"product","link":"https:\/\/www.wellbeautysalon.com\/es\/producto\/reposapies-de-aluminio-para-silla-de-peluqueria","title":{"rendered":"Reposapi\u00e9s de Aluminio para Silla de Peluquer\u00eda"},"content":{"rendered":"<p>Reposapi\u00e9s de aluminio, com\u00fanmente utilizado en sillas de barber\u00eda vintage de sal\u00f3n. Su dise\u00f1o no solo es est\u00e9ticamente agradable, sino tambi\u00e9n resistente y econ\u00f3mico, lo que lo hace adecuado para varias sillas de barber\u00eda. Estos reposapi\u00e9s brindan un buen soporte y mejoran la comodidad del cliente.<\/p>\n<div id='gallery-1' class='gallery galleryid-14776 gallery-columns-2 gallery-size-large'><figure class='gallery-item'>\n\t\t\t<div class='gallery-icon landscape'>\n\t\t\t\t<a href='https:\/\/www.wellbeautysalon.com\/es\/fabricante-lider-de-muebles-y-accesorios-de-peluqueria-en-china\/attachment\/show-room-2'><img fetchpriority=\"high\" decoding=\"async\" width=\"1024\" height=\"768\" src=\"https:\/\/www.wellbeautysalon.com\/wp-content\/uploads\/2024\/06\/show-room-scaled.jpg\" class=\"attachment-large size-large\" alt=\"\" aria-describedby=\"gallery-1-14269\" title=\"\"><\/a>\n\t\t\t<\/div>\n\t\t\t\t<figcaption class='wp-caption-text gallery-caption' id='gallery-1-14269'>\n\t\t\t\tMuebles de Peluquer\u00eda\n\t\t\t\t<\/figcaption><\/figure><figure class='gallery-item'>\n\t\t\t<div class='gallery-icon landscape'>\n\t\t\t\t<a href='https:\/\/www.wellbeautysalon.com\/es\/?attachment_id=14048'><img decoding=\"async\" width=\"1024\" height=\"768\" src=\"https:\/\/www.wellbeautysalon.com\/wp-content\/uploads\/2023\/09\/chair-3-scaled.jpg\" class=\"attachment-large size-large\" alt=\"\" aria-describedby=\"gallery-1-14048\" srcset=\"https:\/\/www.wellbeautysalon.com\/wp-content\/uploads\/2023\/09\/chair-3-scaled.jpg 2560w, https:\/\/www.wellbeautysalon.com\/wp-content\/uploads\/2023\/09\/chair-3-16x12.jpg 16w\" sizes=\"(max-width: 1024px) 100vw, 1024px\" title=\"\"><\/a>\n\t\t\t<\/div>\n\t\t\t\t<figcaption class='wp-caption-text gallery-caption' id='gallery-1-14048'>\n\t\t\t\tFabricante de sillas de sal\u00f3n de primera calidad\n\t\t\t\t<\/figcaption><\/figure>\n\t\t<\/div>","protected":false},"excerpt":{"rendered":"<ul>\n<li>N.\u00ba de modelo: Reposapi\u00e9s de Aluminio para Silla de Sal\u00f3n<\/li>\n<li>Tipo: Recambio muebles de peluquer\u00eda\/Recambio de accesorios<\/li>\n<li>Repuesto Material: Aluminio<\/li>\n<li>Dimensiones: 38 cm x 40 cm<\/li>\n<li>Origen: Hecho en China<\/li>\n<\/ul>","protected":false},"featured_media":14777,"template":"","meta":{"site-sidebar-layout":"default","site-content-layout":"default","ast-global-header-display":"","ast-banner-title-visibility":"","ast-main-header-display":"","ast-hfb-above-header-display":"","ast-hfb-below-header-display":"","ast-hfb-mobile-header-display":"","site-post-title":"","ast-breadcrumbs-content":"","ast-featured-img":"","footer-sml-layout":"","theme-transparent-header-meta":"default","adv-header-id-meta":"","stick-header-meta":"default","header-above-stick-meta":"","header-main-stick-meta":"","header-below-stick-meta":""},"product_brand":[],"product_cat":[33],"product_tag":[23,53],"class_list":{"0":"post-14776","1":"product","2":"type-product","3":"status-publish","4":"has-post-thumbnail","6":"product_cat-spare-parts-of-salon-furniture","7":"product_tag-accessories","8":"product_tag-hairdressing-furniture","9":"desktop-align-center","10":"tablet-align-center","11":"mobile-align-center","12":"ast-product-gallery-layout-horizontal-slider","13":"ast-product-gallery-with-no-image","14":"ast-product-tabs-layout-horizontal","16":"first","17":"instock","18":"shipping-taxable","19":"product-type-simple"},"acf":[],"_links":{"self":[{"href":"https:\/\/www.wellbeautysalon.com\/es\/wp-json\/wp\/v2\/product\/14776","targetHints":{"allow":["GET"]}}],"collection":[{"href":"https:\/\/www.wellbeautysalon.com\/es\/wp-json\/wp\/v2\/product"}],"about":[{"href":"https:\/\/www.wellbeautysalon.com\/es\/wp-json\/wp\/v2\/types\/product"}],"wp:featuredmedia":[{"embeddable":true,"href":"https:\/\/www.wellbeautysalon.com\/es\/wp-json\/wp\/v2\/media\/14777"}],"wp:attachment":[{"href":"https:\/\/www.wellbeautysalon.com\/es\/wp-json\/wp\/v2\/media?parent=14776"}],"wp:term":[{"taxonomy":"product_brand","embeddable":true,"href":"https:\/\/www.wellbeautysalon.com\/es\/wp-json\/wp\/v2\/product_brand?post=14776"},{"taxonomy":"product_cat","embeddable":true,"href":"https:\/\/www.wellbeautysalon.com\/es\/wp-json\/wp\/v2\/product_cat?post=14776"},{"taxonomy":"product_tag","embeddable":true,"href":"https:\/\/www.wellbeautysalon.com\/es\/wp-json\/wp\/v2\/product_tag?post=14776"}],"curies":[{"name":"wp","href":"https:\/\/api.w.org\/{rel}","templated":true}]}}