{"id":14617,"date":"2024-06-27T09:02:27","date_gmt":"2024-06-27T09:02:27","guid":{"rendered":"https:\/\/www.wellbeautysalon.com\/?post_type=product&#038;p=14617"},"modified":"2024-06-27T09:02:27","modified_gmt":"2024-06-27T09:02:27","slug":"placa-de-conexion-de-bomba-hidraulica","status":"publish","type":"product","link":"https:\/\/www.wellbeautysalon.com\/es\/producto\/placa-de-conexion-de-bomba-hidraulica","title":{"rendered":"Placa de Conexi\u00f3n de la Bomba Hidr\u00e1ulica"},"content":{"rendered":"<p>Se trata de un conector dise\u00f1ado para unir el sill\u00f3n de peluquero con la bomba hidr\u00e1ulica. Mide 10 cm por 10 cm y est\u00e1 construido con materiales espesados \u200b\u200bpara mayor durabilidad y estabilidad. Este conector robusto garantiza una conexi\u00f3n segura y confiable entre el sill\u00f3n y la bomba, permitiendo ajustes de altura suaves y eficientes.<\/p>\n<div id='gallery-1' class='gallery galleryid-14617 gallery-columns-3 gallery-size-medium'><figure class='gallery-item'>\n\t\t\t<div class='gallery-icon landscape'>\n\t\t\t\t<a href='https:\/\/www.wellbeautysalon.com\/es\/?attachment_id=14621'><img fetchpriority=\"high\" decoding=\"async\" width=\"300\" height=\"209\" src=\"https:\/\/www.wellbeautysalon.com\/wp-content\/uploads\/2024\/06\/salon-pump-1.jpg\" class=\"attachment-medium size-medium\" alt=\"\" srcset=\"https:\/\/www.wellbeautysalon.com\/wp-content\/uploads\/2024\/06\/salon-pump-1.jpg 2336w, https:\/\/www.wellbeautysalon.com\/wp-content\/uploads\/2024\/06\/salon-pump-1-18x12.jpg 18w\" sizes=\"(max-width: 300px) 100vw, 300px\" title=\"\"><\/a>\n\t\t\t<\/div><\/figure><figure class='gallery-item'>\n\t\t\t<div class='gallery-icon landscape'>\n\t\t\t\t<a href='https:\/\/www.wellbeautysalon.com\/es\/?attachment_id=14216'><img decoding=\"async\" width=\"300\" height=\"226\" src=\"https:\/\/www.wellbeautysalon.com\/wp-content\/uploads\/2021\/01\/hydraulic-pump-package-2-1.jpg\" class=\"attachment-medium size-medium\" alt=\"\" srcset=\"https:\/\/www.wellbeautysalon.com\/wp-content\/uploads\/2021\/01\/hydraulic-pump-package-2-1.jpg 719w, https:\/\/www.wellbeautysalon.com\/wp-content\/uploads\/2021\/01\/hydraulic-pump-package-2-1-16x12.jpg 16w\" sizes=\"(max-width: 300px) 100vw, 300px\" title=\"\"><\/a>\n\t\t\t<\/div><\/figure><figure class='gallery-item'>\n\t\t\t<div class='gallery-icon landscape'>\n\t\t\t\t<a href='https:\/\/www.wellbeautysalon.com\/es\/?attachment_id=14215'><img decoding=\"async\" width=\"300\" height=\"225\" src=\"https:\/\/www.wellbeautysalon.com\/wp-content\/uploads\/2021\/01\/hydraulic-pump-package-1-1-rotated.jpg\" class=\"attachment-medium size-medium\" alt=\"\" srcset=\"https:\/\/www.wellbeautysalon.com\/wp-content\/uploads\/2021\/01\/hydraulic-pump-package-1-1-rotated.jpg 905w, https:\/\/www.wellbeautysalon.com\/wp-content\/uploads\/2021\/01\/hydraulic-pump-package-1-1-16x12.jpg 16w\" sizes=\"(max-width: 300px) 100vw, 300px\" title=\"\"><\/a>\n\t\t\t<\/div><\/figure><figure class='gallery-item'>\n\t\t\t<div class='gallery-icon landscape'>\n\t\t\t\t<a href='https:\/\/www.wellbeautysalon.com\/es\/?attachment_id=14211'><img loading=\"lazy\" decoding=\"async\" width=\"300\" height=\"225\" src=\"https:\/\/www.wellbeautysalon.com\/wp-content\/uploads\/2021\/01\/barber-chair-base-1-scaled.jpg\" class=\"attachment-medium size-medium\" alt=\"\" srcset=\"https:\/\/www.wellbeautysalon.com\/wp-content\/uploads\/2021\/01\/barber-chair-base-1-scaled.jpg 2560w, https:\/\/www.wellbeautysalon.com\/wp-content\/uploads\/2021\/01\/barber-chair-base-1-16x12.jpg 16w\" sizes=\"(max-width: 300px) 100vw, 300px\" title=\"\"><\/a>\n\t\t\t<\/div><\/figure><figure class='gallery-item'>\n\t\t\t<div class='gallery-icon landscape'>\n\t\t\t\t<a href='https:\/\/www.wellbeautysalon.com\/es\/?attachment_id=14218'><img loading=\"lazy\" decoding=\"async\" width=\"300\" height=\"225\" src=\"https:\/\/www.wellbeautysalon.com\/wp-content\/uploads\/2021\/01\/salon-chair-square-base-1.jpg\" class=\"attachment-medium size-medium\" alt=\"\" srcset=\"https:\/\/www.wellbeautysalon.com\/wp-content\/uploads\/2021\/01\/salon-chair-square-base-1.jpg 1334w, https:\/\/www.wellbeautysalon.com\/wp-content\/uploads\/2021\/01\/salon-chair-square-base-1-16x12.jpg 16w\" sizes=\"(max-width: 300px) 100vw, 300px\" title=\"\"><\/a>\n\t\t\t<\/div><\/figure><figure class='gallery-item'>\n\t\t\t<div class='gallery-icon landscape'>\n\t\t\t\t<a href='https:\/\/www.wellbeautysalon.com\/es\/?attachment_id=14217'><img loading=\"lazy\" decoding=\"async\" width=\"300\" height=\"225\" src=\"https:\/\/www.wellbeautysalon.com\/wp-content\/uploads\/2021\/01\/salon-chair-round-base-1.jpg\" class=\"attachment-medium size-medium\" alt=\"\" srcset=\"https:\/\/www.wellbeautysalon.com\/wp-content\/uploads\/2021\/01\/salon-chair-round-base-1.jpg 1334w, https:\/\/www.wellbeautysalon.com\/wp-content\/uploads\/2021\/01\/salon-chair-round-base-1-16x12.jpg 16w\" sizes=\"(max-width: 300px) 100vw, 300px\" title=\"\"><\/a>\n\t\t\t<\/div><\/figure>\n\t\t<\/div>","protected":false},"excerpt":{"rendered":"<ul>\n<li>N\u00famero de modelo: Placa de conexi\u00f3n<\/li>\n<li>Tipo: Recambio muebles de peluquer\u00eda\/Recambio de accesorios<\/li>\n<li>Material: Placa de pintura<\/li>\n<li>Dimensi\u00f3n: 10 cm * 10 cm<\/li>\n<li>Origen: Hecho en China<\/li>\n<\/ul>","protected":false},"featured_media":14618,"template":"","meta":{"site-sidebar-layout":"default","site-content-layout":"default","ast-global-header-display":"","ast-banner-title-visibility":"","ast-main-header-display":"","ast-hfb-above-header-display":"","ast-hfb-below-header-display":"","ast-hfb-mobile-header-display":"","site-post-title":"","ast-breadcrumbs-content":"","ast-featured-img":"","footer-sml-layout":"","theme-transparent-header-meta":"default","adv-header-id-meta":"","stick-header-meta":"default","header-above-stick-meta":"","header-main-stick-meta":"","header-below-stick-meta":""},"product_brand":[],"product_cat":[48],"product_tag":[23],"class_list":{"0":"post-14617","1":"product","2":"type-product","3":"status-publish","4":"has-post-thumbnail","6":"product_cat-hydraulic-lift-pump","7":"product_tag-accessories","8":"desktop-align-center","9":"tablet-align-center","10":"mobile-align-center","11":"ast-product-gallery-layout-horizontal-slider","12":"ast-product-tabs-layout-horizontal","14":"first","15":"instock","16":"shipping-taxable","17":"product-type-simple"},"acf":[],"_links":{"self":[{"href":"https:\/\/www.wellbeautysalon.com\/es\/wp-json\/wp\/v2\/product\/14617","targetHints":{"allow":["GET"]}}],"collection":[{"href":"https:\/\/www.wellbeautysalon.com\/es\/wp-json\/wp\/v2\/product"}],"about":[{"href":"https:\/\/www.wellbeautysalon.com\/es\/wp-json\/wp\/v2\/types\/product"}],"wp:featuredmedia":[{"embeddable":true,"href":"https:\/\/www.wellbeautysalon.com\/es\/wp-json\/wp\/v2\/media\/14618"}],"wp:attachment":[{"href":"https:\/\/www.wellbeautysalon.com\/es\/wp-json\/wp\/v2\/media?parent=14617"}],"wp:term":[{"taxonomy":"product_brand","embeddable":true,"href":"https:\/\/www.wellbeautysalon.com\/es\/wp-json\/wp\/v2\/product_brand?post=14617"},{"taxonomy":"product_cat","embeddable":true,"href":"https:\/\/www.wellbeautysalon.com\/es\/wp-json\/wp\/v2\/product_cat?post=14617"},{"taxonomy":"product_tag","embeddable":true,"href":"https:\/\/www.wellbeautysalon.com\/es\/wp-json\/wp\/v2\/product_tag?post=14617"}],"curies":[{"name":"wp","href":"https:\/\/api.w.org\/{rel}","templated":true}]}}