{"id":14612,"date":"2024-06-27T08:05:42","date_gmt":"2024-06-27T08:05:42","guid":{"rendered":"https:\/\/www.wellbeautysalon.com\/?post_type=product&#038;p=14612"},"modified":"2024-07-08T01:34:42","modified_gmt":"2024-07-08T01:34:42","slug":"silla-de-belleza-con-bomba-de-elevacion-hidraulica-de-fondo-plano-db04","status":"publish","type":"product","link":"https:\/\/www.wellbeautysalon.com\/es\/producto\/silla-de-belleza-con-bomba-de-elevacion-hidraulica-de-fondo-plano-db04","title":{"rendered":"Silla de Belleza con Bomba de Elevaci\u00f3n Hidr\u00e1ulica de Fondo Plano DB04"},"content":{"rendered":"<ul>\n<li>N\u00famero de Modelo: DB04<\/li>\n<li>Color: oro\/negro<\/li>\n<li>Tipo: Silla de peluquer\u00eda Bomba de elevaci\u00f3n hidr\u00e1ulica\/Reemplazo de accesorios<\/li>\n<li>Altura: 335 mm<\/li>\n<li>Carrera de la Bomba: 165 mm<\/li>\n<li>Carga: 200 kg<\/li>\n<li>Material: Hierro Fundido<\/li>\n<li>Paso (distancia entre agujeros): 60mm<\/li>\n<li>Tornillo: M8<\/li>\n<li>Tama\u00f1o del paquete: 4pcs\/cart\u00f3n<\/li>\n<li>Garant\u00eda: Garant\u00eda de 3 a\u00f1o<\/li>\n<li>Origen: Hecho en China<div id='gallery-1' class='gallery galleryid-14612 gallery-columns-3 gallery-size-medium'><figure class='gallery-item'>\n\t\t\t<div class='gallery-icon landscape'>\n\t\t\t\t<a href='https:\/\/www.wellbeautysalon.com\/es\/?attachment_id=14621'><img fetchpriority=\"high\" decoding=\"async\" width=\"300\" height=\"209\" src=\"https:\/\/www.wellbeautysalon.com\/wp-content\/uploads\/2024\/06\/salon-pump-1.jpg\" class=\"attachment-medium size-medium\" alt=\"\" srcset=\"https:\/\/www.wellbeautysalon.com\/wp-content\/uploads\/2024\/06\/salon-pump-1.jpg 2336w, https:\/\/www.wellbeautysalon.com\/wp-content\/uploads\/2024\/06\/salon-pump-1-18x12.jpg 18w\" sizes=\"(max-width: 300px) 100vw, 300px\" title=\"\"><\/a>\n\t\t\t<\/div><\/figure><figure class='gallery-item'>\n\t\t\t<div class='gallery-icon landscape'>\n\t\t\t\t<a href='https:\/\/www.wellbeautysalon.com\/es\/?attachment_id=14215'><img decoding=\"async\" width=\"300\" height=\"225\" src=\"https:\/\/www.wellbeautysalon.com\/wp-content\/uploads\/2021\/01\/hydraulic-pump-package-1-1-rotated.jpg\" class=\"attachment-medium size-medium\" alt=\"\" srcset=\"https:\/\/www.wellbeautysalon.com\/wp-content\/uploads\/2021\/01\/hydraulic-pump-package-1-1-rotated.jpg 905w, https:\/\/www.wellbeautysalon.com\/wp-content\/uploads\/2021\/01\/hydraulic-pump-package-1-1-16x12.jpg 16w\" sizes=\"(max-width: 300px) 100vw, 300px\" title=\"\"><\/a>\n\t\t\t<\/div><\/figure><figure class='gallery-item'>\n\t\t\t<div class='gallery-icon landscape'>\n\t\t\t\t<a href='https:\/\/www.wellbeautysalon.com\/es\/?attachment_id=14216'><img decoding=\"async\" width=\"300\" height=\"226\" src=\"https:\/\/www.wellbeautysalon.com\/wp-content\/uploads\/2021\/01\/hydraulic-pump-package-2-1.jpg\" class=\"attachment-medium size-medium\" alt=\"\" srcset=\"https:\/\/www.wellbeautysalon.com\/wp-content\/uploads\/2021\/01\/hydraulic-pump-package-2-1.jpg 719w, https:\/\/www.wellbeautysalon.com\/wp-content\/uploads\/2021\/01\/hydraulic-pump-package-2-1-16x12.jpg 16w\" sizes=\"(max-width: 300px) 100vw, 300px\" title=\"\"><\/a>\n\t\t\t<\/div><\/figure><figure class='gallery-item'>\n\t\t\t<div class='gallery-icon landscape'>\n\t\t\t\t<a href='https:\/\/www.wellbeautysalon.com\/es\/?attachment_id=14214'><img loading=\"lazy\" decoding=\"async\" width=\"300\" height=\"225\" src=\"https:\/\/www.wellbeautysalon.com\/wp-content\/uploads\/2021\/01\/barber-chair-base-1-1-scaled.jpg\" class=\"attachment-medium size-medium\" alt=\"\" srcset=\"https:\/\/www.wellbeautysalon.com\/wp-content\/uploads\/2021\/01\/barber-chair-base-1-1-scaled.jpg 2560w, https:\/\/www.wellbeautysalon.com\/wp-content\/uploads\/2021\/01\/barber-chair-base-1-1-16x12.jpg 16w\" sizes=\"(max-width: 300px) 100vw, 300px\" title=\"\"><\/a>\n\t\t\t<\/div><\/figure><figure class='gallery-item'>\n\t\t\t<div class='gallery-icon landscape'>\n\t\t\t\t<a href='https:\/\/www.wellbeautysalon.com\/es\/?attachment_id=14209'><img loading=\"lazy\" decoding=\"async\" width=\"300\" height=\"225\" src=\"https:\/\/www.wellbeautysalon.com\/wp-content\/uploads\/2021\/01\/salon-chair-square-base.jpg\" class=\"attachment-medium size-medium\" alt=\"\" srcset=\"https:\/\/www.wellbeautysalon.com\/wp-content\/uploads\/2021\/01\/salon-chair-square-base.jpg 1334w, https:\/\/www.wellbeautysalon.com\/wp-content\/uploads\/2021\/01\/salon-chair-square-base-16x12.jpg 16w\" sizes=\"(max-width: 300px) 100vw, 300px\" title=\"\"><\/a>\n\t\t\t<\/div><\/figure><figure class='gallery-item'>\n\t\t\t<div class='gallery-icon landscape'>\n\t\t\t\t<a href='https:\/\/www.wellbeautysalon.com\/es\/?attachment_id=14208'><img loading=\"lazy\" decoding=\"async\" width=\"300\" height=\"225\" src=\"https:\/\/www.wellbeautysalon.com\/wp-content\/uploads\/2021\/01\/salon-chair-round-base.jpg\" class=\"attachment-medium size-medium\" alt=\"\" srcset=\"https:\/\/www.wellbeautysalon.com\/wp-content\/uploads\/2021\/01\/salon-chair-round-base.jpg 1334w, https:\/\/www.wellbeautysalon.com\/wp-content\/uploads\/2021\/01\/salon-chair-round-base-16x12.jpg 16w\" sizes=\"(max-width: 300px) 100vw, 300px\" title=\"\"><\/a>\n\t\t\t<\/div><\/figure>\n\t\t<\/div>\n<\/li>\n<\/ul>","protected":false},"excerpt":{"rendered":"<p>El modelo DB04 es el coraz\u00f3n del mobiliario de sal\u00f3n premium, dise\u00f1ado para garantizar un ajuste de altura suave y sin esfuerzo en sillas de estilismo y sillones reclinables. Se trata de una bomba hidr\u00e1ulica de base plana (fondo plano), perfectamente compatible con bases de acero inoxidable tanto cuadradas como redondas.\n\nDise\u00f1ado para ofrecer una durabilidad y estabilidad inigualables, este mecanismo de elevaci\u00f3n de uso intensivo es el est\u00e1ndar exigido por las sillas de peluquer\u00eda de alta gama y lujo. Fabricado bajo los m\u00e1s estrictos controles de calidad en China, el modelo DB04 asegura el rendimiento perfecto y silencioso que los profesionales buscan para brindar una experiencia VIP en sus salones.<\/p>","protected":false},"featured_media":14613,"template":"","meta":{"site-sidebar-layout":"default","site-content-layout":"default","ast-global-header-display":"","ast-banner-title-visibility":"","ast-main-header-display":"","ast-hfb-above-header-display":"","ast-hfb-below-header-display":"","ast-hfb-mobile-header-display":"","site-post-title":"","ast-breadcrumbs-content":"","ast-featured-img":"","footer-sml-layout":"","theme-transparent-header-meta":"default","adv-header-id-meta":"","stick-header-meta":"default","header-above-stick-meta":"","header-main-stick-meta":"","header-below-stick-meta":""},"product_brand":[],"product_cat":[48],"product_tag":[23,85],"class_list":{"0":"post-14612","1":"product","2":"type-product","3":"status-publish","4":"has-post-thumbnail","6":"product_cat-hydraulic-lift-pump","7":"product_tag-accessories","8":"product_tag-salon-hydraulic-pump","9":"desktop-align-center","10":"tablet-align-center","11":"mobile-align-center","12":"ast-product-gallery-layout-horizontal-slider","13":"ast-product-tabs-layout-horizontal","15":"first","16":"instock","17":"shipping-taxable","18":"product-type-simple"},"acf":[],"_links":{"self":[{"href":"https:\/\/www.wellbeautysalon.com\/es\/wp-json\/wp\/v2\/product\/14612","targetHints":{"allow":["GET"]}}],"collection":[{"href":"https:\/\/www.wellbeautysalon.com\/es\/wp-json\/wp\/v2\/product"}],"about":[{"href":"https:\/\/www.wellbeautysalon.com\/es\/wp-json\/wp\/v2\/types\/product"}],"wp:featuredmedia":[{"embeddable":true,"href":"https:\/\/www.wellbeautysalon.com\/es\/wp-json\/wp\/v2\/media\/14613"}],"wp:attachment":[{"href":"https:\/\/www.wellbeautysalon.com\/es\/wp-json\/wp\/v2\/media?parent=14612"}],"wp:term":[{"taxonomy":"product_brand","embeddable":true,"href":"https:\/\/www.wellbeautysalon.com\/es\/wp-json\/wp\/v2\/product_brand?post=14612"},{"taxonomy":"product_cat","embeddable":true,"href":"https:\/\/www.wellbeautysalon.com\/es\/wp-json\/wp\/v2\/product_cat?post=14612"},{"taxonomy":"product_tag","embeddable":true,"href":"https:\/\/www.wellbeautysalon.com\/es\/wp-json\/wp\/v2\/product_tag?post=14612"}],"curies":[{"name":"wp","href":"https:\/\/api.w.org\/{rel}","templated":true}]}}