{"id":13952,"date":"2023-09-02T07:35:06","date_gmt":"2023-09-02T07:35:06","guid":{"rendered":"https:\/\/www.wellbeautysalon.com\/?post_type=product&#038;p=13952"},"modified":"2024-06-27T09:10:23","modified_gmt":"2024-06-27T09:10:23","slug":"accesorios-db14","status":"publish","type":"product","link":"https:\/\/www.wellbeautysalon.com\/es\/producto\/accesorios-db14","title":{"rendered":"Bomba Hidr\u00e1ulica para Sill\u00f3n de Sal\u00f3n de Belleza DB14"},"content":{"rendered":"<ul>\n<li>Model No.: DB14<\/li>\n<li>Color: oro\/negro<\/li>\n<li>Tipo: Mueble de peluquer\u00eda Base\/Recambio de accesorios<\/li>\n<li>Altura: 307mm<\/li>\n<li>Carrera:145mm<\/li>\n<li>Carga: 200 kg<\/li>\n<li>Material: hierro fundido, cubierta cromada<\/li>\n<li>Tama\u00f1o del paquete: 4pcs\/cart\u00f3n<\/li>\n<li>Garant\u00eda: garant\u00eda de 2 a\u00f1os<\/li>\n<\/ul>\n<div id='gallery-1' class='gallery galleryid-13952 gallery-columns-3 gallery-size-medium'><figure class='gallery-item'>\n\t\t\t<div class='gallery-icon landscape'>\n\t\t\t\t<a href='https:\/\/www.wellbeautysalon.com\/es\/?attachment_id=14621'><img fetchpriority=\"high\" decoding=\"async\" width=\"300\" height=\"209\" src=\"https:\/\/www.wellbeautysalon.com\/wp-content\/uploads\/2024\/06\/salon-pump-1.jpg\" class=\"attachment-medium size-medium\" alt=\"\" srcset=\"https:\/\/www.wellbeautysalon.com\/wp-content\/uploads\/2024\/06\/salon-pump-1.jpg 2336w, https:\/\/www.wellbeautysalon.com\/wp-content\/uploads\/2024\/06\/salon-pump-1-18x12.jpg 18w\" sizes=\"(max-width: 300px) 100vw, 300px\" title=\"\"><\/a>\n\t\t\t<\/div><\/figure><figure class='gallery-item'>\n\t\t\t<div class='gallery-icon landscape'>\n\t\t\t\t<a href='https:\/\/www.wellbeautysalon.com\/es\/?attachment_id=14215'><img decoding=\"async\" width=\"300\" height=\"225\" src=\"https:\/\/www.wellbeautysalon.com\/wp-content\/uploads\/2021\/01\/hydraulic-pump-package-1-1-rotated.jpg\" class=\"attachment-medium size-medium\" alt=\"\" srcset=\"https:\/\/www.wellbeautysalon.com\/wp-content\/uploads\/2021\/01\/hydraulic-pump-package-1-1-rotated.jpg 905w, https:\/\/www.wellbeautysalon.com\/wp-content\/uploads\/2021\/01\/hydraulic-pump-package-1-1-16x12.jpg 16w\" sizes=\"(max-width: 300px) 100vw, 300px\" title=\"\"><\/a>\n\t\t\t<\/div><\/figure><figure class='gallery-item'>\n\t\t\t<div class='gallery-icon landscape'>\n\t\t\t\t<a href='https:\/\/www.wellbeautysalon.com\/es\/?attachment_id=14216'><img decoding=\"async\" width=\"300\" height=\"226\" src=\"https:\/\/www.wellbeautysalon.com\/wp-content\/uploads\/2021\/01\/hydraulic-pump-package-2-1.jpg\" class=\"attachment-medium size-medium\" alt=\"\" srcset=\"https:\/\/www.wellbeautysalon.com\/wp-content\/uploads\/2021\/01\/hydraulic-pump-package-2-1.jpg 719w, https:\/\/www.wellbeautysalon.com\/wp-content\/uploads\/2021\/01\/hydraulic-pump-package-2-1-16x12.jpg 16w\" sizes=\"(max-width: 300px) 100vw, 300px\" title=\"\"><\/a>\n\t\t\t<\/div><\/figure><figure class='gallery-item'>\n\t\t\t<div class='gallery-icon landscape'>\n\t\t\t\t<a href='https:\/\/www.wellbeautysalon.com\/es\/?attachment_id=14214'><img loading=\"lazy\" decoding=\"async\" width=\"300\" height=\"225\" src=\"https:\/\/www.wellbeautysalon.com\/wp-content\/uploads\/2021\/01\/barber-chair-base-1-1-scaled.jpg\" class=\"attachment-medium size-medium\" alt=\"\" srcset=\"https:\/\/www.wellbeautysalon.com\/wp-content\/uploads\/2021\/01\/barber-chair-base-1-1-scaled.jpg 2560w, https:\/\/www.wellbeautysalon.com\/wp-content\/uploads\/2021\/01\/barber-chair-base-1-1-16x12.jpg 16w\" sizes=\"(max-width: 300px) 100vw, 300px\" title=\"\"><\/a>\n\t\t\t<\/div><\/figure><figure class='gallery-item'>\n\t\t\t<div class='gallery-icon landscape'>\n\t\t\t\t<a href='https:\/\/www.wellbeautysalon.com\/es\/?attachment_id=14218'><img loading=\"lazy\" decoding=\"async\" width=\"300\" height=\"225\" src=\"https:\/\/www.wellbeautysalon.com\/wp-content\/uploads\/2021\/01\/salon-chair-square-base-1.jpg\" class=\"attachment-medium size-medium\" alt=\"\" srcset=\"https:\/\/www.wellbeautysalon.com\/wp-content\/uploads\/2021\/01\/salon-chair-square-base-1.jpg 1334w, https:\/\/www.wellbeautysalon.com\/wp-content\/uploads\/2021\/01\/salon-chair-square-base-1-16x12.jpg 16w\" sizes=\"(max-width: 300px) 100vw, 300px\" title=\"\"><\/a>\n\t\t\t<\/div><\/figure><figure class='gallery-item'>\n\t\t\t<div class='gallery-icon landscape'>\n\t\t\t\t<a href='https:\/\/www.wellbeautysalon.com\/es\/?attachment_id=14217'><img loading=\"lazy\" decoding=\"async\" width=\"300\" height=\"225\" src=\"https:\/\/www.wellbeautysalon.com\/wp-content\/uploads\/2021\/01\/salon-chair-round-base-1.jpg\" class=\"attachment-medium size-medium\" alt=\"\" srcset=\"https:\/\/www.wellbeautysalon.com\/wp-content\/uploads\/2021\/01\/salon-chair-round-base-1.jpg 1334w, https:\/\/www.wellbeautysalon.com\/wp-content\/uploads\/2021\/01\/salon-chair-round-base-1-16x12.jpg 16w\" sizes=\"(max-width: 300px) 100vw, 300px\" title=\"\"><\/a>\n\t\t\t<\/div><\/figure>\n\t\t<\/div>","protected":false},"excerpt":{"rendered":"<p>Esta es la pieza de repuesto importante de los muebles de peluquer\u00eda y se utiliza principalmente en sillas de peluquer\u00eda y sillas reclinables. La calidad duradera y las bases estables son una configuraci\u00f3n est\u00e1ndar de un sill\u00f3n de pelo de lujo de alta gama.<\/p>","protected":false},"featured_media":13953,"template":"","meta":{"site-sidebar-layout":"default","site-content-layout":"default","ast-global-header-display":"","ast-banner-title-visibility":"","ast-main-header-display":"","ast-hfb-above-header-display":"","ast-hfb-below-header-display":"","ast-hfb-mobile-header-display":"","site-post-title":"","ast-breadcrumbs-content":"","ast-featured-img":"","footer-sml-layout":"","theme-transparent-header-meta":"default","adv-header-id-meta":"","stick-header-meta":"default","header-above-stick-meta":"","header-main-stick-meta":"","header-below-stick-meta":""},"product_brand":[],"product_cat":[48],"product_tag":[23],"class_list":{"0":"post-13952","1":"product","2":"type-product","3":"status-publish","4":"has-post-thumbnail","6":"product_cat-hydraulic-lift-pump","7":"product_tag-accessories","8":"desktop-align-center","9":"tablet-align-center","10":"mobile-align-center","11":"ast-product-gallery-layout-horizontal-slider","12":"ast-product-gallery-with-no-image","13":"ast-product-tabs-layout-horizontal","15":"first","16":"instock","17":"shipping-taxable","18":"product-type-simple"},"acf":[],"_links":{"self":[{"href":"https:\/\/www.wellbeautysalon.com\/es\/wp-json\/wp\/v2\/product\/13952","targetHints":{"allow":["GET"]}}],"collection":[{"href":"https:\/\/www.wellbeautysalon.com\/es\/wp-json\/wp\/v2\/product"}],"about":[{"href":"https:\/\/www.wellbeautysalon.com\/es\/wp-json\/wp\/v2\/types\/product"}],"wp:featuredmedia":[{"embeddable":true,"href":"https:\/\/www.wellbeautysalon.com\/es\/wp-json\/wp\/v2\/media\/13953"}],"wp:attachment":[{"href":"https:\/\/www.wellbeautysalon.com\/es\/wp-json\/wp\/v2\/media?parent=13952"}],"wp:term":[{"taxonomy":"product_brand","embeddable":true,"href":"https:\/\/www.wellbeautysalon.com\/es\/wp-json\/wp\/v2\/product_brand?post=13952"},{"taxonomy":"product_cat","embeddable":true,"href":"https:\/\/www.wellbeautysalon.com\/es\/wp-json\/wp\/v2\/product_cat?post=13952"},{"taxonomy":"product_tag","embeddable":true,"href":"https:\/\/www.wellbeautysalon.com\/es\/wp-json\/wp\/v2\/product_tag?post=13952"}],"curies":[{"name":"wp","href":"https:\/\/api.w.org\/{rel}","templated":true}]}}