{"id":13936,"date":"2023-08-29T09:05:24","date_gmt":"2023-08-29T09:05:24","guid":{"rendered":"https:\/\/www.wellbeautysalon.com\/?post_type=product&#038;p=13936"},"modified":"2024-06-03T07:55:52","modified_gmt":"2024-06-03T07:55:52","slug":"accesorios-para-silla-de-champu-e01","status":"publish","type":"product","link":"https:\/\/www.wellbeautysalon.com\/es\/producto\/accesorios-para-silla-de-champu-e01","title":{"rendered":"Mecanismo de Inclinaci\u00f3n para Cuenco de Champ\u00fa E01"},"content":{"rendered":"<ul>\n<li>Model No.: E01<\/li>\n<li>Tipo: mecanismo de inclinaci\u00f3n del taz\u00f3n de champ\u00fa<\/li>\n<li>Material: acero<\/li>\n<\/ul>","protected":false},"excerpt":{"rendered":"<p>El mecanismo de inclinaci\u00f3n para silla de champ\u00fa es un dispositivo de ajuste de inclinaci\u00f3n fabricado en acero, esencial para el mobiliario de peluquer\u00eda. Es uno de los accesorios importantes para garantizar la comodidad y funcionalidad de las sillas de champ\u00fa.\nAsegure la comodidad del cliente y la durabilidad de sus equipos. Mecanismo basculante E01 universal para piletas de lavacabezas. Ajuste de inclinaci\u00f3n suave, resortes de alta resistencia y protecci\u00f3n contra el \u00f3xido. \u00a1Compre al por mayor desde China!<\/p>\n<p>&nbsp;<\/p>","protected":false},"featured_media":13938,"template":"","meta":{"site-sidebar-layout":"default","site-content-layout":"default","ast-global-header-display":"","ast-banner-title-visibility":"","ast-main-header-display":"","ast-hfb-above-header-display":"","ast-hfb-below-header-display":"","ast-hfb-mobile-header-display":"","site-post-title":"","ast-breadcrumbs-content":"","ast-featured-img":"","footer-sml-layout":"","theme-transparent-header-meta":"default","adv-header-id-meta":"","stick-header-meta":"default","header-above-stick-meta":"","header-main-stick-meta":"","header-below-stick-meta":""},"product_brand":[],"product_cat":[51],"product_tag":[23],"class_list":{"0":"post-13936","1":"product","2":"type-product","3":"status-publish","4":"has-post-thumbnail","6":"product_cat-ceramic-basin-spare-parts-of-salon-furniture","7":"product_tag-accessories","8":"desktop-align-center","9":"tablet-align-center","10":"mobile-align-center","11":"ast-product-gallery-layout-horizontal-slider","12":"ast-product-tabs-layout-horizontal","14":"first","15":"instock","16":"shipping-taxable","17":"product-type-simple"},"acf":[],"_links":{"self":[{"href":"https:\/\/www.wellbeautysalon.com\/es\/wp-json\/wp\/v2\/product\/13936","targetHints":{"allow":["GET"]}}],"collection":[{"href":"https:\/\/www.wellbeautysalon.com\/es\/wp-json\/wp\/v2\/product"}],"about":[{"href":"https:\/\/www.wellbeautysalon.com\/es\/wp-json\/wp\/v2\/types\/product"}],"wp:featuredmedia":[{"embeddable":true,"href":"https:\/\/www.wellbeautysalon.com\/es\/wp-json\/wp\/v2\/media\/13938"}],"wp:attachment":[{"href":"https:\/\/www.wellbeautysalon.com\/es\/wp-json\/wp\/v2\/media?parent=13936"}],"wp:term":[{"taxonomy":"product_brand","embeddable":true,"href":"https:\/\/www.wellbeautysalon.com\/es\/wp-json\/wp\/v2\/product_brand?post=13936"},{"taxonomy":"product_cat","embeddable":true,"href":"https:\/\/www.wellbeautysalon.com\/es\/wp-json\/wp\/v2\/product_cat?post=13936"},{"taxonomy":"product_tag","embeddable":true,"href":"https:\/\/www.wellbeautysalon.com\/es\/wp-json\/wp\/v2\/product_tag?post=13936"}],"curies":[{"name":"wp","href":"https:\/\/api.w.org\/{rel}","templated":true}]}}