{"id":13927,"date":"2023-08-29T08:36:08","date_gmt":"2023-08-29T08:36:08","guid":{"rendered":"https:\/\/www.wellbeautysalon.com\/?post_type=product&#038;p=13927"},"modified":"2024-06-03T07:51:24","modified_gmt":"2024-06-03T07:51:24","slug":"accesorios-para-la-silla-de-peluqueria-603a18","status":"publish","type":"product","link":"https:\/\/www.wellbeautysalon.com\/es\/producto\/accesorios-para-la-silla-de-peluqueria-603a18","title":{"rendered":"Cabezal de Ducha para Silla de Champ\u00fa T708"},"content":{"rendered":"<p>Cabeza de ducha Modelo T708, accesorios de silla de champ\u00fa para peluquer\u00eda de alta calidad, electroplataci\u00f3n de muy alta calidad, tuber\u00edas de alta presi\u00f3n de 120 cm, calidad premium para carcasa, cartucho y accesorios. Con excelente calidad y precio razonable, hemos ganado una muy buena reputaci\u00f3n.<\/p>\n<ul>\n<li>Model No.: T708<\/li>\n<li>Tipo: cabezal de ducha de muebles para peluquer\u00eda<\/li>\n<li>Acabado: Cromado<\/li>\n<\/ul>","protected":false},"excerpt":{"rendered":"<p>Cabeza de ducha Modelo T708, accesorios de silla de champ\u00fa para peluquer\u00eda de alta calidad, electroplataci\u00f3n de muy alta calidad, tuber\u00edas de alta presi\u00f3n de 120 cm, calidad premium para carcasa, cartucho y accesorios. Con excelente calidad y precio razonable, hemos ganado una muy buena reputaci\u00f3n.<\/p>","protected":false},"featured_media":13929,"template":"","meta":{"site-sidebar-layout":"default","site-content-layout":"default","ast-global-header-display":"","ast-banner-title-visibility":"","ast-main-header-display":"","ast-hfb-above-header-display":"","ast-hfb-below-header-display":"","ast-hfb-mobile-header-display":"","site-post-title":"","ast-breadcrumbs-content":"","ast-featured-img":"","footer-sml-layout":"","theme-transparent-header-meta":"default","adv-header-id-meta":"","stick-header-meta":"default","header-above-stick-meta":"","header-main-stick-meta":"","header-below-stick-meta":""},"product_brand":[],"product_cat":[51],"product_tag":[23,63],"class_list":{"0":"post-13927","1":"product","2":"type-product","3":"status-publish","4":"has-post-thumbnail","6":"product_cat-ceramic-basin-spare-parts-of-salon-furniture","7":"product_tag-accessories","8":"product_tag-shampoo-chair-shower-head","9":"desktop-align-center","10":"tablet-align-center","11":"mobile-align-center","12":"ast-product-gallery-layout-horizontal-slider","13":"ast-product-tabs-layout-horizontal","15":"first","16":"instock","17":"shipping-taxable","18":"product-type-simple"},"acf":[],"_links":{"self":[{"href":"https:\/\/www.wellbeautysalon.com\/es\/wp-json\/wp\/v2\/product\/13927","targetHints":{"allow":["GET"]}}],"collection":[{"href":"https:\/\/www.wellbeautysalon.com\/es\/wp-json\/wp\/v2\/product"}],"about":[{"href":"https:\/\/www.wellbeautysalon.com\/es\/wp-json\/wp\/v2\/types\/product"}],"wp:featuredmedia":[{"embeddable":true,"href":"https:\/\/www.wellbeautysalon.com\/es\/wp-json\/wp\/v2\/media\/13929"}],"wp:attachment":[{"href":"https:\/\/www.wellbeautysalon.com\/es\/wp-json\/wp\/v2\/media?parent=13927"}],"wp:term":[{"taxonomy":"product_brand","embeddable":true,"href":"https:\/\/www.wellbeautysalon.com\/es\/wp-json\/wp\/v2\/product_brand?post=13927"},{"taxonomy":"product_cat","embeddable":true,"href":"https:\/\/www.wellbeautysalon.com\/es\/wp-json\/wp\/v2\/product_cat?post=13927"},{"taxonomy":"product_tag","embeddable":true,"href":"https:\/\/www.wellbeautysalon.com\/es\/wp-json\/wp\/v2\/product_tag?post=13927"}],"curies":[{"name":"wp","href":"https:\/\/api.w.org\/{rel}","templated":true}]}}