{"id":13923,"date":"2023-08-29T08:20:16","date_gmt":"2023-08-29T08:20:16","guid":{"rendered":"https:\/\/www.wellbeautysalon.com\/?post_type=product&#038;p=13923"},"modified":"2024-06-03T07:49:58","modified_gmt":"2024-06-03T07:49:58","slug":"champu-silla-fria-agua-de-agua-caliente-grifo-603a18","status":"publish","type":"product","link":"https:\/\/www.wellbeautysalon.com\/es\/producto\/champu-silla-fria-agua-de-agua-caliente-grifo-603a18","title":{"rendered":"Grifos para Silla de Champ\u00fa 603A18"},"content":{"rendered":"<p>Nuestros accesorios de alta calidad para sillas de champ\u00fa de peluquer\u00eda se fabrican en China y cuentan con un recubrimiento electrol\u00edtico superior. Incluyen tuber\u00edas de alta presi\u00f3n de 120 cm y materiales de primera calidad para la carcasa, el cartucho y los accesorios. Conocidos por su excelente calidad y precios razonables, hemos ganado una reputaci\u00f3n destacada.\nCartucho de Cer\u00e1mica de Alta Calidad: soporta m\u00e1s de 500,000 ciclos de uso sin fugar.<\/p>\n<ul>\n<li>Model No.: 603A18<\/li>\n<li>Tipo: pelos de muebles para peluquer\u00eda<\/li>\n<li>Acabado: Cromado<\/li>\n<li>Garant\u00eda: Garant\u00eda de 1 a\u00f1o\n<div id=\"gallery-1\" class=\"gallery galleryid-13900 gallery-columns-3 gallery-size-full\">\n<div id=\"gallery-1\" class=\"gallery galleryid-13913 gallery-columns-3 gallery-size-full\"><\/div>\n<\/div>\n<\/li>\n<\/ul>","protected":false},"excerpt":{"rendered":"<p>Nuestros accesorios de alta calidad para sillas de champ\u00fa de peluquer\u00eda se fabrican en China y cuentan con un recubrimiento electrol\u00edtico superior. Incluyen tuber\u00edas de alta presi\u00f3n de 120 cm y materiales de primera calidad para la carcasa, el cartucho y los accesorios. Conocidos por su excelente calidad y precios razonables, hemos ganado una reputaci\u00f3n destacada.<\/p>","protected":false},"featured_media":13924,"template":"","meta":{"site-sidebar-layout":"default","site-content-layout":"default","ast-global-header-display":"","ast-banner-title-visibility":"","ast-main-header-display":"","ast-hfb-above-header-display":"","ast-hfb-below-header-display":"","ast-hfb-mobile-header-display":"","site-post-title":"","ast-breadcrumbs-content":"","ast-featured-img":"","footer-sml-layout":"","theme-transparent-header-meta":"default","adv-header-id-meta":"","stick-header-meta":"default","header-above-stick-meta":"","header-main-stick-meta":"","header-below-stick-meta":""},"product_brand":[],"product_cat":[51],"product_tag":[23,62],"class_list":{"0":"post-13923","1":"product","2":"type-product","3":"status-publish","4":"has-post-thumbnail","6":"product_cat-ceramic-basin-spare-parts-of-salon-furniture","7":"product_tag-accessories","8":"product_tag-shampoo-chair-taps","9":"desktop-align-center","10":"tablet-align-center","11":"mobile-align-center","12":"ast-product-gallery-layout-horizontal-slider","13":"ast-product-tabs-layout-horizontal","15":"first","16":"instock","17":"shipping-taxable","18":"product-type-simple"},"acf":[],"_links":{"self":[{"href":"https:\/\/www.wellbeautysalon.com\/es\/wp-json\/wp\/v2\/product\/13923","targetHints":{"allow":["GET"]}}],"collection":[{"href":"https:\/\/www.wellbeautysalon.com\/es\/wp-json\/wp\/v2\/product"}],"about":[{"href":"https:\/\/www.wellbeautysalon.com\/es\/wp-json\/wp\/v2\/types\/product"}],"wp:featuredmedia":[{"embeddable":true,"href":"https:\/\/www.wellbeautysalon.com\/es\/wp-json\/wp\/v2\/media\/13924"}],"wp:attachment":[{"href":"https:\/\/www.wellbeautysalon.com\/es\/wp-json\/wp\/v2\/media?parent=13923"}],"wp:term":[{"taxonomy":"product_brand","embeddable":true,"href":"https:\/\/www.wellbeautysalon.com\/es\/wp-json\/wp\/v2\/product_brand?post=13923"},{"taxonomy":"product_cat","embeddable":true,"href":"https:\/\/www.wellbeautysalon.com\/es\/wp-json\/wp\/v2\/product_cat?post=13923"},{"taxonomy":"product_tag","embeddable":true,"href":"https:\/\/www.wellbeautysalon.com\/es\/wp-json\/wp\/v2\/product_tag?post=13923"}],"curies":[{"name":"wp","href":"https:\/\/api.w.org\/{rel}","templated":true}]}}