{"id":13915,"date":"2023-08-29T07:25:41","date_gmt":"2023-08-29T07:25:41","guid":{"rendered":"https:\/\/www.wellbeautysalon.com\/?post_type=product&#038;p=13915"},"modified":"2024-06-03T07:45:26","modified_gmt":"2024-06-03T07:45:26","slug":"ceramic-basin-eb21","status":"publish","type":"product","link":"https:\/\/www.wellbeautysalon.com\/es\/producto\/ceramic-basin-eb21","title":{"rendered":"Lavabo Cristal EB15"},"content":{"rendered":"<p>El LAVABO CRISTAL-EB15 es un cuenco de spa para pies de alta calidad, dise\u00f1ado espec\u00edficamente para sillas de pedicura. Este cuenco de spa para pies est\u00e1 hecho de vidrio de cristal premium, con un acabado electrochapado multicolor \u00fanico que presenta una apariencia vibrante y lujosa, ofreciendo una experiencia visualmente impresionante. Su superficie lisa no solo es f\u00e1cil de limpiar, sino que tambi\u00e9n es altamente duradera y resistente a las manchas.\nDiga adi\u00f3s a las tinas de acr\u00edlico que se manchan. Nuestra bacha EB15 de vidrio fundido a color ofrece un lujo indestructible. 100% resistente a acetona y qu\u00edmicos de pedicura. El color y el brillo nunca se desvanecen. Ideal para fabricantes de sillas SPA VIP. \u00a1Cotice!<\/p>\n<p><strong>Caracter\u00edsticas:<\/strong><\/p>\n<ul>\n<li><strong>Material:<\/strong> Vidrio de cristal premium<\/li>\n<li><strong>Acabado:<\/strong> Electrochapado multicolor, proporcionando brillo y durabilidad<\/li>\n<li><strong>Dise\u00f1o:<\/strong> Dise\u00f1ado espec\u00edficamente para sillas de pedicura con excelente compatibilidad<\/li>\n<li><strong>Funci\u00f3n:<\/strong> Superficie lisa para f\u00e1cil limpieza, durabilidad y resistencia a las manchas<\/li>\n<li><strong>Dimensiones:<\/strong> Dise\u00f1ado con precisi\u00f3n para asegurar la mejor experiencia del usuario<\/li>\n<li><strong>Aplicaci\u00f3n:<\/strong> Adecuado para sillas de pedicura, sillas de masaje y otros equipos profesionales de belleza y spa<\/li>\n<\/ul>\n<p><strong>Ventajas:<\/strong><\/p>\n<ul>\n<li><strong>Atractivo Visual:<\/strong> El acabado electrochapado multicolor le da al cuenco de spa para pies un efecto visual \u00fanico durante su uso, mejorando la experiencia general de la pedicura.<\/li>\n<li><strong>Alta Durabilidad:<\/strong> Hecho de material de vidrio de cristal premium, asegurando durabilidad y larga vida \u00fatil.<\/li>\n<li><strong>F\u00e1cil Mantenimiento:<\/strong> El dise\u00f1o de superficie lisa facilita la limpieza, manteniendo la est\u00e9tica y la higiene del cuenco de spa para pies con el tiempo.<div id='gallery-1' class='gallery galleryid-13915 gallery-columns-3 gallery-size-full'><figure class='gallery-item'>\n\t\t\t<div class='gallery-icon landscape'>\n\t\t\t\t<a href='https:\/\/www.wellbeautysalon.com\/es\/?attachment_id=13643'><img fetchpriority=\"high\" decoding=\"async\" width=\"1440\" height=\"1080\" src=\"https:\/\/www.wellbeautysalon.com\/wp-content\/uploads\/2021\/01\/QQ\u56fe\u724720190829221933.jpg\" class=\"attachment-full size-full\" alt=\"\" srcset=\"https:\/\/www.wellbeautysalon.com\/wp-content\/uploads\/2021\/01\/QQ\u56fe\u724720190829221933.jpg 1440w, https:\/\/www.wellbeautysalon.com\/wp-content\/uploads\/2021\/01\/QQ\u56fe\u724720190829221933-16x12.jpg 16w\" sizes=\"(max-width: 1440px) 100vw, 1440px\" title=\"\"><\/a>\n\t\t\t<\/div><\/figure><figure class='gallery-item'>\n\t\t\t<div class='gallery-icon landscape'>\n\t\t\t\t<a href='https:\/\/www.wellbeautysalon.com\/es\/?attachment_id=13642'><img decoding=\"async\" width=\"1440\" height=\"1080\" src=\"https:\/\/www.wellbeautysalon.com\/wp-content\/uploads\/2021\/01\/QQ\u56fe\u724720190829221927.jpg\" class=\"attachment-full size-full\" alt=\"\" srcset=\"https:\/\/www.wellbeautysalon.com\/wp-content\/uploads\/2021\/01\/QQ\u56fe\u724720190829221927.jpg 1440w, https:\/\/www.wellbeautysalon.com\/wp-content\/uploads\/2021\/01\/QQ\u56fe\u724720190829221927-16x12.jpg 16w\" sizes=\"(max-width: 1440px) 100vw, 1440px\" title=\"\"><\/a>\n\t\t\t<\/div><\/figure><figure class='gallery-item'>\n\t\t\t<div class='gallery-icon landscape'>\n\t\t\t\t<a href='https:\/\/www.wellbeautysalon.com\/es\/?attachment_id=13641'><img decoding=\"async\" width=\"1440\" height=\"1080\" src=\"https:\/\/www.wellbeautysalon.com\/wp-content\/uploads\/2021\/01\/QQ\u56fe\u724720190829221921.jpg\" class=\"attachment-full size-full\" alt=\"\" title=\"\"><\/a>\n\t\t\t<\/div><\/figure><figure class='gallery-item'>\n\t\t\t<div class='gallery-icon landscape'>\n\t\t\t\t<a href='https:\/\/www.wellbeautysalon.com\/es\/?attachment_id=13640'><img loading=\"lazy\" decoding=\"async\" width=\"1440\" height=\"1080\" src=\"https:\/\/www.wellbeautysalon.com\/wp-content\/uploads\/2021\/01\/QQ\u56fe\u724720190829221915.jpg\" class=\"attachment-full size-full\" alt=\"\" srcset=\"https:\/\/www.wellbeautysalon.com\/wp-content\/uploads\/2021\/01\/QQ\u56fe\u724720190829221915.jpg 1440w, https:\/\/www.wellbeautysalon.com\/wp-content\/uploads\/2021\/01\/QQ\u56fe\u724720190829221915-16x12.jpg 16w\" sizes=\"(max-width: 1440px) 100vw, 1440px\" title=\"\"><\/a>\n\t\t\t<\/div><\/figure><figure class='gallery-item'>\n\t\t\t<div class='gallery-icon landscape'>\n\t\t\t\t<a href='https:\/\/www.wellbeautysalon.com\/es\/?attachment_id=13639'><img loading=\"lazy\" decoding=\"async\" width=\"1440\" height=\"1080\" src=\"https:\/\/www.wellbeautysalon.com\/wp-content\/uploads\/2021\/01\/QQ\u56fe\u724720190829221910.jpg\" class=\"attachment-full size-full\" alt=\"\" srcset=\"https:\/\/www.wellbeautysalon.com\/wp-content\/uploads\/2021\/01\/QQ\u56fe\u724720190829221910.jpg 1440w, https:\/\/www.wellbeautysalon.com\/wp-content\/uploads\/2021\/01\/QQ\u56fe\u724720190829221910-16x12.jpg 16w\" sizes=\"(max-width: 1440px) 100vw, 1440px\" title=\"\"><\/a>\n\t\t\t<\/div><\/figure><figure class='gallery-item'>\n\t\t\t<div class='gallery-icon landscape'>\n\t\t\t\t<a href='https:\/\/www.wellbeautysalon.com\/es\/?attachment_id=13638'><img loading=\"lazy\" decoding=\"async\" width=\"1440\" height=\"1080\" src=\"https:\/\/www.wellbeautysalon.com\/wp-content\/uploads\/2021\/01\/QQ\u56fe\u724720190829221858.jpg\" class=\"attachment-full size-full\" alt=\"\" srcset=\"https:\/\/www.wellbeautysalon.com\/wp-content\/uploads\/2021\/01\/QQ\u56fe\u724720190829221858.jpg 1440w, https:\/\/www.wellbeautysalon.com\/wp-content\/uploads\/2021\/01\/QQ\u56fe\u724720190829221858-16x12.jpg 16w\" sizes=\"(max-width: 1440px) 100vw, 1440px\" title=\"\"><\/a>\n\t\t\t<\/div><\/figure>\n\t\t<\/div>\n<\/li>\n<\/ul>","protected":false},"excerpt":{"rendered":"<p>El LAVABO CRISTAL-EB15 es muy apreciado en la industria de pedicura y spa por su calidad excepcional y dise\u00f1o \u00fanico. Como fabricante profesional de cuencos de spa para pies, nos dedicamos a proporcionar a nuestros clientes productos de alta calidad y un excelente servicio. Esperamos colaborar con usted.<\/p>","protected":false},"featured_media":13917,"template":"","meta":{"site-sidebar-layout":"default","site-content-layout":"default","ast-global-header-display":"","ast-banner-title-visibility":"","ast-main-header-display":"","ast-hfb-above-header-display":"","ast-hfb-below-header-display":"","ast-hfb-mobile-header-display":"","site-post-title":"","ast-breadcrumbs-content":"","ast-featured-img":"","footer-sml-layout":"","theme-transparent-header-meta":"default","adv-header-id-meta":"","stick-header-meta":"default","header-above-stick-meta":"","header-main-stick-meta":"","header-below-stick-meta":""},"product_brand":[],"product_cat":[51],"product_tag":[23,56],"class_list":{"0":"post-13915","1":"product","2":"type-product","3":"status-publish","4":"has-post-thumbnail","6":"product_cat-ceramic-basin-spare-parts-of-salon-furniture","7":"product_tag-accessories","8":"product_tag-backwash-sink","9":"desktop-align-center","10":"tablet-align-center","11":"mobile-align-center","12":"ast-product-gallery-layout-horizontal-slider","13":"ast-product-tabs-layout-horizontal","15":"first","16":"instock","17":"shipping-taxable","18":"product-type-simple"},"acf":[],"_links":{"self":[{"href":"https:\/\/www.wellbeautysalon.com\/es\/wp-json\/wp\/v2\/product\/13915","targetHints":{"allow":["GET"]}}],"collection":[{"href":"https:\/\/www.wellbeautysalon.com\/es\/wp-json\/wp\/v2\/product"}],"about":[{"href":"https:\/\/www.wellbeautysalon.com\/es\/wp-json\/wp\/v2\/types\/product"}],"wp:featuredmedia":[{"embeddable":true,"href":"https:\/\/www.wellbeautysalon.com\/es\/wp-json\/wp\/v2\/media\/13917"}],"wp:attachment":[{"href":"https:\/\/www.wellbeautysalon.com\/es\/wp-json\/wp\/v2\/media?parent=13915"}],"wp:term":[{"taxonomy":"product_brand","embeddable":true,"href":"https:\/\/www.wellbeautysalon.com\/es\/wp-json\/wp\/v2\/product_brand?post=13915"},{"taxonomy":"product_cat","embeddable":true,"href":"https:\/\/www.wellbeautysalon.com\/es\/wp-json\/wp\/v2\/product_cat?post=13915"},{"taxonomy":"product_tag","embeddable":true,"href":"https:\/\/www.wellbeautysalon.com\/es\/wp-json\/wp\/v2\/product_tag?post=13915"}],"curies":[{"name":"wp","href":"https:\/\/api.w.org\/{rel}","templated":true}]}}