{"id":13909,"date":"2023-08-29T06:51:02","date_gmt":"2023-08-29T06:51:02","guid":{"rendered":"https:\/\/www.wellbeautysalon.com\/?post_type=product&#038;p=13909"},"modified":"2024-06-03T07:42:06","modified_gmt":"2024-06-03T07:42:06","slug":"cuenca-de-ceramica-eb19","status":"publish","type":"product","link":"https:\/\/www.wellbeautysalon.com\/es\/producto\/cuenca-de-ceramica-eb19","title":{"rendered":"Lavabo Cer\u00e1mica EB19"},"content":{"rendered":"<p><strong>Caracter\u00edsticas:<\/strong><\/p>\n<ul>\n<li><strong>Material:<\/strong> Cer\u00e1mica premium<\/li>\n<li><strong>Artesan\u00eda:<\/strong> La cocci\u00f3n a alta temperatura garantiza la calidad y consistencia en cada producto.<\/li>\n<li><strong>Acabado de Superficie:<\/strong> Esmalte suave y delicado, libre de defectos<\/li>\n<li><strong>Dise\u00f1o:<\/strong> Incluye orificios para la instalaci\u00f3n de la ducha y el grifo, y un orificio de drenaje principal para asegurar un flujo de agua suave.<\/li>\n<li><strong>Dimensiones:<\/strong> 62cm*52cm*25cm<\/li>\n<\/ul>\n<p><strong>Ventajas:<\/strong><\/p>\n<ul>\n<li><strong>Material de Alta Calidad:<\/strong> Fabricado con cer\u00e1mica de alta calidad, garantizando durabilidad y est\u00e9tica<\/li>\n<li><strong>Tasa de rendimiento:<\/strong> Aunque la tasa de rendimiento es solo del 70% por lote, cada producto es rigurosamente seleccionado para garantizar una alta calidad.<\/li>\n<li><strong>Superficie Suave:<\/strong> El esmalte suave y delicado es f\u00e1cil de limpiar y mantener.<\/li>\n<li><strong>Rendimiento estable:<\/strong> El proceso de cocci\u00f3n estable a alta temperatura garantiza consistencia y confiabilidad en cada producto<\/li>\n<\/ul>\n<div id=\"gallery-1\" class=\"gallery galleryid-13900 gallery-columns-3 gallery-size-full\">\n<div id='gallery-1' class='gallery galleryid-13909 gallery-columns-3 gallery-size-full'><figure class='gallery-item'>\n\t\t\t<div class='gallery-icon landscape'>\n\t\t\t\t<a href='https:\/\/www.wellbeautysalon.com\/es\/?attachment_id=13643'><img fetchpriority=\"high\" decoding=\"async\" width=\"1440\" height=\"1080\" src=\"https:\/\/www.wellbeautysalon.com\/wp-content\/uploads\/2021\/01\/QQ\u56fe\u724720190829221933.jpg\" class=\"attachment-full size-full\" alt=\"\" srcset=\"https:\/\/www.wellbeautysalon.com\/wp-content\/uploads\/2021\/01\/QQ\u56fe\u724720190829221933.jpg 1440w, https:\/\/www.wellbeautysalon.com\/wp-content\/uploads\/2021\/01\/QQ\u56fe\u724720190829221933-16x12.jpg 16w\" sizes=\"(max-width: 1440px) 100vw, 1440px\" title=\"\"><\/a>\n\t\t\t<\/div><\/figure><figure class='gallery-item'>\n\t\t\t<div class='gallery-icon landscape'>\n\t\t\t\t<a href='https:\/\/www.wellbeautysalon.com\/es\/?attachment_id=13642'><img decoding=\"async\" width=\"1440\" height=\"1080\" src=\"https:\/\/www.wellbeautysalon.com\/wp-content\/uploads\/2021\/01\/QQ\u56fe\u724720190829221927.jpg\" class=\"attachment-full size-full\" alt=\"\" srcset=\"https:\/\/www.wellbeautysalon.com\/wp-content\/uploads\/2021\/01\/QQ\u56fe\u724720190829221927.jpg 1440w, https:\/\/www.wellbeautysalon.com\/wp-content\/uploads\/2021\/01\/QQ\u56fe\u724720190829221927-16x12.jpg 16w\" sizes=\"(max-width: 1440px) 100vw, 1440px\" title=\"\"><\/a>\n\t\t\t<\/div><\/figure><figure class='gallery-item'>\n\t\t\t<div class='gallery-icon landscape'>\n\t\t\t\t<a href='https:\/\/www.wellbeautysalon.com\/es\/?attachment_id=13641'><img decoding=\"async\" width=\"1440\" height=\"1080\" src=\"https:\/\/www.wellbeautysalon.com\/wp-content\/uploads\/2021\/01\/QQ\u56fe\u724720190829221921.jpg\" class=\"attachment-full size-full\" alt=\"\" title=\"\"><\/a>\n\t\t\t<\/div><\/figure><figure class='gallery-item'>\n\t\t\t<div class='gallery-icon landscape'>\n\t\t\t\t<a href='https:\/\/www.wellbeautysalon.com\/es\/?attachment_id=13640'><img loading=\"lazy\" decoding=\"async\" width=\"1440\" height=\"1080\" src=\"https:\/\/www.wellbeautysalon.com\/wp-content\/uploads\/2021\/01\/QQ\u56fe\u724720190829221915.jpg\" class=\"attachment-full size-full\" alt=\"\" srcset=\"https:\/\/www.wellbeautysalon.com\/wp-content\/uploads\/2021\/01\/QQ\u56fe\u724720190829221915.jpg 1440w, https:\/\/www.wellbeautysalon.com\/wp-content\/uploads\/2021\/01\/QQ\u56fe\u724720190829221915-16x12.jpg 16w\" sizes=\"(max-width: 1440px) 100vw, 1440px\" title=\"\"><\/a>\n\t\t\t<\/div><\/figure><figure class='gallery-item'>\n\t\t\t<div class='gallery-icon landscape'>\n\t\t\t\t<a href='https:\/\/www.wellbeautysalon.com\/es\/?attachment_id=13639'><img loading=\"lazy\" decoding=\"async\" width=\"1440\" height=\"1080\" src=\"https:\/\/www.wellbeautysalon.com\/wp-content\/uploads\/2021\/01\/QQ\u56fe\u724720190829221910.jpg\" class=\"attachment-full size-full\" alt=\"\" srcset=\"https:\/\/www.wellbeautysalon.com\/wp-content\/uploads\/2021\/01\/QQ\u56fe\u724720190829221910.jpg 1440w, https:\/\/www.wellbeautysalon.com\/wp-content\/uploads\/2021\/01\/QQ\u56fe\u724720190829221910-16x12.jpg 16w\" sizes=\"(max-width: 1440px) 100vw, 1440px\" title=\"\"><\/a>\n\t\t\t<\/div><\/figure><figure class='gallery-item'>\n\t\t\t<div class='gallery-icon landscape'>\n\t\t\t\t<a href='https:\/\/www.wellbeautysalon.com\/es\/?attachment_id=13638'><img loading=\"lazy\" decoding=\"async\" width=\"1440\" height=\"1080\" src=\"https:\/\/www.wellbeautysalon.com\/wp-content\/uploads\/2021\/01\/QQ\u56fe\u724720190829221858.jpg\" class=\"attachment-full size-full\" alt=\"\" srcset=\"https:\/\/www.wellbeautysalon.com\/wp-content\/uploads\/2021\/01\/QQ\u56fe\u724720190829221858.jpg 1440w, https:\/\/www.wellbeautysalon.com\/wp-content\/uploads\/2021\/01\/QQ\u56fe\u724720190829221858-16x12.jpg 16w\" sizes=\"(max-width: 1440px) 100vw, 1440px\" title=\"\"><\/a>\n\t\t\t<\/div><\/figure>\n\t\t<\/div>\n\n<\/div>","protected":false},"excerpt":{"rendered":"<p>El lavabo de cer\u00e1mica EB19 es un producto de alta calidad utilizado principalmente en sillas de lavado. Este lavabo se hornea a altas temperaturas y solo el 70% de cada lote cumple con los est\u00e1ndares de calidad. Los lavabos de alta calidad requieren suelo de primera calidad y temperaturas altas y estables, lo que resulta en una superficie de esmalte suave y delicada sin defectos.<\/p>\n<ul>\n<li>Model No.: EB19<\/li>\n<li>Color: blanco\/negro<\/li>\n<li>Tipo: Lavabo de cer\u00e1mica<\/li>\n<li>Material: cer\u00e1mica<\/li>\n<li>Tama\u00f1o del paquete: 62 cm*52cm*25 cm<\/li>\n<li>Garant\u00eda: Garant\u00eda de 1 a\u00f1o<\/li>\n<\/ul>","protected":false},"featured_media":13910,"template":"","meta":{"site-sidebar-layout":"default","site-content-layout":"default","ast-global-header-display":"","ast-banner-title-visibility":"","ast-main-header-display":"","ast-hfb-above-header-display":"","ast-hfb-below-header-display":"","ast-hfb-mobile-header-display":"","site-post-title":"","ast-breadcrumbs-content":"","ast-featured-img":"","footer-sml-layout":"","theme-transparent-header-meta":"default","adv-header-id-meta":"","stick-header-meta":"default","header-above-stick-meta":"","header-main-stick-meta":"","header-below-stick-meta":""},"product_brand":[],"product_cat":[51],"product_tag":[23,56],"class_list":{"0":"post-13909","1":"product","2":"type-product","3":"status-publish","4":"has-post-thumbnail","6":"product_cat-ceramic-basin-spare-parts-of-salon-furniture","7":"product_tag-accessories","8":"product_tag-backwash-sink","9":"desktop-align-center","10":"tablet-align-center","11":"mobile-align-center","12":"ast-product-gallery-layout-horizontal-slider","13":"ast-product-gallery-with-no-image","14":"ast-product-tabs-layout-horizontal","16":"first","17":"instock","18":"shipping-taxable","19":"product-type-simple"},"acf":[],"_links":{"self":[{"href":"https:\/\/www.wellbeautysalon.com\/es\/wp-json\/wp\/v2\/product\/13909","targetHints":{"allow":["GET"]}}],"collection":[{"href":"https:\/\/www.wellbeautysalon.com\/es\/wp-json\/wp\/v2\/product"}],"about":[{"href":"https:\/\/www.wellbeautysalon.com\/es\/wp-json\/wp\/v2\/types\/product"}],"wp:featuredmedia":[{"embeddable":true,"href":"https:\/\/www.wellbeautysalon.com\/es\/wp-json\/wp\/v2\/media\/13910"}],"wp:attachment":[{"href":"https:\/\/www.wellbeautysalon.com\/es\/wp-json\/wp\/v2\/media?parent=13909"}],"wp:term":[{"taxonomy":"product_brand","embeddable":true,"href":"https:\/\/www.wellbeautysalon.com\/es\/wp-json\/wp\/v2\/product_brand?post=13909"},{"taxonomy":"product_cat","embeddable":true,"href":"https:\/\/www.wellbeautysalon.com\/es\/wp-json\/wp\/v2\/product_cat?post=13909"},{"taxonomy":"product_tag","embeddable":true,"href":"https:\/\/www.wellbeautysalon.com\/es\/wp-json\/wp\/v2\/product_tag?post=13909"}],"curies":[{"name":"wp","href":"https:\/\/api.w.org\/{rel}","templated":true}]}}