{"id":13905,"date":"2023-08-29T06:44:03","date_gmt":"2023-08-29T06:44:03","guid":{"rendered":"https:\/\/www.wellbeautysalon.com\/?post_type=product&#038;p=13905"},"modified":"2024-06-03T07:06:08","modified_gmt":"2024-06-03T07:06:08","slug":"cuenca-de-ceramica-eb20","status":"publish","type":"product","link":"https:\/\/www.wellbeautysalon.com\/es\/producto\/cuenca-de-ceramica-eb20","title":{"rendered":"Lavabo Cer\u00e1mica EB20"},"content":{"rendered":"<p><strong>Caracter\u00edsticas de Dise\u00f1o<\/strong>:<\/p>\n<ul>\n<li><strong>Dise\u00f1o ergonomico<\/strong>: La forma del lavabo est\u00e1 dise\u00f1ada ergon\u00f3micamente para asegurar la comodidad del cliente durante el lavado de cabello.<\/li>\n<li><strong>Materiales de alta calidad<\/strong>: Fabricado con material cer\u00e1mico de alta calidad, la superficie es lisa, sin defectos y f\u00e1cil de mantener y limpiar.<\/li>\n<li><strong>Versatilidad<\/strong>\uff1aDise\u00f1ado con m\u00faltiples funcionalidades en mente, adecuado para diversos salones de belleza y peluquer\u00edas.<\/li>\n<li><strong>Aspecto elegante<\/strong>: El dise\u00f1o simple pero elegante le permite combinar perfectamente con diversas decoraciones de sal\u00f3n.<\/li>\n<\/ul>\n<p><strong>Posicionamiento en el mercado<\/strong>:<\/p>\n<p>Este accesorio de lavabo para champ\u00fa est\u00e1 dirigido al mercado de alta gama, adecuado para salones de belleza y peluquer\u00edas europeas que buscan la excelencia en calidad y dise\u00f1o elegante. Sus altos est\u00e1ndares de fabricaci\u00f3n y su superior experiencia de usuario lo convierten en la opci\u00f3n ideal para establecimientos de servicios de alta gama.<\/p>\n<p><strong>Escenarios de aplicaci\u00f3n<\/strong>:<\/p>\n<p>El producto es adecuado para varios salones de belleza, peluquer\u00edas y otros establecimientos que ofrecen servicios de lavado de cabello. Su dise\u00f1o de alta gama y rendimiento superior aseguran que los clientes disfruten de la experiencia m\u00e1s c\u00f3moda durante su uso.<\/p>\n<p>Elija este accesorio de lavabo para champ\u00fa de alta gama para mejorar la calidad de su servicio, proporcionar a los clientes la experiencia de lavado de cabello m\u00e1s c\u00f3moda y demostrar el profesionalismo y la calidad de alta gama de su sal\u00f3n.<\/p>\n<div id=\"gallery-1\" class=\"gallery galleryid-13900 gallery-columns-3 gallery-size-full\">\n<div id='gallery-1' class='gallery galleryid-13905 gallery-columns-3 gallery-size-full'><figure class='gallery-item'>\n\t\t\t<div class='gallery-icon landscape'>\n\t\t\t\t<a href='https:\/\/www.wellbeautysalon.com\/es\/?attachment_id=13643'><img fetchpriority=\"high\" decoding=\"async\" width=\"1440\" height=\"1080\" src=\"https:\/\/www.wellbeautysalon.com\/wp-content\/uploads\/2021\/01\/QQ\u56fe\u724720190829221933.jpg\" class=\"attachment-full size-full\" alt=\"\" srcset=\"https:\/\/www.wellbeautysalon.com\/wp-content\/uploads\/2021\/01\/QQ\u56fe\u724720190829221933.jpg 1440w, https:\/\/www.wellbeautysalon.com\/wp-content\/uploads\/2021\/01\/QQ\u56fe\u724720190829221933-16x12.jpg 16w\" sizes=\"(max-width: 1440px) 100vw, 1440px\" title=\"\"><\/a>\n\t\t\t<\/div><\/figure><figure class='gallery-item'>\n\t\t\t<div class='gallery-icon landscape'>\n\t\t\t\t<a href='https:\/\/www.wellbeautysalon.com\/es\/?attachment_id=13642'><img decoding=\"async\" width=\"1440\" height=\"1080\" src=\"https:\/\/www.wellbeautysalon.com\/wp-content\/uploads\/2021\/01\/QQ\u56fe\u724720190829221927.jpg\" class=\"attachment-full size-full\" alt=\"\" srcset=\"https:\/\/www.wellbeautysalon.com\/wp-content\/uploads\/2021\/01\/QQ\u56fe\u724720190829221927.jpg 1440w, https:\/\/www.wellbeautysalon.com\/wp-content\/uploads\/2021\/01\/QQ\u56fe\u724720190829221927-16x12.jpg 16w\" sizes=\"(max-width: 1440px) 100vw, 1440px\" title=\"\"><\/a>\n\t\t\t<\/div><\/figure><figure class='gallery-item'>\n\t\t\t<div class='gallery-icon landscape'>\n\t\t\t\t<a href='https:\/\/www.wellbeautysalon.com\/es\/?attachment_id=13641'><img decoding=\"async\" width=\"1440\" height=\"1080\" src=\"https:\/\/www.wellbeautysalon.com\/wp-content\/uploads\/2021\/01\/QQ\u56fe\u724720190829221921.jpg\" class=\"attachment-full size-full\" alt=\"\" title=\"\"><\/a>\n\t\t\t<\/div><\/figure><figure class='gallery-item'>\n\t\t\t<div class='gallery-icon landscape'>\n\t\t\t\t<a href='https:\/\/www.wellbeautysalon.com\/es\/?attachment_id=13640'><img loading=\"lazy\" decoding=\"async\" width=\"1440\" height=\"1080\" src=\"https:\/\/www.wellbeautysalon.com\/wp-content\/uploads\/2021\/01\/QQ\u56fe\u724720190829221915.jpg\" class=\"attachment-full size-full\" alt=\"\" srcset=\"https:\/\/www.wellbeautysalon.com\/wp-content\/uploads\/2021\/01\/QQ\u56fe\u724720190829221915.jpg 1440w, https:\/\/www.wellbeautysalon.com\/wp-content\/uploads\/2021\/01\/QQ\u56fe\u724720190829221915-16x12.jpg 16w\" sizes=\"(max-width: 1440px) 100vw, 1440px\" title=\"\"><\/a>\n\t\t\t<\/div><\/figure><figure class='gallery-item'>\n\t\t\t<div class='gallery-icon landscape'>\n\t\t\t\t<a href='https:\/\/www.wellbeautysalon.com\/es\/?attachment_id=13639'><img loading=\"lazy\" decoding=\"async\" width=\"1440\" height=\"1080\" src=\"https:\/\/www.wellbeautysalon.com\/wp-content\/uploads\/2021\/01\/QQ\u56fe\u724720190829221910.jpg\" class=\"attachment-full size-full\" alt=\"\" srcset=\"https:\/\/www.wellbeautysalon.com\/wp-content\/uploads\/2021\/01\/QQ\u56fe\u724720190829221910.jpg 1440w, https:\/\/www.wellbeautysalon.com\/wp-content\/uploads\/2021\/01\/QQ\u56fe\u724720190829221910-16x12.jpg 16w\" sizes=\"(max-width: 1440px) 100vw, 1440px\" title=\"\"><\/a>\n\t\t\t<\/div><\/figure><figure class='gallery-item'>\n\t\t\t<div class='gallery-icon landscape'>\n\t\t\t\t<a href='https:\/\/www.wellbeautysalon.com\/es\/?attachment_id=13638'><img loading=\"lazy\" decoding=\"async\" width=\"1440\" height=\"1080\" src=\"https:\/\/www.wellbeautysalon.com\/wp-content\/uploads\/2021\/01\/QQ\u56fe\u724720190829221858.jpg\" class=\"attachment-full size-full\" alt=\"\" srcset=\"https:\/\/www.wellbeautysalon.com\/wp-content\/uploads\/2021\/01\/QQ\u56fe\u724720190829221858.jpg 1440w, https:\/\/www.wellbeautysalon.com\/wp-content\/uploads\/2021\/01\/QQ\u56fe\u724720190829221858-16x12.jpg 16w\" sizes=\"(max-width: 1440px) 100vw, 1440px\" title=\"\"><\/a>\n\t\t\t<\/div><\/figure>\n\t\t<\/div>\n\n<\/div>","protected":false},"excerpt":{"rendered":"<p>Este lavabo de cer\u00e1mica de alta gama est\u00e1 dise\u00f1ado espec\u00edficamente para el mercado europeo, ganando clientes gracias a su apariencia elegante y funcionalidad superior. El lavabo est\u00e1 fabricado con material cer\u00e1mico de alta calidad, que es duradero, f\u00e1cil de limpiar y resistente a las manchas, asegurando que se vea como nuevo incluso despu\u00e9s de un uso prolongado.<\/p>\n<ul>\n<li>Model No.: EB20<\/li>\n<li>Color: blanco\/negro<\/li>\n<li>Tipo: Lavabo de cer\u00e1mica<\/li>\n<li>Material: cer\u00e1mica<\/li>\n<li>Tama\u00f1o del paquete: 60cm*51cm*31cm<\/li>\n<li>Garant\u00eda: Garant\u00eda de 1 a\u00f1o<\/li>\n<\/ul>","protected":false},"featured_media":13906,"template":"","meta":{"site-sidebar-layout":"default","site-content-layout":"default","ast-global-header-display":"","ast-banner-title-visibility":"","ast-main-header-display":"","ast-hfb-above-header-display":"","ast-hfb-below-header-display":"","ast-hfb-mobile-header-display":"","site-post-title":"","ast-breadcrumbs-content":"","ast-featured-img":"","footer-sml-layout":"","theme-transparent-header-meta":"default","adv-header-id-meta":"","stick-header-meta":"default","header-above-stick-meta":"","header-main-stick-meta":"","header-below-stick-meta":""},"product_brand":[],"product_cat":[51],"product_tag":[23,56],"class_list":{"0":"post-13905","1":"product","2":"type-product","3":"status-publish","4":"has-post-thumbnail","6":"product_cat-ceramic-basin-spare-parts-of-salon-furniture","7":"product_tag-accessories","8":"product_tag-backwash-sink","9":"desktop-align-center","10":"tablet-align-center","11":"mobile-align-center","12":"ast-product-gallery-layout-horizontal-slider","13":"ast-product-gallery-with-no-image","14":"ast-product-tabs-layout-horizontal","16":"first","17":"instock","18":"shipping-taxable","19":"product-type-simple"},"acf":[],"_links":{"self":[{"href":"https:\/\/www.wellbeautysalon.com\/es\/wp-json\/wp\/v2\/product\/13905","targetHints":{"allow":["GET"]}}],"collection":[{"href":"https:\/\/www.wellbeautysalon.com\/es\/wp-json\/wp\/v2\/product"}],"about":[{"href":"https:\/\/www.wellbeautysalon.com\/es\/wp-json\/wp\/v2\/types\/product"}],"wp:featuredmedia":[{"embeddable":true,"href":"https:\/\/www.wellbeautysalon.com\/es\/wp-json\/wp\/v2\/media\/13906"}],"wp:attachment":[{"href":"https:\/\/www.wellbeautysalon.com\/es\/wp-json\/wp\/v2\/media?parent=13905"}],"wp:term":[{"taxonomy":"product_brand","embeddable":true,"href":"https:\/\/www.wellbeautysalon.com\/es\/wp-json\/wp\/v2\/product_brand?post=13905"},{"taxonomy":"product_cat","embeddable":true,"href":"https:\/\/www.wellbeautysalon.com\/es\/wp-json\/wp\/v2\/product_cat?post=13905"},{"taxonomy":"product_tag","embeddable":true,"href":"https:\/\/www.wellbeautysalon.com\/es\/wp-json\/wp\/v2\/product_tag?post=13905"}],"curies":[{"name":"wp","href":"https:\/\/api.w.org\/{rel}","templated":true}]}}