{"id":13900,"date":"2023-08-29T06:18:03","date_gmt":"2023-08-29T06:18:03","guid":{"rendered":"https:\/\/www.wellbeautysalon.com\/?post_type=product&#038;p=13900"},"modified":"2024-06-03T07:10:32","modified_gmt":"2024-06-03T07:10:32","slug":"cuenca-de-ceramica-eb38","status":"publish","type":"product","link":"https:\/\/www.wellbeautysalon.com\/es\/producto\/cuenca-de-ceramica-eb38","title":{"rendered":"Lavabo Cer\u00e1mica EB38"},"content":{"rendered":"<p><strong>Caracter\u00edsticas:<\/strong><\/p>\n<ul>\n<li><strong>Material:<\/strong>\u00a0Cer\u00e1mica de alta calidad, que ofrece una excelente durabilidad y resistencia a las manchas.<\/li>\n<li><strong>Apariencia:<\/strong>\u00a0Superficie blanca lisa, simple y elegante, adecuada para diversos estilos de decoraci\u00f3n de sal\u00f3n.<\/li>\n<li><strong>Artesan\u00eda:<\/strong>\u00a0El avanzado proceso de cocci\u00f3n de cer\u00e1mica garantiza una calidad superior y una apariencia consistente para cada lavabo de champ\u00fa.<\/li>\n<li><strong>Funcionalidad:<\/strong>\u00a0Dise\u00f1o ergon\u00f3mico para mayor comodidad y facilidad de limpieza, garantizando una experiencia de lavado agradable para los clientes.<\/li>\n<\/ul>\n<p><strong>Detalles:<\/strong><\/p>\n<ul>\n<li><strong>Dise\u00f1o:<\/strong>\u00a0Cuenta con dos orificios para la instalaci\u00f3n de la ducha y el grifo, adem\u00e1s de un orificio de drenaje principal, lo que garantiza un flujo de agua suave y evita la acumulaci\u00f3n de agua.<\/li>\n<li><strong>Aplicaci\u00f3n:<\/strong>\u00a0Adecuado para varios salones de belleza, es el complemento ideal para las sillas de lavado profesionales.<\/li>\n<\/ul>\n<p><strong>Ventajas:<\/strong><\/p>\n<ul>\n<li><strong>Material de Alta Calidad:<\/strong>\u00a0Fabricado con material cer\u00e1mico premium, garantiza una durabilidad duradera y una apariencia brillante con el tiempo.<\/li>\n<li><strong>F\u00e1cil de Limpiar:<\/strong>\u00a0La superficie cer\u00e1mica lisa facilita la limpieza, asegurando un entorno higi\u00e9nico.<\/li>\n<li><strong>Experiencia C\u00f3moda:<\/strong>\u00a0El dise\u00f1o ergon\u00f3mico ofrece a los clientes la m\u00e1xima comodidad durante el proceso de lavado de cabello.<\/li>\n<\/ul>\n<p><strong>Escenarios de Uso:<\/strong><\/p>\n<p>El lavabo de cer\u00e1mica EB-38 se utiliza ampliamente en salones de belleza y peluquer\u00edas, convirti\u00e9ndose en un accesorio esencial para las sillas de lavado profesionales. Su alta calidad y dise\u00f1o elegante lo convierten en la mejor opci\u00f3n para el equipamiento de salones.<\/p>\n<div id='gallery-1' class='gallery galleryid-13900 gallery-columns-3 gallery-size-full'><figure class='gallery-item'>\n\t\t\t<div class='gallery-icon landscape'>\n\t\t\t\t<a href='https:\/\/www.wellbeautysalon.com\/es\/?attachment_id=13643'><img fetchpriority=\"high\" decoding=\"async\" width=\"1440\" height=\"1080\" src=\"https:\/\/www.wellbeautysalon.com\/wp-content\/uploads\/2021\/01\/QQ\u56fe\u724720190829221933.jpg\" class=\"attachment-full size-full\" alt=\"\" srcset=\"https:\/\/www.wellbeautysalon.com\/wp-content\/uploads\/2021\/01\/QQ\u56fe\u724720190829221933.jpg 1440w, https:\/\/www.wellbeautysalon.com\/wp-content\/uploads\/2021\/01\/QQ\u56fe\u724720190829221933-16x12.jpg 16w\" sizes=\"(max-width: 1440px) 100vw, 1440px\" title=\"\"><\/a>\n\t\t\t<\/div><\/figure><figure class='gallery-item'>\n\t\t\t<div class='gallery-icon landscape'>\n\t\t\t\t<a href='https:\/\/www.wellbeautysalon.com\/es\/?attachment_id=13642'><img decoding=\"async\" width=\"1440\" height=\"1080\" src=\"https:\/\/www.wellbeautysalon.com\/wp-content\/uploads\/2021\/01\/QQ\u56fe\u724720190829221927.jpg\" class=\"attachment-full size-full\" alt=\"\" srcset=\"https:\/\/www.wellbeautysalon.com\/wp-content\/uploads\/2021\/01\/QQ\u56fe\u724720190829221927.jpg 1440w, https:\/\/www.wellbeautysalon.com\/wp-content\/uploads\/2021\/01\/QQ\u56fe\u724720190829221927-16x12.jpg 16w\" sizes=\"(max-width: 1440px) 100vw, 1440px\" title=\"\"><\/a>\n\t\t\t<\/div><\/figure><figure class='gallery-item'>\n\t\t\t<div class='gallery-icon landscape'>\n\t\t\t\t<a href='https:\/\/www.wellbeautysalon.com\/es\/?attachment_id=13641'><img decoding=\"async\" width=\"1440\" height=\"1080\" src=\"https:\/\/www.wellbeautysalon.com\/wp-content\/uploads\/2021\/01\/QQ\u56fe\u724720190829221921.jpg\" class=\"attachment-full size-full\" alt=\"\" title=\"\"><\/a>\n\t\t\t<\/div><\/figure><figure class='gallery-item'>\n\t\t\t<div class='gallery-icon landscape'>\n\t\t\t\t<a href='https:\/\/www.wellbeautysalon.com\/es\/?attachment_id=13640'><img loading=\"lazy\" decoding=\"async\" width=\"1440\" height=\"1080\" src=\"https:\/\/www.wellbeautysalon.com\/wp-content\/uploads\/2021\/01\/QQ\u56fe\u724720190829221915.jpg\" class=\"attachment-full size-full\" alt=\"\" srcset=\"https:\/\/www.wellbeautysalon.com\/wp-content\/uploads\/2021\/01\/QQ\u56fe\u724720190829221915.jpg 1440w, https:\/\/www.wellbeautysalon.com\/wp-content\/uploads\/2021\/01\/QQ\u56fe\u724720190829221915-16x12.jpg 16w\" sizes=\"(max-width: 1440px) 100vw, 1440px\" title=\"\"><\/a>\n\t\t\t<\/div><\/figure><figure class='gallery-item'>\n\t\t\t<div class='gallery-icon landscape'>\n\t\t\t\t<a href='https:\/\/www.wellbeautysalon.com\/es\/?attachment_id=13639'><img loading=\"lazy\" decoding=\"async\" width=\"1440\" height=\"1080\" src=\"https:\/\/www.wellbeautysalon.com\/wp-content\/uploads\/2021\/01\/QQ\u56fe\u724720190829221910.jpg\" class=\"attachment-full size-full\" alt=\"\" srcset=\"https:\/\/www.wellbeautysalon.com\/wp-content\/uploads\/2021\/01\/QQ\u56fe\u724720190829221910.jpg 1440w, https:\/\/www.wellbeautysalon.com\/wp-content\/uploads\/2021\/01\/QQ\u56fe\u724720190829221910-16x12.jpg 16w\" sizes=\"(max-width: 1440px) 100vw, 1440px\" title=\"\"><\/a>\n\t\t\t<\/div><\/figure><figure class='gallery-item'>\n\t\t\t<div class='gallery-icon landscape'>\n\t\t\t\t<a href='https:\/\/www.wellbeautysalon.com\/es\/?attachment_id=13638'><img loading=\"lazy\" decoding=\"async\" width=\"1440\" height=\"1080\" src=\"https:\/\/www.wellbeautysalon.com\/wp-content\/uploads\/2021\/01\/QQ\u56fe\u724720190829221858.jpg\" class=\"attachment-full size-full\" alt=\"\" srcset=\"https:\/\/www.wellbeautysalon.com\/wp-content\/uploads\/2021\/01\/QQ\u56fe\u724720190829221858.jpg 1440w, https:\/\/www.wellbeautysalon.com\/wp-content\/uploads\/2021\/01\/QQ\u56fe\u724720190829221858-16x12.jpg 16w\" sizes=\"(max-width: 1440px) 100vw, 1440px\" title=\"\"><\/a>\n\t\t\t<\/div><\/figure>\n\t\t<\/div>","protected":false},"excerpt":{"rendered":"<p>El lavabo de cer\u00e1mica EB-38 es un producto de alta calidad dise\u00f1ado espec\u00edficamente para salones de belleza, fabricado con material cer\u00e1mico premium. Su apariencia elegante y moderna, combinada con su superficie f\u00e1cil de limpiar y mantener, lo convierte en un accesorio ideal para las sillas de lavado en los salones de belleza. Este lavabo no solo satisface las necesidades funcionales profesionales, sino que tambi\u00e9n destaca en est\u00e9tica y durabilidad.<\/p>\n<ul>\n<li>Model No.: EB38<\/li>\n<li>Color: blanco\/negro<\/li>\n<li>Tipo: Lavabo de cer\u00e1mica<\/li>\n<li>Material: cer\u00e1mica<\/li>\n<li>Tama\u00f1o del paquete: 58 cm*55cm*29cm<\/li>\n<li>Garant\u00eda: Garant\u00eda de 1 a\u00f1o<\/li>\n<\/ul>","protected":false},"featured_media":13901,"template":"","meta":{"site-sidebar-layout":"default","site-content-layout":"default","ast-global-header-display":"","ast-banner-title-visibility":"","ast-main-header-display":"","ast-hfb-above-header-display":"","ast-hfb-below-header-display":"","ast-hfb-mobile-header-display":"","site-post-title":"","ast-breadcrumbs-content":"","ast-featured-img":"","footer-sml-layout":"","theme-transparent-header-meta":"default","adv-header-id-meta":"","stick-header-meta":"default","header-above-stick-meta":"","header-main-stick-meta":"","header-below-stick-meta":""},"product_brand":[],"product_cat":[51],"product_tag":[23,56],"class_list":{"0":"post-13900","1":"product","2":"type-product","3":"status-publish","4":"has-post-thumbnail","6":"product_cat-ceramic-basin-spare-parts-of-salon-furniture","7":"product_tag-accessories","8":"product_tag-backwash-sink","9":"desktop-align-center","10":"tablet-align-center","11":"mobile-align-center","12":"ast-product-gallery-layout-horizontal-slider","13":"ast-product-gallery-with-no-image","14":"ast-product-tabs-layout-horizontal","16":"first","17":"instock","18":"shipping-taxable","19":"product-type-simple"},"acf":[],"_links":{"self":[{"href":"https:\/\/www.wellbeautysalon.com\/es\/wp-json\/wp\/v2\/product\/13900","targetHints":{"allow":["GET"]}}],"collection":[{"href":"https:\/\/www.wellbeautysalon.com\/es\/wp-json\/wp\/v2\/product"}],"about":[{"href":"https:\/\/www.wellbeautysalon.com\/es\/wp-json\/wp\/v2\/types\/product"}],"wp:featuredmedia":[{"embeddable":true,"href":"https:\/\/www.wellbeautysalon.com\/es\/wp-json\/wp\/v2\/media\/13901"}],"wp:attachment":[{"href":"https:\/\/www.wellbeautysalon.com\/es\/wp-json\/wp\/v2\/media?parent=13900"}],"wp:term":[{"taxonomy":"product_brand","embeddable":true,"href":"https:\/\/www.wellbeautysalon.com\/es\/wp-json\/wp\/v2\/product_brand?post=13900"},{"taxonomy":"product_cat","embeddable":true,"href":"https:\/\/www.wellbeautysalon.com\/es\/wp-json\/wp\/v2\/product_cat?post=13900"},{"taxonomy":"product_tag","embeddable":true,"href":"https:\/\/www.wellbeautysalon.com\/es\/wp-json\/wp\/v2\/product_tag?post=13900"}],"curies":[{"name":"wp","href":"https:\/\/api.w.org\/{rel}","templated":true}]}}