{"id":13892,"date":"2023-08-29T04:37:31","date_gmt":"2023-08-29T04:37:31","guid":{"rendered":"https:\/\/www.wellbeautysalon.com\/?post_type=product&#038;p=13892"},"modified":"2024-06-04T14:23:56","modified_gmt":"2024-06-04T14:23:56","slug":"espejo-de-peluqueria-brochure-c","status":"publish","type":"product","link":"https:\/\/www.wellbeautysalon.com\/es\/producto\/espejo-de-peluqueria-brochure-c","title":{"rendered":"Espejo de Peluquer\u00eda-Folleto-C"},"content":{"rendered":"<ul>\n<li><strong>Variedad de Dise\u00f1os:<\/strong> Nuestra colecci\u00f3n incluye tocadores de belleza de un solo lado, de doble lado y de acero inoxidable de alta calidad, disponibles en m\u00faltiples estilos para adaptarse a la decoraci\u00f3n de su sal\u00f3n.<\/li>\n<li><strong>Calidad Premium:<\/strong> Fabricados con materiales de primera calidad para garantizar la durabilidad y un rendimiento robusto en entornos de sal\u00f3n ocupados.<\/li>\n<li><strong>Elegante y Funcional:<\/strong> Dise\u00f1ados teniendo en cuenta tanto la est\u00e9tica como la funcionalidad, nuestros tocadores de belleza proporcionan un amplio espacio de trabajo y almacenamiento para todas sus herramientas de peinado.<\/li>\n<li><strong>Personalizaci\u00f3n Disponible:<\/strong> Ofrecemos opciones de personalizaci\u00f3n para adaptar nuestros productos a sus requisitos espec\u00edficos, asegurando un ajuste perfecto para su sal\u00f3n.<\/li>\n<\/ul>\n<p><strong>Por Qu\u00e9 Elegirnos:<\/strong><\/p>\n<ul>\n<li><strong>Artesan\u00eda Experta:<\/strong> Con a\u00f1os de experiencia en la industria, aportamos una artesan\u00eda experta a cada producto que fabricamos.<\/li>\n<li><strong>Proveedor Confiable:<\/strong> Como proveedor l\u00edder en China, estamos comprometidos a proporcionar equipos de sal\u00f3n de alta calidad que cumplen con los est\u00e1ndares internacionales.<\/li>\n<li><strong>Precios Competitivos:<\/strong> Benef\u00edciese de nuestros precios directos de f\u00e1brica, ofreciendo un gran valor sin comprometer la calidad.<\/li>\n<li><strong>Env\u00edo Global:<\/strong> Enviamos a todo el mundo, asegurando una entrega oportuna y un excelente servicio al cliente.<\/li>\n<\/ul>\n<p><strong>Aplicaciones:<\/strong><\/p>\n<p>Ideal para su uso en peluquer\u00edas, salones de belleza y barber\u00edas, nuestros espejos de peluquer\u00eda y estaciones de peinado est\u00e1n dise\u00f1ados para mejorar la funcionalidad y la apariencia de su espacio de trabajo. Ya sea que est\u00e9 instalando un nuevo sal\u00f3n o actualizando su equipo existente, WellBeauty tiene la soluci\u00f3n perfecta para satisfacer sus necesidades.\n\nMejore su sal\u00f3n con nuestros espejos de peluquer\u00eda y estaciones de peinado de primera calidad. Cont\u00e1ctenos hoy para obtener m\u00e1s informaci\u00f3n sobre nuestros productos y opciones de personalizaci\u00f3n.<\/p>\n<p>Mejore su sal\u00f3n con nuestros espejos de peluquer\u00eda y estaciones de peinado de primera calidad. Cont\u00e1ctenos hoy para obtener m\u00e1s informaci\u00f3n sobre nuestros productos y opciones de personalizaci\u00f3n.<\/p>","protected":false},"excerpt":{"rendered":"<p>Model No.: Brochure-C<br \/>\nColor: Opcional<br \/>\nTipo: muebles de peluquer\u00eda<br \/>\nCaracter\u00edstica: base de acero inoxidable, interruptor t\u00e1ctil LED<br \/>\nMaterial: Acero inoxidable<br \/>\nGarant\u00eda: Garant\u00eda de 1 a\u00f1o<\/p>","protected":false},"featured_media":13893,"template":"","meta":{"site-sidebar-layout":"default","site-content-layout":"default","ast-global-header-display":"","ast-banner-title-visibility":"","ast-main-header-display":"","ast-hfb-above-header-display":"","ast-hfb-below-header-display":"","ast-hfb-mobile-header-display":"","site-post-title":"","ast-breadcrumbs-content":"","ast-featured-img":"","footer-sml-layout":"","theme-transparent-header-meta":"default","adv-header-id-meta":"","stick-header-meta":"default","header-above-stick-meta":"","header-main-stick-meta":"","header-below-stick-meta":""},"product_brand":[],"product_cat":[52],"product_tag":[53,61],"class_list":{"0":"post-13892","1":"product","2":"type-product","3":"status-publish","4":"has-post-thumbnail","6":"product_cat-salon-styling-stations","7":"product_tag-hairdressing-furniture","8":"product_tag-mirror-station","9":"desktop-align-center","10":"tablet-align-center","11":"mobile-align-center","12":"ast-product-gallery-layout-horizontal-slider","13":"ast-product-gallery-with-no-image","14":"ast-product-tabs-layout-horizontal","16":"first","17":"instock","18":"shipping-taxable","19":"product-type-simple"},"acf":[],"_links":{"self":[{"href":"https:\/\/www.wellbeautysalon.com\/es\/wp-json\/wp\/v2\/product\/13892","targetHints":{"allow":["GET"]}}],"collection":[{"href":"https:\/\/www.wellbeautysalon.com\/es\/wp-json\/wp\/v2\/product"}],"about":[{"href":"https:\/\/www.wellbeautysalon.com\/es\/wp-json\/wp\/v2\/types\/product"}],"wp:featuredmedia":[{"embeddable":true,"href":"https:\/\/www.wellbeautysalon.com\/es\/wp-json\/wp\/v2\/media\/13893"}],"wp:attachment":[{"href":"https:\/\/www.wellbeautysalon.com\/es\/wp-json\/wp\/v2\/media?parent=13892"}],"wp:term":[{"taxonomy":"product_brand","embeddable":true,"href":"https:\/\/www.wellbeautysalon.com\/es\/wp-json\/wp\/v2\/product_brand?post=13892"},{"taxonomy":"product_cat","embeddable":true,"href":"https:\/\/www.wellbeautysalon.com\/es\/wp-json\/wp\/v2\/product_cat?post=13892"},{"taxonomy":"product_tag","embeddable":true,"href":"https:\/\/www.wellbeautysalon.com\/es\/wp-json\/wp\/v2\/product_tag?post=13892"}],"curies":[{"name":"wp","href":"https:\/\/api.w.org\/{rel}","templated":true}]}}