{"id":13882,"date":"2023-08-29T04:08:56","date_gmt":"2023-08-29T04:08:56","guid":{"rendered":"https:\/\/www.wellbeautysalon.com\/?post_type=product&#038;p=13882"},"modified":"2024-06-05T00:55:39","modified_gmt":"2024-06-05T00:55:39","slug":"espejo-de-peluqueria-2033s","status":"publish","type":"product","link":"https:\/\/www.wellbeautysalon.com\/es\/producto\/espejo-de-peluqueria-2033s","title":{"rendered":"Espejo de Peluquer\u00eda-2033S"},"content":{"rendered":"<p>Bienvenido a WellBeauty, un fabricante l\u00edder de espejos de peluquer\u00eda y estaciones de peinado de alta calidad con sede en China. Con m\u00e1s de 20 a\u00f1os de experiencia especializada en exportaciones. Servimos a una amplia gama de clientes, incluidos distribuidores y fabricantes de muebles de peluquer\u00eda, ofreciendo tanto componentes como productos completos.<\/p>\n<p><strong>Caracter\u00edsticas:<\/strong><\/p>\n<ul>\n<li><strong>Calidad Superior:<\/strong> Nuestros espejos est\u00e1n fabricados con materiales de primera calidad para garantizar durabilidad y un acabado elegante y profesional.<\/li>\n<li><strong>Dise\u00f1o Moderno:<\/strong> Con dise\u00f1os contempor\u00e1neos y opciones de iluminaci\u00f3n integrada, nuestros espejos proporcionan una iluminaci\u00f3n \u00f3ptima para las tareas de peluquer\u00eda.<\/li>\n<li><strong>Personalizaci\u00f3n Disponible:<\/strong> Ofrecemos una variedad de estilos y tama\u00f1os, con opciones de personalizaci\u00f3n para satisfacer las necesidades espec\u00edficas de su sal\u00f3n.<\/li>\n<li><strong>F\u00e1cil Instalaci\u00f3n:<\/strong> Dise\u00f1ados para una instalaci\u00f3n y mantenimiento sencillos, lo que los convierte en una opci\u00f3n pr\u00e1ctica para salones ocupados.<\/li>\n<li><strong>Ecol\u00f3gico:<\/strong> Fabricados con materiales y procesos respetuosos con el medio ambiente.<\/li>\n<\/ul>\n<p><strong>Por Qu\u00e9 Elegirnos:<\/strong><\/p>\n<ul>\n<li><strong>Artesan\u00eda Experta:<\/strong> Con dos d\u00e9cadas de experiencia en la industria, aportamos una artesan\u00eda experta a cada producto que fabricamos.<\/li>\n<li><strong>Proveedor Confiable:<\/strong> Como proveedor l\u00edder en China, estamos comprometidos a proporcionar equipos de sal\u00f3n de alta calidad que cumplen con los est\u00e1ndares internacionales.<\/li>\n<li><strong>Precios Competitivos:<\/strong> Benef\u00edciese de nuestros precios directos de f\u00e1brica, ofreciendo un gran valor sin comprometer la calidad.<\/li>\n<li><strong>Env\u00edo Global:<\/strong> Enviamos a todo el mundo, enfoc\u00e1ndonos en una entrega oportuna y un excelente servicio al cliente, especialmente para nuestros clientes sudamericanos.<\/li>\n<\/ul>\n<p><strong>Aplicaciones:<\/strong><\/p>\n<p>Ideal para su uso en peluquer\u00edas, salones de belleza y barber\u00edas, nuestros espejos de peluquer\u00eda y estaciones de peinado est\u00e1n dise\u00f1ados para mejorar la funcionalidad y la apariencia de su espacio de trabajo. Ya sea que est\u00e9 instalando un nuevo sal\u00f3n o actualizando su equipo existente, WellBeauty tiene la soluci\u00f3n perfecta para satisfacer sus necesidades.\n\nMejore su sal\u00f3n con nuestros espejos de peluquer\u00eda y estaciones de peinado de primera calidad. Cont\u00e1ctenos hoy para obtener m\u00e1s informaci\u00f3n sobre nuestros productos y opciones de personalizaci\u00f3n.<\/p>\n<p>Mejore su sal\u00f3n con nuestros espejos de peluquer\u00eda y estaciones de peinado de primera calidad. Cont\u00e1ctenos hoy para obtener m\u00e1s informaci\u00f3n sobre nuestros productos y opciones de personalizaci\u00f3n.<\/p>","protected":false},"excerpt":{"rendered":"<p>Model No.: Espejo de peluquer\u00eda-2033S<br \/>\nColor: Opcional<br \/>\nTipo: muebles de peluquer\u00eda<br \/>\nCaracter\u00edstica: base de acero inoxidable, interruptor t\u00e1ctil LED<br \/>\nMaterial: Acero inoxidable<br \/>\ndimensiones del paquete: 120cm*120cm(1pc\/carton)<br \/>\nVoltaje: 110V\/220V<br \/>\nGarant\u00eda: Garant\u00eda de 1 a\u00f1o<\/p>","protected":false},"featured_media":13883,"template":"","meta":{"site-sidebar-layout":"default","site-content-layout":"default","ast-global-header-display":"","ast-banner-title-visibility":"","ast-main-header-display":"","ast-hfb-above-header-display":"","ast-hfb-below-header-display":"","ast-hfb-mobile-header-display":"","site-post-title":"","ast-breadcrumbs-content":"","ast-featured-img":"","footer-sml-layout":"","theme-transparent-header-meta":"default","adv-header-id-meta":"","stick-header-meta":"default","header-above-stick-meta":"","header-main-stick-meta":"","header-below-stick-meta":""},"product_brand":[],"product_cat":[52],"product_tag":[53,61],"class_list":{"0":"post-13882","1":"product","2":"type-product","3":"status-publish","4":"has-post-thumbnail","6":"product_cat-salon-styling-stations","7":"product_tag-hairdressing-furniture","8":"product_tag-mirror-station","9":"desktop-align-center","10":"tablet-align-center","11":"mobile-align-center","12":"ast-product-gallery-layout-horizontal-slider","13":"ast-product-tabs-layout-horizontal","15":"first","16":"instock","17":"shipping-taxable","18":"product-type-simple"},"acf":[],"_links":{"self":[{"href":"https:\/\/www.wellbeautysalon.com\/es\/wp-json\/wp\/v2\/product\/13882","targetHints":{"allow":["GET"]}}],"collection":[{"href":"https:\/\/www.wellbeautysalon.com\/es\/wp-json\/wp\/v2\/product"}],"about":[{"href":"https:\/\/www.wellbeautysalon.com\/es\/wp-json\/wp\/v2\/types\/product"}],"wp:featuredmedia":[{"embeddable":true,"href":"https:\/\/www.wellbeautysalon.com\/es\/wp-json\/wp\/v2\/media\/13883"}],"wp:attachment":[{"href":"https:\/\/www.wellbeautysalon.com\/es\/wp-json\/wp\/v2\/media?parent=13882"}],"wp:term":[{"taxonomy":"product_brand","embeddable":true,"href":"https:\/\/www.wellbeautysalon.com\/es\/wp-json\/wp\/v2\/product_brand?post=13882"},{"taxonomy":"product_cat","embeddable":true,"href":"https:\/\/www.wellbeautysalon.com\/es\/wp-json\/wp\/v2\/product_cat?post=13882"},{"taxonomy":"product_tag","embeddable":true,"href":"https:\/\/www.wellbeautysalon.com\/es\/wp-json\/wp\/v2\/product_tag?post=13882"}],"curies":[{"name":"wp","href":"https:\/\/api.w.org\/{rel}","templated":true}]}}