{"id":13879,"date":"2023-08-29T04:01:12","date_gmt":"2023-08-29T04:01:12","guid":{"rendered":"https:\/\/www.wellbeautysalon.com\/?post_type=product&#038;p=13879"},"modified":"2024-06-05T04:46:26","modified_gmt":"2024-06-05T04:46:26","slug":"espejo-de-peluqueria-2007a","status":"publish","type":"product","link":"https:\/\/www.wellbeautysalon.com\/es\/producto\/espejo-de-peluqueria-2007a","title":{"rendered":"Espejo de Peluquer\u00eda-2007A"},"content":{"rendered":"<p>Presentamos nuestros espejos redondos LED de alta calidad, dise\u00f1ados espec\u00edficamente para entornos profesionales de peluquer\u00eda. Como fabricante l\u00edder en China con m\u00e1s de 20 a\u00f1os de experiencia en exportaci\u00f3n, WellBeauty se especializa en crear equipos de sal\u00f3n elegantes y funcionales, adaptados para satisfacer las demandas de los salones modernos.donde servimos a una amplia gama de clientes, incluidos distribuidores y fabricantes de muebles de peluquer\u00eda.<\/p>\n<p><strong>Caracter\u00edsticas:<\/strong><\/p>\n<ul>\n<li><strong>Calidad Superior:<\/strong> Fabricados con materiales de primera calidad, nuestros espejos LED redondos ofrecen durabilidad y un acabado moderno y elegante que realza la decoraci\u00f3n de cualquier sal\u00f3n.<\/li>\n<li><strong>Iluminaci\u00f3n LED Integrada:<\/strong> Equipados con luces LED de bajo consumo energ\u00e9tico, estos espejos proporcionan una iluminaci\u00f3n \u00f3ptima para tareas de peluquer\u00eda precisas.<\/li>\n<li><strong>Dise\u00f1o Elegante:<\/strong> La forma redonda y el dise\u00f1o minimalista a\u00f1aden un toque de elegancia a su sal\u00f3n, creando un ambiente sofisticado.<\/li>\n<li><strong>Estaciones de Peinado Funcionales:<\/strong> Cada espejo viene acompa\u00f1ado de una pr\u00e1ctica estaci\u00f3n de peinado, que proporciona un amplio espacio de trabajo y almacenamiento para todas sus herramientas de peinado.<\/li>\n<li><strong>Personalizaci\u00f3n Disponible:<\/strong> Ofrecemos varias tama\u00f1os y acabados, permiti\u00e9ndole personalizar los espejos para que se adapten perfectamente a la est\u00e9tica de su sal\u00f3n.<\/li>\n<\/ul>\n<p><strong>Por Qu\u00e9 Elegirnos:<\/strong><\/p>\n<ul>\n<li><strong>Artesan\u00eda Experta:<\/strong> Con dos d\u00e9cadas de experiencia en la industria, aportamos artesan\u00eda experta y atenci\u00f3n al detalle a cada producto que fabricamos.<\/li>\n<li><strong>Proveedor Confiable:<\/strong> Como proveedor l\u00edder en China, estamos comprometidos a proporcionar equipos de sal\u00f3n de alta calidad que cumplen con los est\u00e1ndares internacionales.<\/li>\n<li><strong>Precios Competitivos:<\/strong> Benef\u00edciese de nuestros precios directos de f\u00e1brica, ofreciendo un gran valor sin comprometer la calidad.<\/li>\n<li><strong>Env\u00edo Global:<\/strong> Enviamos a todo el mundo, con un enfoque en la entrega oportuna y un excelente servicio al cliente, especialmente para nuestros clientes sudamericanos.<\/li>\n<\/ul>\n<p><strong>Aplicaciones:<\/strong><\/p>\n<p>Ideales para su uso en peluquer\u00edas, salones de belleza y barber\u00edas, nuestros espejos de sal\u00f3n LED redondos est\u00e1n dise\u00f1ados para mejorar tanto la funcionalidad como la apariencia de su espacio de trabajo. Ya sea que est\u00e9 instalando un nuevo sal\u00f3n o actualizando su equipo existente, WellBeauty tiene la soluci\u00f3n perfecta para satisfacer sus necesidades.<\/p>\n<p>Mejore su sal\u00f3n con nuestros espejos de sal\u00f3n LED redondos y estaciones de peinado integradas de primera calidad. Cont\u00e1ctenos hoy para obtener m\u00e1s informaci\u00f3n sobre nuestros productos y opciones de personalizaci\u00f3n.<\/p>","protected":false},"excerpt":{"rendered":"<p>Model No.: Espejo de peluquer\u00eda-2007A<br \/>\nColor: Opcional<br \/>\nTipo: muebles de peluquer\u00eda<br \/>\nCaracter\u00edstica: base de acero inoxidable, interruptor t\u00e1ctil LED<br \/>\nMaterial: Acero inoxidable<br \/>\nVoltaje: 110V\/220V<br \/>\nGarant\u00eda: Garant\u00eda de 1 a\u00f1o<\/p>","protected":false},"featured_media":13880,"template":"","meta":{"site-sidebar-layout":"default","site-content-layout":"default","ast-global-header-display":"","ast-banner-title-visibility":"","ast-main-header-display":"","ast-hfb-above-header-display":"","ast-hfb-below-header-display":"","ast-hfb-mobile-header-display":"","site-post-title":"","ast-breadcrumbs-content":"","ast-featured-img":"","footer-sml-layout":"","theme-transparent-header-meta":"default","adv-header-id-meta":"","stick-header-meta":"default","header-above-stick-meta":"","header-main-stick-meta":"","header-below-stick-meta":""},"product_brand":[],"product_cat":[52],"product_tag":[53,61],"class_list":{"0":"post-13879","1":"product","2":"type-product","3":"status-publish","4":"has-post-thumbnail","6":"product_cat-salon-styling-stations","7":"product_tag-hairdressing-furniture","8":"product_tag-mirror-station","9":"desktop-align-center","10":"tablet-align-center","11":"mobile-align-center","12":"ast-product-gallery-layout-horizontal-slider","13":"ast-product-tabs-layout-horizontal","15":"first","16":"instock","17":"shipping-taxable","18":"product-type-simple"},"acf":[],"_links":{"self":[{"href":"https:\/\/www.wellbeautysalon.com\/es\/wp-json\/wp\/v2\/product\/13879","targetHints":{"allow":["GET"]}}],"collection":[{"href":"https:\/\/www.wellbeautysalon.com\/es\/wp-json\/wp\/v2\/product"}],"about":[{"href":"https:\/\/www.wellbeautysalon.com\/es\/wp-json\/wp\/v2\/types\/product"}],"wp:featuredmedia":[{"embeddable":true,"href":"https:\/\/www.wellbeautysalon.com\/es\/wp-json\/wp\/v2\/media\/13880"}],"wp:attachment":[{"href":"https:\/\/www.wellbeautysalon.com\/es\/wp-json\/wp\/v2\/media?parent=13879"}],"wp:term":[{"taxonomy":"product_brand","embeddable":true,"href":"https:\/\/www.wellbeautysalon.com\/es\/wp-json\/wp\/v2\/product_brand?post=13879"},{"taxonomy":"product_cat","embeddable":true,"href":"https:\/\/www.wellbeautysalon.com\/es\/wp-json\/wp\/v2\/product_cat?post=13879"},{"taxonomy":"product_tag","embeddable":true,"href":"https:\/\/www.wellbeautysalon.com\/es\/wp-json\/wp\/v2\/product_tag?post=13879"}],"curies":[{"name":"wp","href":"https:\/\/api.w.org\/{rel}","templated":true}]}}