{"id":13866,"date":"2023-08-22T06:58:00","date_gmt":"2023-08-22T06:58:00","guid":{"rendered":"https:\/\/www.wellbeautysalon.com\/?post_type=product&#038;p=13866"},"modified":"2024-07-04T02:31:33","modified_gmt":"2024-07-04T02:31:33","slug":"auxiliares-cart-14","status":"publish","type":"product","link":"https:\/\/www.wellbeautysalon.com\/es\/producto\/auxiliares-cart-14","title":{"rendered":"Cart Auxiliar de Coloraci\u00f3n del Cabello Flybridge"},"content":{"rendered":"<ul>\n<li><strong>Dimensiones:<\/strong> El carro tiene una altura de 88cm, con una secci\u00f3n superior de 24cm, una secci\u00f3n media de 64cm y una base de 23cm x 38cm.<\/li>\n<li><strong>Materiales:<\/strong> Fabricado con materiales premium y duraderos que garantizan un uso prolongado y estabilidad.<\/li>\n<li><strong>Dise\u00f1o Multifuncional:<\/strong> Equipado con estaciones de tinte integradas, incluyendo soportes para cuencos de tinte, cepillos y otras herramientas esenciales.<\/li>\n<li><strong>Movilidad F\u00e1cil:<\/strong> Cuenta con ruedas de rodamiento suave para facilitar el movimiento por el sal\u00f3n, asegurando que sus herramientas est\u00e9n siempre al alcance.<\/li>\n<li><strong>Amplio Almacenamiento:<\/strong> Proporciona m\u00faltiples compartimentos y bandejas para organizar sus herramientas de peluquer\u00eda de manera eficiente.<\/li>\n<li><strong>Estructura Ergon\u00f3mica:<\/strong> Dise\u00f1ado para facilitar el acceso a las herramientas y mejorar el flujo de trabajo general en el sal\u00f3n.<\/li>\n<\/ul>\n<p><strong>Especificaciones:<\/strong><\/p>\n<ul>\n<li><strong>Bandeja Superior:<\/strong> Mide 31cm x 41cm, dise\u00f1ada para sostener cuencos de tinte y cepillos de manera segura.<\/li>\n<li><strong>Soporte para Cuenco de Tinte:<\/strong> Mide 15.7cm de di\u00e1metro y 5cm de profundidad, asegurando estabilidad y facilidad de uso.<\/li>\n<li><strong>Dimensiones de la Base:<\/strong> 23cm x 38cm, proporcionando una base estable y robusta para el carro.<\/li>\n<\/ul>\n<p><strong>Por Qu\u00e9 Elegirnos:<\/strong><\/p>\n<ul>\n<li><strong>Artesan\u00eda Experta:<\/strong> Con m\u00e1s de 20 a\u00f1os de experiencia en la industria, garantizamos artesan\u00eda experta en cada producto.<\/li>\n<li><strong>Proveedor Confiable:<\/strong> Como un fabricante l\u00edder en China, estamos comprometidos a proporcionar equipos de sal\u00f3n de alta calidad que cumplen con los est\u00e1ndares internacionales.<\/li>\n<li><strong>Precios Competitivos:<\/strong> Benef\u00edciese de nuestros precios directos de f\u00e1brica, ofreciendo un gran valor sin comprometer la calidad.<\/li>\n<li><strong>Env\u00edo Global:<\/strong> Enviamos a todo el mundo, asegurando una entrega oportuna y un excelente servicio al cliente.<\/li>\n<\/ul>\n<p><strong>Aplicaciones:<\/strong><\/p>\n<p>Ideales para su uso en peluquer\u00edas, salones de belleza y barber\u00edas, nuestros carros de peluquer\u00eda multifuncionales est\u00e1n dise\u00f1ados para mejorar tanto la funcionalidad como la eficiencia de su espacio de trabajo. Ya sea que est\u00e9 instalando un nuevo sal\u00f3n o actualizando su equipo existente, WellBeauty tiene la soluci\u00f3n perfecta para satisfacer sus necesidades.<\/p>\n<p>Mejore las operaciones de su sal\u00f3n con nuestro carro de peluquer\u00eda multifuncional premium. Cont\u00e1ctenos hoy para obtener m\u00e1s informaci\u00f3n sobre nuestros productos y opciones de personalizaci\u00f3n.<\/p>","protected":false},"excerpt":{"rendered":"<p><strong>Carro de peluquer\u00eda multifuncional\u00a0<\/strong><\/p>\n<ul>\n<li>Model No.: Auxiliares cart-14<\/li>\n<li>Color: Opcional<\/li>\n<li>Tipo: Carro Ayudante de Peluquer\u00eda<\/li>\n<li>Ruedas: PP<\/li>\n<li>Caracter\u00edstica: Carro de tinte<\/li>\n<li>Material: ABS+PP<\/li>\n<li>Dimensiones del Paquete: 79*53*40cm(1pc\/carton)<\/li>\n<li>Garant\u00eda: Garant\u00eda de 1 a\u00f1o<\/li>\n<li>Origen: Hecho en China<\/li>\n<\/ul>","protected":false},"featured_media":13867,"template":"","meta":{"site-sidebar-layout":"default","site-content-layout":"default","ast-global-header-display":"","ast-banner-title-visibility":"","ast-main-header-display":"","ast-hfb-above-header-display":"","ast-hfb-below-header-display":"","ast-hfb-mobile-header-display":"","site-post-title":"","ast-breadcrumbs-content":"","ast-featured-img":"","footer-sml-layout":"","theme-transparent-header-meta":"default","adv-header-id-meta":"","stick-header-meta":"default","header-above-stick-meta":"","header-main-stick-meta":"","header-below-stick-meta":""},"product_brand":[],"product_cat":[22],"product_tag":[53,54],"class_list":{"0":"post-13866","1":"product","2":"type-product","3":"status-publish","4":"has-post-thumbnail","6":"product_cat-dye-trolley-cart","7":"product_tag-hairdressing-furniture","8":"product_tag-auxiliary-hairdressing-furniture","9":"desktop-align-center","10":"tablet-align-center","11":"mobile-align-center","12":"ast-product-gallery-layout-horizontal-slider","13":"ast-product-tabs-layout-horizontal","15":"first","16":"instock","17":"shipping-taxable","18":"product-type-simple"},"acf":[],"_links":{"self":[{"href":"https:\/\/www.wellbeautysalon.com\/es\/wp-json\/wp\/v2\/product\/13866","targetHints":{"allow":["GET"]}}],"collection":[{"href":"https:\/\/www.wellbeautysalon.com\/es\/wp-json\/wp\/v2\/product"}],"about":[{"href":"https:\/\/www.wellbeautysalon.com\/es\/wp-json\/wp\/v2\/types\/product"}],"wp:featuredmedia":[{"embeddable":true,"href":"https:\/\/www.wellbeautysalon.com\/es\/wp-json\/wp\/v2\/media\/13867"}],"wp:attachment":[{"href":"https:\/\/www.wellbeautysalon.com\/es\/wp-json\/wp\/v2\/media?parent=13866"}],"wp:term":[{"taxonomy":"product_brand","embeddable":true,"href":"https:\/\/www.wellbeautysalon.com\/es\/wp-json\/wp\/v2\/product_brand?post=13866"},{"taxonomy":"product_cat","embeddable":true,"href":"https:\/\/www.wellbeautysalon.com\/es\/wp-json\/wp\/v2\/product_cat?post=13866"},{"taxonomy":"product_tag","embeddable":true,"href":"https:\/\/www.wellbeautysalon.com\/es\/wp-json\/wp\/v2\/product_tag?post=13866"}],"curies":[{"name":"wp","href":"https:\/\/api.w.org\/{rel}","templated":true}]}}