{"id":13844,"date":"2023-08-22T02:42:20","date_gmt":"2023-08-22T02:42:20","guid":{"rendered":"https:\/\/www.wellbeautysalon.com\/?post_type=product&#038;p=13844"},"modified":"2024-07-04T02:39:03","modified_gmt":"2024-07-04T02:39:03","slug":"auxiliares-cart-3","status":"publish","type":"product","link":"https:\/\/www.wellbeautysalon.com\/es\/producto\/auxiliares-cart-3","title":{"rendered":"Cart Auxiliar de Peluquer\u00eda Caj\u00f3n Multifunci\u00f3n"},"content":{"rendered":"<p>Presentamos nuestro carro de tinte de pelo plegable de alta gama, una opci\u00f3n popular entre los salones profesionales por su practicidad y elegancia. Como fabricante l\u00edder en China, WellBeauty se especializa en crear equipos de sal\u00f3n duraderos y funcionales. Este carro premium cuenta con ruedas silenciosas de cristal, que aseguran un movimiento suave y sin ruido, lo que lo convierte en una valiosa adici\u00f3n a cualquier entorno de sal\u00f3n profesional.<\/p>\n<p><strong>Caracter\u00edsticas:<\/strong><\/p>\n<ul>\n<li><strong>Dimensiones:<\/strong> El carro mide 94cm de altura, con un ancho de 33cm y una profundidad de 43cm, proporcionando un dise\u00f1o compacto y estable.<\/li>\n<li><strong>Materiales:<\/strong> Construido con pl\u00e1stico y metal de alta calidad, asegurando durabilidad y f\u00e1cil mantenimiento.<\/li>\n<li><strong>Dise\u00f1o Plegable:<\/strong> El dise\u00f1o \u00fanico plegable permite un f\u00e1cil almacenamiento y transporte, haci\u00e9ndolo ideal para servicios de peluquer\u00eda m\u00f3viles y salones con espacio limitado.<\/li>\n<li><strong>Ruedas Silenciosas de Cristal:<\/strong> El dise\u00f1o elegante y moderno del carro agrega un toque de elegancia a cualquier sal\u00f3n, convirti\u00e9ndolo en una pieza destacada de equipo.<\/li>\n<li><strong>Amplio Almacenamiento:<\/strong> Equipado con ruedas de cristal de alta gama que ruedan suavemente y de manera silenciosa, evitando que el cabello se quede atrapado y asegurando un entorno libre de ruido.<\/li>\n<li><strong>Uso Vers\u00e1til:<\/strong> Ideal para almacenar y organizar herramientas, productos y accesorios de peluquer\u00eda, mejorando la eficiencia general de las operaciones del sal\u00f3n.<\/li>\n<li><strong>Opci\u00f3n Popular:<\/strong> Muy popular entre los salones profesionales por su dise\u00f1o elegante y funcionalidad pr\u00e1ctica.<\/li>\n<\/ul>\n<p><strong>Especificaciones:<\/strong><\/p>\n<ul>\n<li><strong>Altura:<\/strong> 94cm, proporcionando una altura de trabajo conveniente para los estilistas.<\/li>\n<li><strong>Ancho:<\/strong> 33cm, ofreciendo un dise\u00f1o compacto pero espacioso.<\/li>\n<li><strong>Profundidad:<\/strong> 43cm, asegurando un tama\u00f1o de carro estable y pr\u00e1ctico.<\/li>\n<li><strong>Capacidad de los Cajones:<\/strong> M\u00faltiples cajones para un almacenamiento organizado.<\/li>\n<\/ul>\n<p><strong>Por Qu\u00e9 Elegirnos:<\/strong><\/p>\n<ul>\n<li><strong>Artesan\u00eda Experta:<\/strong> Con m\u00e1s de 20 a\u00f1os de experiencia en la industria, garantizamos una artesan\u00eda experta en cada producto.<\/li>\n<li><strong>Proveedor Confiable:<\/strong> Como un fabricante l\u00edder en China, estamos comprometidos a proporcionar equipos de sal\u00f3n de alta calidad que cumplen con los est\u00e1ndares internacionales.<\/li>\n<li><strong>Precios Competitivos:<\/strong> Benef\u00edciese de nuestros precios directos de f\u00e1brica, ofreciendo un gran valor sin comprometer la calidad.<\/li>\n<li><strong>Env\u00edo Global:<\/strong> Enviamos a todo el mundo, asegurando una entrega oportuna y un excelente servicio al cliente.<\/li>\n<\/ul>\n<p><strong>Aplicaciones:<\/strong><\/p>\n<p>Ideales para su uso en peluquer\u00edas, salones de belleza y barber\u00edas, nuestros carros de tinte de pelo plegables de alta gama con ruedas silenciosas de cristal est\u00e1n dise\u00f1ados para mejorar tanto la funcionalidad como la est\u00e9tica de su espacio de trabajo. Ya sea que est\u00e9 instalando un nuevo sal\u00f3n o actualizando su equipo existente, WellBeauty tiene la soluci\u00f3n perfecta para satisfacer sus necesidades.<\/p>\n<p>Mejore las operaciones de su sal\u00f3n con nuestro carro de tinte de pelo plegable premium. Cont\u00e1ctenos hoy para obtener m\u00e1s informaci\u00f3n sobre nuestros productos y opciones de personalizaci\u00f3n.<\/p>","protected":false},"excerpt":{"rendered":"<p><strong>Carro de Tinte de Pelo Plegable de Alta Gama con Ruedas Silenciosas de Cristal<\/strong><\/p>\n<ul>\n<li>Model No.:  Auxiliares cart-3<\/li>\n<li>Color: Opcional<\/li>\n<li>Tipo: Carro Ayudante de Peluquer\u00eda<\/li>\n<li>Ruedas: PC+PU<\/li>\n<li>Caracter\u00edstica: Carro de tinte<\/li>\n<li>Material: PP + PC + PU<\/li>\n<li>Dimensiones del Paquete:83*28*40cm(2pcs\/carton)<\/li>\n<li>Garant\u00eda: Garant\u00eda de 1 a\u00f1o<\/li>\n<\/ul>","protected":false},"featured_media":13849,"template":"","meta":{"site-sidebar-layout":"default","site-content-layout":"default","ast-global-header-display":"","ast-banner-title-visibility":"","ast-main-header-display":"","ast-hfb-above-header-display":"","ast-hfb-below-header-display":"","ast-hfb-mobile-header-display":"","site-post-title":"","ast-breadcrumbs-content":"","ast-featured-img":"","footer-sml-layout":"","theme-transparent-header-meta":"default","adv-header-id-meta":"","stick-header-meta":"default","header-above-stick-meta":"","header-main-stick-meta":"","header-below-stick-meta":""},"product_brand":[],"product_cat":[22],"product_tag":[54],"class_list":{"0":"post-13844","1":"product","2":"type-product","3":"status-publish","4":"has-post-thumbnail","6":"product_cat-dye-trolley-cart","7":"product_tag-auxiliary-hairdressing-furniture","8":"desktop-align-center","9":"tablet-align-center","10":"mobile-align-center","11":"ast-product-gallery-layout-horizontal-slider","12":"ast-product-tabs-layout-horizontal","14":"first","15":"instock","16":"shipping-taxable","17":"product-type-simple"},"acf":[],"_links":{"self":[{"href":"https:\/\/www.wellbeautysalon.com\/es\/wp-json\/wp\/v2\/product\/13844","targetHints":{"allow":["GET"]}}],"collection":[{"href":"https:\/\/www.wellbeautysalon.com\/es\/wp-json\/wp\/v2\/product"}],"about":[{"href":"https:\/\/www.wellbeautysalon.com\/es\/wp-json\/wp\/v2\/types\/product"}],"wp:featuredmedia":[{"embeddable":true,"href":"https:\/\/www.wellbeautysalon.com\/es\/wp-json\/wp\/v2\/media\/13849"}],"wp:attachment":[{"href":"https:\/\/www.wellbeautysalon.com\/es\/wp-json\/wp\/v2\/media?parent=13844"}],"wp:term":[{"taxonomy":"product_brand","embeddable":true,"href":"https:\/\/www.wellbeautysalon.com\/es\/wp-json\/wp\/v2\/product_brand?post=13844"},{"taxonomy":"product_cat","embeddable":true,"href":"https:\/\/www.wellbeautysalon.com\/es\/wp-json\/wp\/v2\/product_cat?post=13844"},{"taxonomy":"product_tag","embeddable":true,"href":"https:\/\/www.wellbeautysalon.com\/es\/wp-json\/wp\/v2\/product_tag?post=13844"}],"curies":[{"name":"wp","href":"https:\/\/api.w.org\/{rel}","templated":true}]}}