{"id":13842,"date":"2023-08-22T02:18:59","date_gmt":"2023-08-22T02:18:59","guid":{"rendered":"https:\/\/www.wellbeautysalon.com\/?post_type=product&#038;p=13842"},"modified":"2025-08-05T12:44:02","modified_gmt":"2025-08-05T12:44:02","slug":"cama-de-belleza-3557","status":"publish","type":"product","link":"https:\/\/www.wellbeautysalon.com\/es\/producto\/cama-de-belleza-3557","title":{"rendered":"Cama de Belleza Plegable"},"content":{"rendered":"<ul>\n<li><strong>Respaldo Reclinable y Reposabrazos Tapizados:<\/strong> La silla cuenta con un respaldo completamente reclinable y reposabrazos acolchados, asegurando la m\u00e1xima comodidad para sus clientes durante los tratamientos.<\/li>\n<li><strong>Reposacabezas Desmontable:<\/strong> El reposacabezas desmontable permite un uso vers\u00e1til y ajustes f\u00e1ciles para acomodar diversos procedimientos de belleza y peluquer\u00eda.<\/li>\n<li><strong>Materiales de Alta Calidad:<\/strong> Construida con una combinaci\u00f3n de madera, hierro, esponja y acero, esta silla est\u00e1 hecha para durar. La tapicer\u00eda de cuero sint\u00e9tico y la espuma viscoel\u00e1stica de alta densidad aseguran una sensaci\u00f3n de lujo y durabilidad.<\/li>\n<li><strong>Dise\u00f1o Port\u00e1til:<\/strong> A pesar de su robusta construcci\u00f3n, la silla est\u00e1 dise\u00f1ada para ser port\u00e1til, lo que facilita su movimiento y configuraci\u00f3n en diferentes ubicaciones.<\/li>\n<li><strong>Embalaje Compacto:<\/strong> La silla se empaqueta convenientemente en un tama\u00f1o de 1.1\u00d70.58\u00d70.31m, facilitando su transporte y almacenamiento.<\/li>\n<li><strong>Garant\u00eda de Un A\u00f1o:<\/strong> Disfrute de la tranquilidad con una garant\u00eda de un a\u00f1o que cubre defectos de fabricaci\u00f3n.<\/li>\n<\/ul>\n<p>Esta silla es una excelente opci\u00f3n para salones Esta camilla de masaje de belleza es una excelente opci\u00f3n para salones de belleza y peluquer\u00edas que buscan brindar un servicio de primer nivel con muebles c\u00f3modos y de alta calidad. Su dise\u00f1o ergon\u00f3mico garantiza que los clientes puedan relajarse durante sus tratamientos, mientras que la construcci\u00f3n duradera garantiza un uso duradero.\nLa soluci\u00f3n ideal para profesionales en movimiento. Camilla de belleza plegable, ligera, estable y f\u00e1cil de transportar. Incluye bolsa de viaje. Somos fabricantes en China exportando a Sudam\u00e9rica. \u00a1Cotice por WhatsApp al por mayor!<\/p>","protected":false},"excerpt":{"rendered":"<ul>\n<li>Model No.: 3557<\/li>\n<li>Color: blanco\/negro<\/li>\n<li>Tipo: muebles de belleza<\/li>\n<li>Cabeza de reposo: extra\u00edble<\/li>\n<li>Caracter\u00edstica: espalda reclinable con reposabrazos acolchados tapizados<\/li>\n<li>Cuero: Cuero Sint\u00e9tico<\/li>\n<li>Esponja: Espuma de memoria de alta densidad<\/li>\n<li>Material: madera, hierro, esponja, acero<\/li>\n<li>dimensiones del paquete:1.1\u00d70.58\u00d70.31m<\/li>\n<li>Garant\u00eda: Garant\u00eda de 1 a\u00f1o<\/li>\n<\/ul>","protected":false},"featured_media":13843,"template":"","meta":{"site-sidebar-layout":"default","site-content-layout":"default","ast-global-header-display":"","ast-banner-title-visibility":"","ast-main-header-display":"","ast-hfb-above-header-display":"","ast-hfb-below-header-display":"","ast-hfb-mobile-header-display":"","site-post-title":"","ast-breadcrumbs-content":"","ast-featured-img":"","footer-sml-layout":"","theme-transparent-header-meta":"default","adv-header-id-meta":"","stick-header-meta":"default","header-above-stick-meta":"","header-main-stick-meta":"","header-below-stick-meta":""},"product_brand":[],"product_cat":[32],"product_tag":[53,60],"class_list":{"0":"post-13842","1":"product","2":"type-product","3":"status-publish","4":"has-post-thumbnail","6":"product_cat-spa-beauty-bed-salon-stools-from-china","7":"product_tag-hairdressing-furniture","8":"product_tag-beauty-massage-bed","9":"desktop-align-center","10":"tablet-align-center","11":"mobile-align-center","12":"ast-product-gallery-layout-horizontal-slider","13":"ast-product-tabs-layout-horizontal","15":"first","16":"instock","17":"shipping-taxable","18":"product-type-simple"},"acf":[],"_links":{"self":[{"href":"https:\/\/www.wellbeautysalon.com\/es\/wp-json\/wp\/v2\/product\/13842","targetHints":{"allow":["GET"]}}],"collection":[{"href":"https:\/\/www.wellbeautysalon.com\/es\/wp-json\/wp\/v2\/product"}],"about":[{"href":"https:\/\/www.wellbeautysalon.com\/es\/wp-json\/wp\/v2\/types\/product"}],"wp:featuredmedia":[{"embeddable":true,"href":"https:\/\/www.wellbeautysalon.com\/es\/wp-json\/wp\/v2\/media\/13843"}],"wp:attachment":[{"href":"https:\/\/www.wellbeautysalon.com\/es\/wp-json\/wp\/v2\/media?parent=13842"}],"wp:term":[{"taxonomy":"product_brand","embeddable":true,"href":"https:\/\/www.wellbeautysalon.com\/es\/wp-json\/wp\/v2\/product_brand?post=13842"},{"taxonomy":"product_cat","embeddable":true,"href":"https:\/\/www.wellbeautysalon.com\/es\/wp-json\/wp\/v2\/product_cat?post=13842"},{"taxonomy":"product_tag","embeddable":true,"href":"https:\/\/www.wellbeautysalon.com\/es\/wp-json\/wp\/v2\/product_tag?post=13842"}],"curies":[{"name":"wp","href":"https:\/\/api.w.org\/{rel}","templated":true}]}}