{"id":13840,"date":"2023-08-22T02:16:18","date_gmt":"2023-08-22T02:16:18","guid":{"rendered":"https:\/\/www.wellbeautysalon.com\/?post_type=product&#038;p=13840"},"modified":"2025-08-05T12:47:11","modified_gmt":"2025-08-05T12:47:11","slug":"cama-de-belleza-3563","status":"publish","type":"product","link":"https:\/\/www.wellbeautysalon.com\/es\/producto\/cama-de-belleza-3563","title":{"rendered":"Cama de Belleza con Elevador Hidr\u00e1ulico"},"content":{"rendered":"<ul>\n<li><strong>Respaldo y Reposapi\u00e9s Reclinables:<\/strong> La cama cuenta con un respaldo y reposapi\u00e9s totalmente ajustables, permitiendo varias posiciones de reclinado para adaptarse a diferentes tratamientos y asegurar la m\u00e1xima comodidad del cliente.<\/li>\n<li><strong>Reposacabezas Desmontable:<\/strong> El reposacabezas desmontable mejora la versatilidad y acomoda las diferentes necesidades y requisitos del tratamiento del cliente.<\/li>\n<li><strong>Materiales de Alta Calidad:<\/strong> Fabricada con una combinaci\u00f3n resistente de madera, hierro, esponja y acero, esta cama de belleza garantiza durabilidad y uso prolongado. La tapicer\u00eda de cuero sint\u00e9tico y la espuma viscoel\u00e1stica de alta densidad ofrecen una sensaci\u00f3n lujosa y una comodidad excepcional.<\/li>\n<li><strong>Dise\u00f1o Elegante:<\/strong> Su elegante color blanco y su dise\u00f1o moderno la convierten en una adici\u00f3n elegante a cualquier spa o sal\u00f3n de belleza, mejorando la decoraci\u00f3n y el ambiente general.<\/li>\n<li><strong>Base Hidr\u00e1ulica:<\/strong> Equipado con una robusta bomba hidr\u00e1ulica, la cama permite un f\u00e1cil ajuste de altura, asegurando condiciones de trabajo ergon\u00f3micas para los profesionales de la belleza.<\/li>\n<li><strong>Embalaje Compacto:<\/strong> Conveniently packaged with dimensions of 1.1\u00d70.58\u00d70.31m, making transportation and storage straightforward.<\/li>\n<li><strong>Garant\u00eda de Un A\u00f1o:<\/strong> Empaque conveniente con dimensiones de 1.1\u00d70.58\u00d70.31m, facilitando el transporte y almacenamiento.<\/li>\n<\/ul>\n<p><strong>Escenarios de Uso:<\/strong><\/p>\n<p>La cama de belleza SPA Modelo No.: 3563 es una adici\u00f3n esencial para cualquier spa o sal\u00f3n de belleza. Ideal para tratamientos faciales, masajes, depilaci\u00f3n y otros procedimientos de belleza, proporciona una experiencia c\u00f3moda y lujosa para los clientes mientras asegura una eficiencia ergon\u00f3mica para los profesionales de la belleza.\nEquipe su cl\u00ednica o sal\u00f3n con nuestra camilla de belleza hidr\u00e1ulica. Elevaci\u00f3n suave, bomba resistente y m\u00e1xima estabilidad. Ideal para masajes, tatuajes y tratamientos est\u00e9ticos. Somos fabricantes en China. \u00a1Contacte por WhatsApp!<\/p>","protected":false},"excerpt":{"rendered":"<p>Belleza ajustable hidr\u00e1ulica Belleza de China<\/p>\n<ul>\n<li>Model No.: 3563<\/li>\n<li>Color: blanco\/negro<\/li>\n<li>Tipo: muebles de belleza<\/li>\n<li>Cabeza de reposo: extra\u00edble<\/li>\n<li>Caracter\u00edstica: espalda reclinable con reposabrazos tapizados de brazo acolchado\/elevaci\u00f3n de la bomba hidr\u00e1ulica<\/li>\n<li>Cuero: Cuero Sint\u00e9tico<\/li>\n<li>Esponja: Espuma de memoria de alta densidad<\/li>\n<li>Material: madera, hierro, esponja, acero<\/li>\n<li>dimensiones del paquete:1.1\u00d70.58\u00d70.31m<\/li>\n<li>Garant\u00eda: Garant\u00eda de 1 a\u00f1o<\/li>\n<\/ul>","protected":false},"featured_media":13841,"template":"","meta":{"site-sidebar-layout":"default","site-content-layout":"default","ast-global-header-display":"","ast-banner-title-visibility":"","ast-main-header-display":"","ast-hfb-above-header-display":"","ast-hfb-below-header-display":"","ast-hfb-mobile-header-display":"","site-post-title":"","ast-breadcrumbs-content":"","ast-featured-img":"","footer-sml-layout":"","theme-transparent-header-meta":"default","adv-header-id-meta":"","stick-header-meta":"default","header-above-stick-meta":"","header-main-stick-meta":"","header-below-stick-meta":""},"product_brand":[],"product_cat":[32],"product_tag":[53,60],"class_list":{"0":"post-13840","1":"product","2":"type-product","3":"status-publish","4":"has-post-thumbnail","6":"product_cat-spa-beauty-bed-salon-stools-from-china","7":"product_tag-hairdressing-furniture","8":"product_tag-beauty-massage-bed","9":"desktop-align-center","10":"tablet-align-center","11":"mobile-align-center","12":"ast-product-gallery-layout-horizontal-slider","13":"ast-product-tabs-layout-horizontal","15":"first","16":"instock","17":"shipping-taxable","18":"product-type-simple"},"acf":[],"_links":{"self":[{"href":"https:\/\/www.wellbeautysalon.com\/es\/wp-json\/wp\/v2\/product\/13840","targetHints":{"allow":["GET"]}}],"collection":[{"href":"https:\/\/www.wellbeautysalon.com\/es\/wp-json\/wp\/v2\/product"}],"about":[{"href":"https:\/\/www.wellbeautysalon.com\/es\/wp-json\/wp\/v2\/types\/product"}],"wp:featuredmedia":[{"embeddable":true,"href":"https:\/\/www.wellbeautysalon.com\/es\/wp-json\/wp\/v2\/media\/13841"}],"wp:attachment":[{"href":"https:\/\/www.wellbeautysalon.com\/es\/wp-json\/wp\/v2\/media?parent=13840"}],"wp:term":[{"taxonomy":"product_brand","embeddable":true,"href":"https:\/\/www.wellbeautysalon.com\/es\/wp-json\/wp\/v2\/product_brand?post=13840"},{"taxonomy":"product_cat","embeddable":true,"href":"https:\/\/www.wellbeautysalon.com\/es\/wp-json\/wp\/v2\/product_cat?post=13840"},{"taxonomy":"product_tag","embeddable":true,"href":"https:\/\/www.wellbeautysalon.com\/es\/wp-json\/wp\/v2\/product_tag?post=13840"}],"curies":[{"name":"wp","href":"https:\/\/api.w.org\/{rel}","templated":true}]}}