{"id":13836,"date":"2023-08-22T02:04:45","date_gmt":"2023-08-22T02:04:45","guid":{"rendered":"https:\/\/www.wellbeautysalon.com\/?post_type=product&#038;p=13836"},"modified":"2024-06-16T11:13:36","modified_gmt":"2024-06-16T11:13:36","slug":"cama-de-belleza-3583","status":"publish","type":"product","link":"https:\/\/www.wellbeautysalon.com\/es\/producto\/cama-de-belleza-3583","title":{"rendered":"Sill\u00f3n de Masaje de Belleza Ajustable El\u00e9ctricamente"},"content":{"rendered":"<div class=\"UdTY9 qhIQqf leDWne\" aria-hidden=\"true\" data-location=\"1\">\n<div class=\"kO6q6e\">\n<p>Presentamos nuestra nueva camilla de belleza de alta gama, que cuenta con un avanzado sistema de elevaci\u00f3n el\u00e9ctrica para un ajuste de altura sin esfuerzo. El dise\u00f1o lujoso garantiza la m\u00e1xima comodidad con un acolchado lujoso y un respaldo, reposacabezas y soporte para las piernas totalmente ajustables. Ideal para salones de belleza de alta gama, esta cama combina funcionalidad y est\u00e9tica, lo que la convierte en una opci\u00f3n perfecta para brindar a los clientes una experiencia premium.\nEquipamiento de primer nivel para su cl\u00ednica o spa. Camilla est\u00e9tica el\u00e9ctrica con motores silenciosos, ajuste multiposici\u00f3n y confort supremo. Somos fabricantes directos en China exportando a Sudam\u00e9rica. \u00a1Consulte precios por WhatsApp!<\/p>\n<p><strong>Caracter\u00edsticas:<\/strong><\/p>\n<ul>\n<li><strong>Sistema de elevaci\u00f3n el\u00e9ctrica:<\/strong> Ajuste f\u00e1cilmente la altura de la cama con el mecanismo de elevaci\u00f3n el\u00e9ctrico, lo que garantiza una ergonom\u00eda \u00f3ptima para los profesionales de la belleza.<\/li>\n<li><strong>Dise\u00f1o c\u00f3modo:<\/strong> El acolchado de felpa y el respaldo, el reposacabezas y el soporte para las piernas ajustables brindan una comodidad excepcional a los clientes durante los tratamientos.<\/li>\n<li><strong>Materiales de Alta Calidad:<\/strong> Fabricado con materiales duraderos, incluido un marco resistente y espuma de alta densidad, que garantiza un uso duradero.<\/li>\n<li><strong>Uso Vers\u00e1til:<\/strong> Perfecto para diversos tratamientos de belleza, incluidos faciales, masajes y tratamientos corporales.<\/li>\n<\/ul>\n<\/div>\n<\/div>","protected":false},"excerpt":{"rendered":"<p>Cama de belleza el\u00e9ctrica de alta gama de China<\/p>\n<ul>\n<li>Model No.: 3583<\/li>\n<li>Color: Opcional<\/li>\n<li>Cuero: Cuero Sint\u00e9tico<\/li>\n<li>Esponja: Espuma de memoria de alta densidad<\/li>\n<li>Caracter\u00edstica: levantamiento de motor<\/li>\n<li>Material: madera, hierro, esponja, aluminio<\/li>\n<li>Garant\u00eda: Garant\u00eda de 1 a\u00f1o<\/li>\n<\/ul>","protected":false},"featured_media":13837,"template":"","meta":{"site-sidebar-layout":"default","site-content-layout":"default","ast-global-header-display":"","ast-banner-title-visibility":"","ast-main-header-display":"","ast-hfb-above-header-display":"","ast-hfb-below-header-display":"","ast-hfb-mobile-header-display":"","site-post-title":"","ast-breadcrumbs-content":"","ast-featured-img":"","footer-sml-layout":"","theme-transparent-header-meta":"default","adv-header-id-meta":"","stick-header-meta":"default","header-above-stick-meta":"","header-main-stick-meta":"","header-below-stick-meta":""},"product_brand":[],"product_cat":[32],"product_tag":[53,60],"class_list":{"0":"post-13836","1":"product","2":"type-product","3":"status-publish","4":"has-post-thumbnail","6":"product_cat-spa-beauty-bed-salon-stools-from-china","7":"product_tag-hairdressing-furniture","8":"product_tag-beauty-massage-bed","9":"desktop-align-center","10":"tablet-align-center","11":"mobile-align-center","12":"ast-product-gallery-layout-horizontal-slider","13":"ast-product-gallery-with-no-image","14":"ast-product-tabs-layout-horizontal","16":"first","17":"instock","18":"shipping-taxable","19":"product-type-simple"},"acf":[],"_links":{"self":[{"href":"https:\/\/www.wellbeautysalon.com\/es\/wp-json\/wp\/v2\/product\/13836","targetHints":{"allow":["GET"]}}],"collection":[{"href":"https:\/\/www.wellbeautysalon.com\/es\/wp-json\/wp\/v2\/product"}],"about":[{"href":"https:\/\/www.wellbeautysalon.com\/es\/wp-json\/wp\/v2\/types\/product"}],"wp:featuredmedia":[{"embeddable":true,"href":"https:\/\/www.wellbeautysalon.com\/es\/wp-json\/wp\/v2\/media\/13837"}],"wp:attachment":[{"href":"https:\/\/www.wellbeautysalon.com\/es\/wp-json\/wp\/v2\/media?parent=13836"}],"wp:term":[{"taxonomy":"product_brand","embeddable":true,"href":"https:\/\/www.wellbeautysalon.com\/es\/wp-json\/wp\/v2\/product_brand?post=13836"},{"taxonomy":"product_cat","embeddable":true,"href":"https:\/\/www.wellbeautysalon.com\/es\/wp-json\/wp\/v2\/product_cat?post=13836"},{"taxonomy":"product_tag","embeddable":true,"href":"https:\/\/www.wellbeautysalon.com\/es\/wp-json\/wp\/v2\/product_tag?post=13836"}],"curies":[{"name":"wp","href":"https:\/\/api.w.org\/{rel}","templated":true}]}}