{"id":13834,"date":"2023-08-22T02:01:17","date_gmt":"2023-08-22T02:01:17","guid":{"rendered":"https:\/\/www.wellbeautysalon.com\/?post_type=product&#038;p=13834"},"modified":"2024-06-16T11:14:18","modified_gmt":"2024-06-16T11:14:18","slug":"cama-de-belleza-3583-2","status":"publish","type":"product","link":"https:\/\/www.wellbeautysalon.com\/es\/producto\/cama-de-belleza-3583-2","title":{"rendered":"Sill\u00f3n de Masaje de Belleza con Elevaci\u00f3n Negra"},"content":{"rendered":"<div class=\"UdTY9 qhIQqf leDWne\" aria-hidden=\"true\" data-location=\"1\">\n<div class=\"kO6q6e\">Modelo 3585 Este es un nuevo tipo de cama de masaje de belleza. Tiene un control remoto del motor para controlar su levantamiento y tiene una base s\u00f3lida. Se puede utilizar ampliamente en tiendas de belleza y cl\u00ednicas dentales.\nProteja la salud de sus profesionales con nuestra camilla de belleza elevable. Ajuste de altura suave para trabajar sin esfuerzo, ideal para masajes y est\u00e9tica. Somos f\u00e1brica en China exportando a Sudam\u00e9rica. \u00a1Cotice hoy!<\/div>\n<\/div>\n<ul>\n<li>Model No.: 3585<\/li>\n<li>Color: Opcional<\/li>\n<li>Cuero: Cuero Sint\u00e9tico<\/li>\n<li>Esponja: Espuma de memoria de alta densidad<\/li>\n<li>Caracter\u00edstica: levantamiento de motor<\/li>\n<li>Material: madera, hierro, esponja, aluminio<\/li>\n<li>Garant\u00eda: Garant\u00eda de 1 a\u00f1o<\/li>\n<\/ul>","protected":false},"excerpt":{"rendered":"<ul>\n<li>Model No.: 3585<\/li>\n<li>Color: Opcional<\/li>\n<li>Cuero: Cuero Sint\u00e9tico<\/li>\n<li>Esponja: Espuma de memoria de alta densidad<\/li>\n<li>Caracter\u00edstica: levantamiento de motor<\/li>\n<li>Material: madera, hierro, esponja, aluminio<\/li>\n<li>Garant\u00eda: Garant\u00eda de 1 a\u00f1o<\/li>\n<\/ul>","protected":false},"featured_media":13835,"template":"","meta":{"site-sidebar-layout":"default","site-content-layout":"default","ast-global-header-display":"","ast-banner-title-visibility":"","ast-main-header-display":"","ast-hfb-above-header-display":"","ast-hfb-below-header-display":"","ast-hfb-mobile-header-display":"","site-post-title":"","ast-breadcrumbs-content":"","ast-featured-img":"","footer-sml-layout":"","theme-transparent-header-meta":"default","adv-header-id-meta":"","stick-header-meta":"default","header-above-stick-meta":"","header-main-stick-meta":"","header-below-stick-meta":""},"product_brand":[],"product_cat":[32],"product_tag":[53,60],"class_list":{"0":"post-13834","1":"product","2":"type-product","3":"status-publish","4":"has-post-thumbnail","6":"product_cat-spa-beauty-bed-salon-stools-from-china","7":"product_tag-hairdressing-furniture","8":"product_tag-beauty-massage-bed","9":"desktop-align-center","10":"tablet-align-center","11":"mobile-align-center","12":"ast-product-gallery-layout-horizontal-slider","13":"ast-product-gallery-with-no-image","14":"ast-product-tabs-layout-horizontal","16":"first","17":"instock","18":"shipping-taxable","19":"product-type-simple"},"acf":[],"_links":{"self":[{"href":"https:\/\/www.wellbeautysalon.com\/es\/wp-json\/wp\/v2\/product\/13834","targetHints":{"allow":["GET"]}}],"collection":[{"href":"https:\/\/www.wellbeautysalon.com\/es\/wp-json\/wp\/v2\/product"}],"about":[{"href":"https:\/\/www.wellbeautysalon.com\/es\/wp-json\/wp\/v2\/types\/product"}],"wp:featuredmedia":[{"embeddable":true,"href":"https:\/\/www.wellbeautysalon.com\/es\/wp-json\/wp\/v2\/media\/13835"}],"wp:attachment":[{"href":"https:\/\/www.wellbeautysalon.com\/es\/wp-json\/wp\/v2\/media?parent=13834"}],"wp:term":[{"taxonomy":"product_brand","embeddable":true,"href":"https:\/\/www.wellbeautysalon.com\/es\/wp-json\/wp\/v2\/product_brand?post=13834"},{"taxonomy":"product_cat","embeddable":true,"href":"https:\/\/www.wellbeautysalon.com\/es\/wp-json\/wp\/v2\/product_cat?post=13834"},{"taxonomy":"product_tag","embeddable":true,"href":"https:\/\/www.wellbeautysalon.com\/es\/wp-json\/wp\/v2\/product_tag?post=13834"}],"curies":[{"name":"wp","href":"https:\/\/api.w.org\/{rel}","templated":true}]}}