{"id":13829,"date":"2023-08-20T08:59:51","date_gmt":"2023-08-20T08:59:51","guid":{"rendered":"https:\/\/www.wellbeautysalon.com\/?post_type=product&#038;p=13829"},"modified":"2024-06-16T11:19:13","modified_gmt":"2024-06-16T11:19:13","slug":"taburetes-de-belleza-9256","status":"publish","type":"product","link":"https:\/\/www.wellbeautysalon.com\/es\/producto\/taburetes-de-belleza-9256","title":{"rendered":"Taburete de Sal\u00f3n de Belleza de Inyecci\u00f3n"},"content":{"rendered":"<p>Presentamos nuestro taburete de sal\u00f3n de alta calidad, ideal para barberos y estilistas. Este taburete ergon\u00f3mico ofrece una comodidad y soporte incomparables gracias a su asiento de espuma viscoel\u00e1stica de alta densidad, perfecto para largas horas de trabajo. La base de cromo robusta garantiza estabilidad, mientras que las ruedas giratorias suaves proporcionan una f\u00e1cil movilidad por todo el sal\u00f3n. La caracter\u00edstica de altura ajustable, respaldada por un elevador de gas de alta calidad, permite un confort personalizado, adapt\u00e1ndose a las necesidades de cada profesional. El elevador de gas est\u00e1 dise\u00f1ado con la seguridad en mente, asegurando ajustes de altura suaves y seguros para una mayor fiabilidad. Ya sea para cortar el cabello, peinar o realizar otros servicios de sal\u00f3n, este taburete mejorar\u00e1 su eficiencia y comodidad.<\/p>\n<p><strong>Caracter\u00edsticas:<\/strong><\/p>\n<ul>\n<li><strong>Dise\u00f1o Ergon\u00f3mico:<\/strong> Asiento de espuma viscoel\u00e1stica de alta densidad para m\u00e1xima comodidad y soporte.<\/li>\n<li><strong>Base Robusta:<\/strong> Base de cromo para estabilidad y durabilidad.<\/li>\n<li><strong>Movilidad Suave:<\/strong> Ruedas giratorias suaves para un f\u00e1cil movimiento por el sal\u00f3n.<\/li>\n<li><strong>Altura ajustable:<\/strong> Altura personalizable con un elevador de gas de alta calidad para adaptarse a varias tareas y necesidades profesionales.<\/li>\n<li><strong>Caracter\u00edsticas de Seguridad:<\/strong> Elevador de gas dise\u00f1ado para ajustes de altura suaves y seguros, mejorando la seguridad y fiabilidad.<\/li>\n<li><strong>Material Premium:<\/strong> Fabricado con materiales de alta calidad para un uso duradero.<\/li>\n<\/ul>","protected":false},"excerpt":{"rendered":"<p>Taburete de peluquer\u00eda de alta calidad para barberos y peluqueros.<\/p>\n<ul>\n<li>Model No.: 9256<\/li>\n<li>Color: Opcional<\/li>\n<li>Cuero: Cuero Sint\u00e9tico<\/li>\n<li>Esponja: Espuma de memoria de alta densidad<\/li>\n<li>Material: madera, hierro, esponja, aluminio<\/li>\n<li>Garant\u00eda: Garant\u00eda de 1 a\u00f1o<\/li>\n<li>Origen: Hecho en China<\/li>\n<\/ul>","protected":false},"featured_media":13830,"template":"","meta":{"site-sidebar-layout":"default","site-content-layout":"default","ast-global-header-display":"","ast-banner-title-visibility":"","ast-main-header-display":"","ast-hfb-above-header-display":"","ast-hfb-below-header-display":"","ast-hfb-mobile-header-display":"","site-post-title":"","ast-breadcrumbs-content":"","ast-featured-img":"","footer-sml-layout":"","theme-transparent-header-meta":"default","adv-header-id-meta":"","stick-header-meta":"default","header-above-stick-meta":"","header-main-stick-meta":"","header-below-stick-meta":""},"product_brand":[],"product_cat":[32],"product_tag":[53,59],"class_list":{"0":"post-13829","1":"product","2":"type-product","3":"status-publish","4":"has-post-thumbnail","6":"product_cat-spa-beauty-bed-salon-stools-from-china","7":"product_tag-hairdressing-furniture","8":"product_tag-beauty-salon-stool","9":"desktop-align-center","10":"tablet-align-center","11":"mobile-align-center","12":"ast-product-gallery-layout-horizontal-slider","13":"ast-product-gallery-with-no-image","14":"ast-product-tabs-layout-horizontal","16":"first","17":"instock","18":"shipping-taxable","19":"product-type-simple"},"acf":[],"_links":{"self":[{"href":"https:\/\/www.wellbeautysalon.com\/es\/wp-json\/wp\/v2\/product\/13829","targetHints":{"allow":["GET"]}}],"collection":[{"href":"https:\/\/www.wellbeautysalon.com\/es\/wp-json\/wp\/v2\/product"}],"about":[{"href":"https:\/\/www.wellbeautysalon.com\/es\/wp-json\/wp\/v2\/types\/product"}],"wp:featuredmedia":[{"embeddable":true,"href":"https:\/\/www.wellbeautysalon.com\/es\/wp-json\/wp\/v2\/media\/13830"}],"wp:attachment":[{"href":"https:\/\/www.wellbeautysalon.com\/es\/wp-json\/wp\/v2\/media?parent=13829"}],"wp:term":[{"taxonomy":"product_brand","embeddable":true,"href":"https:\/\/www.wellbeautysalon.com\/es\/wp-json\/wp\/v2\/product_brand?post=13829"},{"taxonomy":"product_cat","embeddable":true,"href":"https:\/\/www.wellbeautysalon.com\/es\/wp-json\/wp\/v2\/product_cat?post=13829"},{"taxonomy":"product_tag","embeddable":true,"href":"https:\/\/www.wellbeautysalon.com\/es\/wp-json\/wp\/v2\/product_tag?post=13829"}],"curies":[{"name":"wp","href":"https:\/\/api.w.org\/{rel}","templated":true}]}}