{"id":13813,"date":"2023-08-16T08:03:34","date_gmt":"2023-08-16T08:03:34","guid":{"rendered":"https:\/\/www.wellbeautysalon.com\/?post_type=product&#038;p=13813"},"modified":"2024-06-10T09:46:58","modified_gmt":"2024-06-10T09:46:58","slug":"lavacabezas-32980","status":"publish","type":"product","link":"https:\/\/www.wellbeautysalon.com\/es\/producto\/lavacabezas-32980","title":{"rendered":"Armon\u00eda Moderna Lavaderos Sal\u00f3n de Belleza"},"content":{"rendered":"<p>Este lujoso sill\u00f3n de champ\u00fa est\u00e1 dise\u00f1ado espec\u00edficamente para salones modernos, combinando comodidad y practicidad. El sill\u00f3n cuenta con un asiento de cuero negro premium hecho de cuero sint\u00e9tico de alta calidad, asegurando durabilidad y resistencia al desgaste. El acolchado de espuma de alta densidad ofrece m\u00e1ximo confort y soporte ergon\u00f3mico, reduciendo la fatiga tanto para estilistas como para clientes. El lavabo de champ\u00fa est\u00e1 fabricado con cer\u00e1mica de alta calidad, que es suave y f\u00e1cil de limpiar, garantizando higiene con cada uso. La grifer\u00eda y la alcachofa de la ducha est\u00e1n equipadas con cartuchos importados y electrochapado de alta calidad, garantizando durabilidad y un flujo de agua suave. Adem\u00e1s, el reposapi\u00e9s se puede personalizar para ajuste manual o el\u00e9ctrico para satisfacer diferentes necesidades.\nIntegre a la perfecci\u00f3n estilo y funcionalidad con el lavacabezas Modern Harmony. L\u00edneas limpias, dise\u00f1o contempor\u00e1neo y comodidad superior para sus clientes. Somos fabricantes directos en China exportando a Sudam\u00e9rica. \u00a1Contacte por WhatsApp!<\/p>\n<h3>Product Features<\/h3>\n<ul>\n<li><strong>Dimensiones:<\/strong> Altura de la silla 99 cm, ancho 68 cm, profundidad 53 cm, altura del respaldo 67 cm, profundidad del asiento 42 cm, ancho del asiento 53 cm.<\/li>\n<li><strong>Materiales:<\/strong> Asiento de cuero sint\u00e9tico premium, lavabo de champ\u00fa de cer\u00e1mica de alta calidad, estructura de acero inoxidable.<\/li>\n<li><strong>comodidad\uff1a<\/strong> Relleno de espuma de alta densidad con dise\u00f1o ergon\u00f3mico para la m\u00e1xima comodidad.<\/li>\n<li><strong>F\u00e1cil de Limpiar:<\/strong> Liso lavabo de cer\u00e1mica para champ\u00fa para un mantenimiento f\u00e1cil e higi\u00e9nico.<\/li>\n<li><strong>Cartuchos importados y galvanoplastia:<\/strong> Grifo y regadera con cartuchos importados y electrochapado de alta calidad para una durabilidad y flujo de agua suave.<\/li>\n<li><strong>Reposapi\u00e9s personalizable:<\/strong> El reposapi\u00e9s se puede personalizar para ajuste manual o el\u00e9ctrico seg\u00fan las necesidades.<\/li>\n<li><strong>Escenarios de Uso:<\/strong> Ideal para varios salones de belleza y salones de belleza, mejorando la imagen profesional y la comodidad del cliente.<\/li>\n<\/ul>","protected":false},"excerpt":{"rendered":"<p>Silla de champ\u00fa de lujo negra de suministro directo desde China<\/p>\n<ul>\n<li>Model No.: 32980<\/li>\n<li>Color: Opcional<\/li>\n<li>Tipo: Muebles de peluquer\u00eda<\/li>\n<li>Cuenca de cer\u00e1mica: Ajustable<\/li>\n<li>Caracter\u00edstica: ajuste de reposapi\u00e9s El\u00e9ctrico<\/li>\n<li>Cuero: Cuero Sint\u00e9tico<\/li>\n<li>Accesorios: Con grifos de calidad y mangueras<\/li>\n<li>Esponja: Espuma de memoria de alta densidad<\/li>\n<li>Material: Madera, hierro, esponja, lavabo de cer\u00e1mica, acero<\/li>\n<li>dimensiones del paquete:1.25\u00d70.76\u00d70.95m<\/li>\n<li>Garant\u00eda: Garant\u00eda de 1 a\u00f1o<\/li>\n<\/ul>","protected":false},"featured_media":13814,"template":"","meta":{"site-sidebar-layout":"default","site-content-layout":"default","ast-global-header-display":"","ast-banner-title-visibility":"","ast-main-header-display":"","ast-hfb-above-header-display":"","ast-hfb-below-header-display":"","ast-hfb-mobile-header-display":"","site-post-title":"","ast-breadcrumbs-content":"","ast-featured-img":"","footer-sml-layout":"","theme-transparent-header-meta":"default","adv-header-id-meta":"","stick-header-meta":"default","header-above-stick-meta":"","header-main-stick-meta":"","header-below-stick-meta":""},"product_brand":[],"product_cat":[30],"product_tag":[53,58],"class_list":{"0":"post-13813","1":"product","2":"type-product","3":"status-publish","4":"has-post-thumbnail","6":"product_cat-ceramic-basin-shampoo-chair","7":"product_tag-hairdressing-furniture","8":"product_tag-shampoo-chair","9":"desktop-align-center","10":"tablet-align-center","11":"mobile-align-center","12":"ast-product-gallery-layout-horizontal-slider","13":"ast-product-tabs-layout-horizontal","15":"first","16":"instock","17":"shipping-taxable","18":"product-type-simple"},"acf":[],"_links":{"self":[{"href":"https:\/\/www.wellbeautysalon.com\/es\/wp-json\/wp\/v2\/product\/13813","targetHints":{"allow":["GET"]}}],"collection":[{"href":"https:\/\/www.wellbeautysalon.com\/es\/wp-json\/wp\/v2\/product"}],"about":[{"href":"https:\/\/www.wellbeautysalon.com\/es\/wp-json\/wp\/v2\/types\/product"}],"wp:featuredmedia":[{"embeddable":true,"href":"https:\/\/www.wellbeautysalon.com\/es\/wp-json\/wp\/v2\/media\/13814"}],"wp:attachment":[{"href":"https:\/\/www.wellbeautysalon.com\/es\/wp-json\/wp\/v2\/media?parent=13813"}],"wp:term":[{"taxonomy":"product_brand","embeddable":true,"href":"https:\/\/www.wellbeautysalon.com\/es\/wp-json\/wp\/v2\/product_brand?post=13813"},{"taxonomy":"product_cat","embeddable":true,"href":"https:\/\/www.wellbeautysalon.com\/es\/wp-json\/wp\/v2\/product_cat?post=13813"},{"taxonomy":"product_tag","embeddable":true,"href":"https:\/\/www.wellbeautysalon.com\/es\/wp-json\/wp\/v2\/product_tag?post=13813"}],"curies":[{"name":"wp","href":"https:\/\/api.w.org\/{rel}","templated":true}]}}