{"id":13797,"date":"2023-08-16T07:44:56","date_gmt":"2023-08-16T07:44:56","guid":{"rendered":"https:\/\/www.wellbeautysalon.com\/?post_type=product&#038;p=13797"},"modified":"2024-06-10T09:51:19","modified_gmt":"2024-06-10T09:51:19","slug":"lavacabezas-32957","status":"publish","type":"product","link":"https:\/\/www.wellbeautysalon.com\/es\/producto\/lavacabezas-32957","title":{"rendered":"Facilidad Premium Lavaderos Sal\u00f3n de Belleza"},"content":{"rendered":"<p>El modelo 31957 es una silla de lavado simple de barber\u00eda, dise\u00f1o cl\u00e1sico y precio econ\u00f3mico asequible, lo que lo convierte en un producto muy popular. Coincide con la silla de peinado que est\u00e1 equipada con horquilla de cer\u00e1mica de alta calidad y accesorios de grifos duraderos largos y duraderos, que amaban por la tienda de salones para peluquer\u00eda.\nOfrezca una experiencia sin esfuerzo y totalmente relajante con el lavacabezas Premium Ease. Dise\u00f1o ergon\u00f3mico superior, materiales de primera y durabilidad garantizada. Somos fabricantes en China. \u00a1Contacte por WhatsApp!<\/p>\n<h3>Caracter\u00edsticas:<\/h3>\n<ul>\n<li><strong>Construcci\u00f3n duradera:<\/strong>Construido con una s\u00f3lida base de fibra de vidrio que garantiza un uso y estabilidad de larga duraci\u00f3n.<\/li>\n<li><strong>Comodidad:<\/strong>:El asiento y respaldo tapizados brindan una comodidad excepcional durante el uso, asegurando una experiencia relajante para los clientes.<\/li>\n<li><strong>Grifo y ducha de alta gama<\/strong>: Equipado con n\u00facleos de v\u00e1lvula importados y acabados galvanizados de primera calidad para mayor durabilidad y rendimiento confiable.<\/li>\n<li><strong>Dise\u00f1o elegante<\/strong>: El dise\u00f1o elegante y moderno realza el atractivo est\u00e9tico de cualquier sal\u00f3n.<\/li>\n<\/ul>","protected":false},"excerpt":{"rendered":"<p>Sill\u00f3n para champ\u00fa con base de fibra de vidrio de alta calidad: duradero, c\u00f3modo y elegante de China<\/p>\n<ul>\n<li>Model No.: 32957<\/li>\n<li>Color: Opcional<\/li>\n<li>Tipo: Muebles de peluquer\u00eda<\/li>\n<li>Cuenca de cer\u00e1mica: Ajustable<\/li>\n<li>Cuero: Cuero Sint\u00e9tico<\/li>\n<li>Accesorios: Con grifos de calidad y mangueras<\/li>\n<li>Esponja: Espuma de memoria de alta densidad<\/li>\n<li>Material: Madera, hierro, esponja, cuenca de cer\u00e1mica, acero, grifos, base de fibra de vidrio<\/li>\n<li>dimensiones del paquete:1.37\u00d70.73\u00d70.87m<\/li>\n<li>Garant\u00eda: Garant\u00eda de 1 a\u00f1o<\/li>\n<\/ul>","protected":false},"featured_media":13798,"template":"","meta":{"site-sidebar-layout":"default","site-content-layout":"default","ast-global-header-display":"","ast-banner-title-visibility":"","ast-main-header-display":"","ast-hfb-above-header-display":"","ast-hfb-below-header-display":"","ast-hfb-mobile-header-display":"","site-post-title":"","ast-breadcrumbs-content":"","ast-featured-img":"","footer-sml-layout":"","theme-transparent-header-meta":"default","adv-header-id-meta":"","stick-header-meta":"default","header-above-stick-meta":"","header-main-stick-meta":"","header-below-stick-meta":""},"product_brand":[],"product_cat":[30],"product_tag":[53,58],"class_list":{"0":"post-13797","1":"product","2":"type-product","3":"status-publish","4":"has-post-thumbnail","6":"product_cat-ceramic-basin-shampoo-chair","7":"product_tag-hairdressing-furniture","8":"product_tag-shampoo-chair","9":"desktop-align-center","10":"tablet-align-center","11":"mobile-align-center","12":"ast-product-gallery-layout-horizontal-slider","13":"ast-product-gallery-with-no-image","14":"ast-product-tabs-layout-horizontal","16":"first","17":"instock","18":"shipping-taxable","19":"product-type-simple"},"acf":[],"_links":{"self":[{"href":"https:\/\/www.wellbeautysalon.com\/es\/wp-json\/wp\/v2\/product\/13797","targetHints":{"allow":["GET"]}}],"collection":[{"href":"https:\/\/www.wellbeautysalon.com\/es\/wp-json\/wp\/v2\/product"}],"about":[{"href":"https:\/\/www.wellbeautysalon.com\/es\/wp-json\/wp\/v2\/types\/product"}],"wp:featuredmedia":[{"embeddable":true,"href":"https:\/\/www.wellbeautysalon.com\/es\/wp-json\/wp\/v2\/media\/13798"}],"wp:attachment":[{"href":"https:\/\/www.wellbeautysalon.com\/es\/wp-json\/wp\/v2\/media?parent=13797"}],"wp:term":[{"taxonomy":"product_brand","embeddable":true,"href":"https:\/\/www.wellbeautysalon.com\/es\/wp-json\/wp\/v2\/product_brand?post=13797"},{"taxonomy":"product_cat","embeddable":true,"href":"https:\/\/www.wellbeautysalon.com\/es\/wp-json\/wp\/v2\/product_cat?post=13797"},{"taxonomy":"product_tag","embeddable":true,"href":"https:\/\/www.wellbeautysalon.com\/es\/wp-json\/wp\/v2\/product_tag?post=13797"}],"curies":[{"name":"wp","href":"https:\/\/api.w.org\/{rel}","templated":true}]}}