{"id":13795,"date":"2023-08-16T07:41:40","date_gmt":"2023-08-16T07:41:40","guid":{"rendered":"https:\/\/www.wellbeautysalon.com\/?post_type=product&#038;p=13795"},"modified":"2024-07-24T06:22:15","modified_gmt":"2024-07-24T06:22:15","slug":"lavacabezas-8031","status":"publish","type":"product","link":"https:\/\/www.wellbeautysalon.com\/es\/producto\/lavacabezas-8031","title":{"rendered":"Chic Contempor\u00e1neo Lavaderos Sal\u00f3n de Belleza"},"content":{"rendered":"<p>Nuestra silla de champ\u00fa de base de fibra de vidrio combina durabilidad y estilo, lo que la convierte en el complemento perfecto para cualquier sal\u00f3n moderno. El dise\u00f1o ergon\u00f3mico garantiza la m\u00e1xima comodidad para los clientes, mientras que la base de fibra de vidrio de alta calidad agrega un toque de sofisticaci\u00f3n a la decoraci\u00f3n de su sal\u00f3n.<\/p>\n<h3>Caracter\u00edsticas:<\/h3>\n<ul>\n<li><strong>Construcci\u00f3n duradera:<\/strong>Construido con una s\u00f3lida base de fibra de vidrio que garantiza un uso y estabilidad de larga duraci\u00f3n.<\/li>\n<li><strong>Comodidad:<\/strong>:El asiento y respaldo tapizados brindan una comodidad excepcional durante el uso, asegurando una experiencia relajante para los clientes.<\/li>\n<li><strong>Grifo y ducha de alta gama<\/strong>: Equipado con n\u00facleos de v\u00e1lvula importados y acabados galvanizados de primera calidad para mayor durabilidad y rendimiento confiable.<\/li>\n<li><strong>Dise\u00f1o elegante<\/strong>: El dise\u00f1o elegante y moderno realza el atractivo est\u00e9tico de cualquier sal\u00f3n<div id='gallery-1' class='gallery galleryid-13795 gallery-columns-3 gallery-size-medium'><figure class='gallery-item'>\n\t\t\t<div class='gallery-icon landscape'>\n\t\t\t\t<a href='https:\/\/www.wellbeautysalon.com\/es\/?attachment_id=13796'><img fetchpriority=\"high\" decoding=\"async\" width=\"300\" height=\"300\" src=\"https:\/\/www.wellbeautysalon.com\/wp-content\/uploads\/2023\/08\/8031.webp\" class=\"attachment-medium size-medium\" alt=\"\" aria-describedby=\"gallery-1-13796\" srcset=\"https:\/\/www.wellbeautysalon.com\/wp-content\/uploads\/2023\/08\/8031.webp 960w, https:\/\/www.wellbeautysalon.com\/wp-content\/uploads\/2023\/08\/8031-100x100.webp 100w, https:\/\/www.wellbeautysalon.com\/wp-content\/uploads\/2023\/08\/8031-12x12.webp 12w, https:\/\/www.wellbeautysalon.com\/wp-content\/uploads\/2023\/08\/8031-600x600.webp 600w\" sizes=\"(max-width: 300px) 100vw, 300px\" title=\"\"><\/a>\n\t\t\t<\/div>\n\t\t\t\t<figcaption class='wp-caption-text gallery-caption' id='gallery-1-13796'>\n\t\t\t\tMuebles de Peluquer\u00eda \n\t\t\t\t<\/figcaption><\/figure><figure class='gallery-item'>\n\t\t\t<div class='gallery-icon landscape'>\n\t\t\t\t<a href='https:\/\/www.wellbeautysalon.com\/es\/?attachment_id=13779'><img decoding=\"async\" width=\"300\" height=\"300\" src=\"https:\/\/www.wellbeautysalon.com\/wp-content\/uploads\/2023\/08\/8836-1.webp\" class=\"attachment-medium size-medium\" alt=\"\" aria-describedby=\"gallery-1-13779\" srcset=\"https:\/\/www.wellbeautysalon.com\/wp-content\/uploads\/2023\/08\/8836-1.webp 960w, https:\/\/www.wellbeautysalon.com\/wp-content\/uploads\/2023\/08\/8836-1-100x100.webp 100w, https:\/\/www.wellbeautysalon.com\/wp-content\/uploads\/2023\/08\/8836-1-12x12.webp 12w, https:\/\/www.wellbeautysalon.com\/wp-content\/uploads\/2023\/08\/8836-1-600x600.webp 600w\" sizes=\"(max-width: 300px) 100vw, 300px\" title=\"\"><\/a>\n\t\t\t<\/div>\n\t\t\t\t<figcaption class='wp-caption-text gallery-caption' id='gallery-1-13779'>\n\t\t\t\tbarber chair\n\t\t\t\t<\/figcaption><\/figure>\n\t\t<\/div>\n<\/li>\n<\/ul>","protected":false},"excerpt":{"rendered":"<p>Sill\u00f3n para champ\u00fa con base de fibra de vidrio de alta calidad: duradero, c\u00f3modo y elegante de China<\/p>\n<ul>\n<li>Model No.: 8031<\/li>\n<li>Color: Opcional<\/li>\n<li>Tipo: Muebles de peluquer\u00eda<\/li>\n<li>Cuenca de cer\u00e1mica: Ajustable<\/li>\n<li>Cuero: Cuero Sint\u00e9tico<\/li>\n<li>Accesorios: Con grifos de calidad y mangueras<\/li>\n<li>Esponja: Espuma de memoria de alta densidad<\/li>\n<li>Material: Madera, hierro, esponja, cuenca de cer\u00e1mica, acero, grifos, base de fibra de vidrio<\/li>\n<li>dimensiones del paquete: 1.21\u00d70.59\u00d70.99m<\/li>\n<li>Garant\u00eda: Garant\u00eda de 1 a\u00f1o<\/li>\n<\/ul>","protected":false},"featured_media":13796,"template":"","meta":{"site-sidebar-layout":"default","site-content-layout":"default","ast-global-header-display":"","ast-banner-title-visibility":"","ast-main-header-display":"","ast-hfb-above-header-display":"","ast-hfb-below-header-display":"","ast-hfb-mobile-header-display":"","site-post-title":"","ast-breadcrumbs-content":"","ast-featured-img":"","footer-sml-layout":"","theme-transparent-header-meta":"default","adv-header-id-meta":"","stick-header-meta":"default","header-above-stick-meta":"","header-main-stick-meta":"","header-below-stick-meta":""},"product_brand":[],"product_cat":[30],"product_tag":[53,58],"class_list":{"0":"post-13795","1":"product","2":"type-product","3":"status-publish","4":"has-post-thumbnail","6":"product_cat-ceramic-basin-shampoo-chair","7":"product_tag-hairdressing-furniture","8":"product_tag-shampoo-chair","9":"desktop-align-center","10":"tablet-align-center","11":"mobile-align-center","12":"ast-product-gallery-layout-horizontal-slider","13":"ast-product-gallery-with-no-image","14":"ast-product-tabs-layout-horizontal","16":"first","17":"instock","18":"shipping-taxable","19":"product-type-simple"},"acf":[],"_links":{"self":[{"href":"https:\/\/www.wellbeautysalon.com\/es\/wp-json\/wp\/v2\/product\/13795","targetHints":{"allow":["GET"]}}],"collection":[{"href":"https:\/\/www.wellbeautysalon.com\/es\/wp-json\/wp\/v2\/product"}],"about":[{"href":"https:\/\/www.wellbeautysalon.com\/es\/wp-json\/wp\/v2\/types\/product"}],"wp:featuredmedia":[{"embeddable":true,"href":"https:\/\/www.wellbeautysalon.com\/es\/wp-json\/wp\/v2\/media\/13796"}],"wp:attachment":[{"href":"https:\/\/www.wellbeautysalon.com\/es\/wp-json\/wp\/v2\/media?parent=13795"}],"wp:term":[{"taxonomy":"product_brand","embeddable":true,"href":"https:\/\/www.wellbeautysalon.com\/es\/wp-json\/wp\/v2\/product_brand?post=13795"},{"taxonomy":"product_cat","embeddable":true,"href":"https:\/\/www.wellbeautysalon.com\/es\/wp-json\/wp\/v2\/product_cat?post=13795"},{"taxonomy":"product_tag","embeddable":true,"href":"https:\/\/www.wellbeautysalon.com\/es\/wp-json\/wp\/v2\/product_tag?post=13795"}],"curies":[{"name":"wp","href":"https:\/\/api.w.org\/{rel}","templated":true}]}}