{"id":13791,"date":"2023-08-16T07:33:54","date_gmt":"2023-08-16T07:33:54","guid":{"rendered":"https:\/\/www.wellbeautysalon.com\/?post_type=product&#038;p=13791"},"modified":"2024-06-10T09:53:54","modified_gmt":"2024-06-10T09:53:54","slug":"lavacabezas-8015","status":"publish","type":"product","link":"https:\/\/www.wellbeautysalon.com\/es\/producto\/lavacabezas-8015","title":{"rendered":"Serenidad Real Lavaderos Sal\u00f3n de Belleza"},"content":{"rendered":"<p>Esta silla de champ\u00fa de alta calidad est\u00e1 dise\u00f1ada teniendo en cuenta la funcionalidad y la est\u00e9tica, lo que la convierte en una adici\u00f3n ideal a cualquier sal\u00f3n de peluquer\u00eda profesional. Con un elegante lavabo de cer\u00e1mica negra, esta silla proporciona durabilidad y facilidad de mantenimiento. El asiento c\u00f3modo con acolchado de espuma de alta densidad garantiza una experiencia relajante para los clientes durante los tratamientos de champ\u00fa. La base de acero inoxidable agrega un toque moderno al tiempo que proporciona estabilidad y resistencia.\nOfrezca la mejor experiencia a sus clientes con el lavacabezas Zenith Comfort. Dise\u00f1o ergon\u00f3mico superior, soporte para cuello y pileta de cer\u00e1mica. Somos fabricantes directos en China exportando a Sudam\u00e9rica. \u00a1Consulte precios por WhatsApp!<\/p>\n<h4>Caracter\u00edsticas:<\/h4>\n<ul>\n<li><strong>Construcci\u00f3n duradera:<\/strong>Construido con una s\u00f3lida base de fibra de vidrio que garantiza un uso y estabilidad de larga duraci\u00f3n.<\/li>\n<li><strong>Comodidad:<\/strong>:El asiento y respaldo tapizados brindan una comodidad excepcional durante el uso, asegurando una experiencia relajante para los clientes.<\/li>\n<li><strong>Grifo y ducha de alta gama<\/strong>: Equipado con n\u00facleos de v\u00e1lvula importados y acabados galvanizados de primera calidad para mayor durabilidad y rendimiento confiable.<\/li>\n<li><strong>Dise\u00f1o elegante<\/strong>: El dise\u00f1o elegante y moderno realza el atractivo est\u00e9tico de cualquier sal\u00f3n.<\/li>\n<\/ul>","protected":false},"excerpt":{"rendered":"<p>Sill\u00f3n para champ\u00fa con base de fibra de vidrio de alta calidad: duradero, c\u00f3modo y elegante de China<\/p>\n<ul>\n<li>Model No.: 8015<\/li>\n<li>Color: Opcional<\/li>\n<li>Tipo: Muebles de peluquer\u00eda<\/li>\n<li>Cuenca de cer\u00e1mica: Ajustable<\/li>\n<li>Cuero: Cuero Sint\u00e9tico<\/li>\n<li>Accesorios: Con grifos de calidad y mangueras<\/li>\n<li>Esponja: Espuma de memoria de alta densidad<\/li>\n<li>Material: Madera, hierro, esponja, cuenca de cer\u00e1mica, acero, grifos, base de fibra de vidrio<\/li>\n<li>dimensiones del paquete: 1.24\u00d70.59\u00d70.98m<\/li>\n<li>Garant\u00eda: Garant\u00eda de 1 a\u00f1o<\/li>\n<\/ul>","protected":false},"featured_media":13792,"template":"","meta":{"site-sidebar-layout":"default","site-content-layout":"default","ast-global-header-display":"","ast-banner-title-visibility":"","ast-main-header-display":"","ast-hfb-above-header-display":"","ast-hfb-below-header-display":"","ast-hfb-mobile-header-display":"","site-post-title":"","ast-breadcrumbs-content":"","ast-featured-img":"","footer-sml-layout":"","theme-transparent-header-meta":"default","adv-header-id-meta":"","stick-header-meta":"default","header-above-stick-meta":"","header-main-stick-meta":"","header-below-stick-meta":""},"product_brand":[],"product_cat":[30],"product_tag":[53,58],"class_list":{"0":"post-13791","1":"product","2":"type-product","3":"status-publish","4":"has-post-thumbnail","6":"product_cat-ceramic-basin-shampoo-chair","7":"product_tag-hairdressing-furniture","8":"product_tag-shampoo-chair","9":"desktop-align-center","10":"tablet-align-center","11":"mobile-align-center","12":"ast-product-gallery-layout-horizontal-slider","13":"ast-product-gallery-with-no-image","14":"ast-product-tabs-layout-horizontal","16":"first","17":"instock","18":"shipping-taxable","19":"product-type-simple"},"acf":[],"_links":{"self":[{"href":"https:\/\/www.wellbeautysalon.com\/es\/wp-json\/wp\/v2\/product\/13791","targetHints":{"allow":["GET"]}}],"collection":[{"href":"https:\/\/www.wellbeautysalon.com\/es\/wp-json\/wp\/v2\/product"}],"about":[{"href":"https:\/\/www.wellbeautysalon.com\/es\/wp-json\/wp\/v2\/types\/product"}],"wp:featuredmedia":[{"embeddable":true,"href":"https:\/\/www.wellbeautysalon.com\/es\/wp-json\/wp\/v2\/media\/13792"}],"wp:attachment":[{"href":"https:\/\/www.wellbeautysalon.com\/es\/wp-json\/wp\/v2\/media?parent=13791"}],"wp:term":[{"taxonomy":"product_brand","embeddable":true,"href":"https:\/\/www.wellbeautysalon.com\/es\/wp-json\/wp\/v2\/product_brand?post=13791"},{"taxonomy":"product_cat","embeddable":true,"href":"https:\/\/www.wellbeautysalon.com\/es\/wp-json\/wp\/v2\/product_cat?post=13791"},{"taxonomy":"product_tag","embeddable":true,"href":"https:\/\/www.wellbeautysalon.com\/es\/wp-json\/wp\/v2\/product_tag?post=13791"}],"curies":[{"name":"wp","href":"https:\/\/api.w.org\/{rel}","templated":true}]}}