{"id":13769,"date":"2023-08-15T00:59:28","date_gmt":"2023-08-15T00:59:28","guid":{"rendered":"https:\/\/www.wellbeautysalon.com\/?post_type=product&#038;p=13769"},"modified":"2024-06-10T07:43:58","modified_gmt":"2024-06-10T07:43:58","slug":"sillas-de-corte-6300","status":"publish","type":"product","link":"https:\/\/www.wellbeautysalon.com\/es\/producto\/sillas-de-corte-6300","title":{"rendered":"Sill\u00f3n de Peluquer\u00eda Dise\u00f1o Elegante"},"content":{"rendered":"<p>Presentamos el modelo 6300, un sill\u00f3n de peluquer\u00eda sofisticado y elegante dise\u00f1ado para mayoristas y fabricantes globales. Fabricada con espuma viscoel\u00e1stica de alta densidad y cuero sint\u00e9tico, esta silla ofrece m\u00e1xima comodidad y durabilidad. La bomba hidr\u00e1ulica de alta resistencia soporta hasta 100 kg, lo que garantiza estabilidad y un uso duradero. Dise\u00f1ada para uso profesional, esta silla presenta un estilo elegante y ordenado y est\u00e1 hecha de madera, hierro y esponja de alta calidad. Con opciones de color personalizables y un tama\u00f1o de paquete compacto de 65 cm*63 cm*60 cm, el modelo 6300 es la opci\u00f3n ideal para mejorar las operaciones de los salones de belleza en todo el mundo. Ofrecemos una garant\u00eda de un a\u00f1o, brindando tranquilidad y un valor excepcional.\nTransforme la est\u00e9tica de su sal\u00f3n con la silla de peluquer\u00eda Elegant Design. L\u00edneas refinadas, confort superior y un estilo inconfundible. Somos fabricantes directos en China con amplia experiencia en Sudam\u00e9rica. \u00a1Solicite precios por WhatsApp hoy!<\/p>\n<div id='gallery-1' class='gallery galleryid-13769 gallery-columns-3 gallery-size-medium'><figure class='gallery-item'>\n\t\t\t<div class='gallery-icon landscape'>\n\t\t\t\t<a href='https:\/\/www.wellbeautysalon.com\/es\/?attachment_id=13783'><img fetchpriority=\"high\" decoding=\"async\" width=\"300\" height=\"300\" src=\"https:\/\/www.wellbeautysalon.com\/wp-content\/uploads\/2023\/08\/ALUMINUM-BASE.webp\" class=\"attachment-medium size-medium\" alt=\"\" srcset=\"https:\/\/www.wellbeautysalon.com\/wp-content\/uploads\/2023\/08\/ALUMINUM-BASE.webp 960w, https:\/\/www.wellbeautysalon.com\/wp-content\/uploads\/2023\/08\/ALUMINUM-BASE-100x100.webp 100w, https:\/\/www.wellbeautysalon.com\/wp-content\/uploads\/2023\/08\/ALUMINUM-BASE-12x12.webp 12w\" sizes=\"(max-width: 300px) 100vw, 300px\" title=\"\"><\/a>\n\t\t\t<\/div><\/figure><figure class='gallery-item'>\n\t\t\t<div class='gallery-icon landscape'>\n\t\t\t\t<a href='https:\/\/www.wellbeautysalon.com\/es\/?attachment_id=13784'><img decoding=\"async\" width=\"300\" height=\"300\" src=\"https:\/\/www.wellbeautysalon.com\/wp-content\/uploads\/2023\/08\/hairdressing-chair-base-45cm45cm.jpg\" class=\"attachment-medium size-medium\" alt=\"\" srcset=\"https:\/\/www.wellbeautysalon.com\/wp-content\/uploads\/2023\/08\/hairdressing-chair-base-45cm45cm.jpg 800w, https:\/\/www.wellbeautysalon.com\/wp-content\/uploads\/2023\/08\/hairdressing-chair-base-45cm45cm-100x100.jpg 100w, https:\/\/www.wellbeautysalon.com\/wp-content\/uploads\/2023\/08\/hairdressing-chair-base-45cm45cm-12x12.jpg 12w\" sizes=\"(max-width: 300px) 100vw, 300px\" title=\"\"><\/a>\n\t\t\t<\/div><\/figure><figure class='gallery-item'>\n\t\t\t<div class='gallery-icon landscape'>\n\t\t\t\t<a href='https:\/\/www.wellbeautysalon.com\/es\/?attachment_id=13785'><img decoding=\"async\" width=\"300\" height=\"300\" src=\"https:\/\/www.wellbeautysalon.com\/wp-content\/uploads\/2023\/08\/salon-styling-chair-round-base.webp.jpg\" class=\"attachment-medium size-medium\" alt=\"\" srcset=\"https:\/\/www.wellbeautysalon.com\/wp-content\/uploads\/2023\/08\/salon-styling-chair-round-base.webp.jpg 800w, https:\/\/www.wellbeautysalon.com\/wp-content\/uploads\/2023\/08\/salon-styling-chair-round-base.webp-100x100.jpg 100w, https:\/\/www.wellbeautysalon.com\/wp-content\/uploads\/2023\/08\/salon-styling-chair-round-base.webp-12x12.jpg 12w\" sizes=\"(max-width: 300px) 100vw, 300px\" title=\"\"><\/a>\n\t\t\t<\/div><\/figure>\n\t\t<\/div>","protected":false},"excerpt":{"rendered":"<p>Sill\u00f3n de peluquer\u00eda de alta calidad para mayoristas y fabricantes<\/p>\n<ul>\n<li>Model No.: 6300<\/li>\n<li>Color: Opcional<\/li>\n<li>Tipo: muebles de peluquer\u00eda<\/li>\n<li>Caracter\u00edstica: silla de corte de cabello de moda con bomba hidr\u00e1ulica<\/li>\n<li>Cuero: Cuero Sint\u00e9tico<\/li>\n<li>Base: Bomba hidr\u00e1ulica de servicio s\u00faper pesado que soporta hasta 100 kg<\/li>\n<li>Esponja: Espuma de memoria de alta densidad<\/li>\n<li>Material: madera, hierro, esponja<\/li>\n<li>dimensiones del paquete: 65cm*63cm*60cm<\/li>\n<li>Garant\u00eda: Garant\u00eda de 1 a\u00f1o<\/li>\n<\/ul>","protected":false},"featured_media":13770,"template":"","meta":{"site-sidebar-layout":"default","site-content-layout":"default","ast-global-header-display":"","ast-banner-title-visibility":"","ast-main-header-display":"","ast-hfb-above-header-display":"","ast-hfb-below-header-display":"","ast-hfb-mobile-header-display":"","site-post-title":"","ast-breadcrumbs-content":"","ast-featured-img":"","footer-sml-layout":"","theme-transparent-header-meta":"default","adv-header-id-meta":"","stick-header-meta":"default","header-above-stick-meta":"","header-main-stick-meta":"","header-below-stick-meta":""},"product_brand":[],"product_cat":[28],"product_tag":[53,57,72],"class_list":{"0":"post-13769","1":"product","2":"type-product","3":"status-publish","4":"has-post-thumbnail","6":"product_cat-hair-cutting-chair","7":"product_tag-hairdressing-furniture","8":"product_tag-styling-chair","9":"product_tag-lady-chair","10":"desktop-align-center","11":"tablet-align-center","12":"mobile-align-center","13":"ast-product-gallery-layout-horizontal-slider","14":"ast-product-gallery-with-no-image","15":"ast-product-tabs-layout-horizontal","17":"first","18":"instock","19":"shipping-taxable","20":"product-type-simple"},"acf":[],"_links":{"self":[{"href":"https:\/\/www.wellbeautysalon.com\/es\/wp-json\/wp\/v2\/product\/13769","targetHints":{"allow":["GET"]}}],"collection":[{"href":"https:\/\/www.wellbeautysalon.com\/es\/wp-json\/wp\/v2\/product"}],"about":[{"href":"https:\/\/www.wellbeautysalon.com\/es\/wp-json\/wp\/v2\/types\/product"}],"wp:featuredmedia":[{"embeddable":true,"href":"https:\/\/www.wellbeautysalon.com\/es\/wp-json\/wp\/v2\/media\/13770"}],"wp:attachment":[{"href":"https:\/\/www.wellbeautysalon.com\/es\/wp-json\/wp\/v2\/media?parent=13769"}],"wp:term":[{"taxonomy":"product_brand","embeddable":true,"href":"https:\/\/www.wellbeautysalon.com\/es\/wp-json\/wp\/v2\/product_brand?post=13769"},{"taxonomy":"product_cat","embeddable":true,"href":"https:\/\/www.wellbeautysalon.com\/es\/wp-json\/wp\/v2\/product_cat?post=13769"},{"taxonomy":"product_tag","embeddable":true,"href":"https:\/\/www.wellbeautysalon.com\/es\/wp-json\/wp\/v2\/product_tag?post=13769"}],"curies":[{"name":"wp","href":"https:\/\/api.w.org\/{rel}","templated":true}]}}