{"id":13751,"date":"2023-08-12T08:31:43","date_gmt":"2023-08-12T08:31:43","guid":{"rendered":"https:\/\/www.wellbeautysalon.com\/?post_type=product&#038;p=13751"},"modified":"2024-06-10T07:49:11","modified_gmt":"2024-06-10T07:49:11","slug":"sillas-de-corte-6532","status":"publish","type":"product","link":"https:\/\/www.wellbeautysalon.com\/es\/producto\/sillas-de-corte-6532","title":{"rendered":"Sill\u00f3n de Peluquer\u00eda  Elegancia Refinada"},"content":{"rendered":"<p>El modelo 6532 es un sofisticado sill\u00f3n de sal\u00f3n dise\u00f1ado para uso profesional en salones de alta gama. Esta silla cuenta con un dise\u00f1o elegante y moderno con tapizado de capiton\u00e9 cuadrado, que brinda estilo y comodidad. Elaborado con una esponja de espuma de alta densidad y alta elasticidad y cubierto con cuero sint\u00e9tico de primera calidad, garantiza la m\u00e1xima durabilidad y comodidad. La robusta base de acero inoxidable cuenta con una bomba hidr\u00e1ulica de alta resistencia capaz de soportar hasta 100 kg, lo que ofrece una estabilidad confiable durante el uso. Ideal para mayoristas de salones y fabricantes internacionales.<\/p>\n<div id='gallery-1' class='gallery galleryid-13751 gallery-columns-3 gallery-size-medium'><figure class='gallery-item'>\n\t\t\t<div class='gallery-icon landscape'>\n\t\t\t\t<a href='https:\/\/www.wellbeautysalon.com\/es\/?attachment_id=13783'><img fetchpriority=\"high\" decoding=\"async\" width=\"300\" height=\"300\" src=\"https:\/\/www.wellbeautysalon.com\/wp-content\/uploads\/2023\/08\/ALUMINUM-BASE.webp\" class=\"attachment-medium size-medium\" alt=\"\" srcset=\"https:\/\/www.wellbeautysalon.com\/wp-content\/uploads\/2023\/08\/ALUMINUM-BASE.webp 960w, https:\/\/www.wellbeautysalon.com\/wp-content\/uploads\/2023\/08\/ALUMINUM-BASE-100x100.webp 100w, https:\/\/www.wellbeautysalon.com\/wp-content\/uploads\/2023\/08\/ALUMINUM-BASE-12x12.webp 12w\" sizes=\"(max-width: 300px) 100vw, 300px\" title=\"\"><\/a>\n\t\t\t<\/div><\/figure><figure class='gallery-item'>\n\t\t\t<div class='gallery-icon landscape'>\n\t\t\t\t<a href='https:\/\/www.wellbeautysalon.com\/es\/?attachment_id=13784'><img decoding=\"async\" width=\"300\" height=\"300\" src=\"https:\/\/www.wellbeautysalon.com\/wp-content\/uploads\/2023\/08\/hairdressing-chair-base-45cm45cm.jpg\" class=\"attachment-medium size-medium\" alt=\"\" srcset=\"https:\/\/www.wellbeautysalon.com\/wp-content\/uploads\/2023\/08\/hairdressing-chair-base-45cm45cm.jpg 800w, https:\/\/www.wellbeautysalon.com\/wp-content\/uploads\/2023\/08\/hairdressing-chair-base-45cm45cm-100x100.jpg 100w, https:\/\/www.wellbeautysalon.com\/wp-content\/uploads\/2023\/08\/hairdressing-chair-base-45cm45cm-12x12.jpg 12w\" sizes=\"(max-width: 300px) 100vw, 300px\" title=\"\"><\/a>\n\t\t\t<\/div><\/figure><figure class='gallery-item'>\n\t\t\t<div class='gallery-icon landscape'>\n\t\t\t\t<a href='https:\/\/www.wellbeautysalon.com\/es\/?attachment_id=13785'><img decoding=\"async\" width=\"300\" height=\"300\" src=\"https:\/\/www.wellbeautysalon.com\/wp-content\/uploads\/2023\/08\/salon-styling-chair-round-base.webp.jpg\" class=\"attachment-medium size-medium\" alt=\"\" srcset=\"https:\/\/www.wellbeautysalon.com\/wp-content\/uploads\/2023\/08\/salon-styling-chair-round-base.webp.jpg 800w, https:\/\/www.wellbeautysalon.com\/wp-content\/uploads\/2023\/08\/salon-styling-chair-round-base.webp-100x100.jpg 100w, https:\/\/www.wellbeautysalon.com\/wp-content\/uploads\/2023\/08\/salon-styling-chair-round-base.webp-12x12.jpg 12w\" sizes=\"(max-width: 300px) 100vw, 300px\" title=\"\"><\/a>\n\t\t\t<\/div><\/figure>\n\t\t<\/div>","protected":false},"excerpt":{"rendered":"<p>Mobiliario de sal\u00f3n premium para uso profesional<\/p>\n<ul>\n<li>Model No.: 6532<\/li>\n<li>Color: Opcional<\/li>\n<li>Tipo: muebles de peluquer\u00eda<\/li>\n<li>Caracter\u00edstica: silla de corte de cabello de moda con bomba hidr\u00e1ulica<\/li>\n<li>Cuero: Cuero Sint\u00e9tico<\/li>\n<li>Base: base hidr\u00e1ulica que soporta hasta 100kgs<\/li>\n<li>Esponja: Espuma de memoria de alta densidad<\/li>\n<li>Material: madera, hierro, esponja<\/li>\n<li>dimensiones del paquete: 65cm*63cm*60cm<\/li>\n<li>Garant\u00eda: Garant\u00eda de 1 a\u00f1o<\/li>\n<\/ul>","protected":false},"featured_media":13753,"template":"","meta":{"site-sidebar-layout":"default","site-content-layout":"default","ast-global-header-display":"","ast-banner-title-visibility":"","ast-main-header-display":"","ast-hfb-above-header-display":"","ast-hfb-below-header-display":"","ast-hfb-mobile-header-display":"","site-post-title":"","ast-breadcrumbs-content":"","ast-featured-img":"","footer-sml-layout":"","theme-transparent-header-meta":"default","adv-header-id-meta":"","stick-header-meta":"default","header-above-stick-meta":"","header-main-stick-meta":"","header-below-stick-meta":""},"product_brand":[],"product_cat":[28],"product_tag":[53,57],"class_list":{"0":"post-13751","1":"product","2":"type-product","3":"status-publish","4":"has-post-thumbnail","6":"product_cat-hair-cutting-chair","7":"product_tag-hairdressing-furniture","8":"product_tag-styling-chair","9":"desktop-align-center","10":"tablet-align-center","11":"mobile-align-center","12":"ast-product-gallery-layout-horizontal-slider","13":"ast-product-tabs-layout-horizontal","15":"first","16":"instock","17":"shipping-taxable","18":"product-type-simple"},"acf":[],"_links":{"self":[{"href":"https:\/\/www.wellbeautysalon.com\/es\/wp-json\/wp\/v2\/product\/13751","targetHints":{"allow":["GET"]}}],"collection":[{"href":"https:\/\/www.wellbeautysalon.com\/es\/wp-json\/wp\/v2\/product"}],"about":[{"href":"https:\/\/www.wellbeautysalon.com\/es\/wp-json\/wp\/v2\/types\/product"}],"wp:featuredmedia":[{"embeddable":true,"href":"https:\/\/www.wellbeautysalon.com\/es\/wp-json\/wp\/v2\/media\/13753"}],"wp:attachment":[{"href":"https:\/\/www.wellbeautysalon.com\/es\/wp-json\/wp\/v2\/media?parent=13751"}],"wp:term":[{"taxonomy":"product_brand","embeddable":true,"href":"https:\/\/www.wellbeautysalon.com\/es\/wp-json\/wp\/v2\/product_brand?post=13751"},{"taxonomy":"product_cat","embeddable":true,"href":"https:\/\/www.wellbeautysalon.com\/es\/wp-json\/wp\/v2\/product_cat?post=13751"},{"taxonomy":"product_tag","embeddable":true,"href":"https:\/\/www.wellbeautysalon.com\/es\/wp-json\/wp\/v2\/product_tag?post=13751"}],"curies":[{"name":"wp","href":"https:\/\/api.w.org\/{rel}","templated":true}]}}