{"id":13716,"date":"2023-08-11T13:45:33","date_gmt":"2023-08-11T13:45:33","guid":{"rendered":"https:\/\/www.wellbeautysalon.com\/?post_type=product&#038;p=13716"},"modified":"2024-06-10T01:27:40","modified_gmt":"2024-06-10T01:27:40","slug":"sillon-de-peluqueria-58001","status":"publish","type":"product","link":"https:\/\/www.wellbeautysalon.com\/es\/producto\/sillon-de-peluqueria-58001","title":{"rendered":"Silla Reclinable Retro King Barber"},"content":{"rendered":"<p>El modelo 58001 es una elegante y cl\u00e1sica silla de barbero de estilo vintage. El reposacabezas ajustable, el relleno de espuma de alta densidad y la funci\u00f3n de reclinaci\u00f3n son muy apreciados por las peluquer\u00edas. La estructura de fundici\u00f3n de aluminio completa proporciona un cuerpo de silla tranquilo y c\u00f3modo. La forma retro parece transportarte a la gloriosa era del pasado. Este dise\u00f1o rinde homenaje a los cl\u00e1sicos.<\/p>\n<div id='gallery-1' class='gallery galleryid-13716 gallery-columns-3 gallery-size-medium'><figure class='gallery-item'>\n\t\t\t<div class='gallery-icon portrait'>\n\t\t\t\t<a href='https:\/\/www.wellbeautysalon.com\/es\/?attachment_id=14318'><img fetchpriority=\"high\" decoding=\"async\" width=\"294\" height=\"300\" src=\"https:\/\/www.wellbeautysalon.com\/wp-content\/uploads\/2023\/08\/QQ\u56fe\u724720240609192948.png\" class=\"attachment-medium size-medium\" alt=\"\" aria-describedby=\"gallery-1-14318\" srcset=\"https:\/\/www.wellbeautysalon.com\/wp-content\/uploads\/2023\/08\/QQ\u56fe\u724720240609192948.png 820w, https:\/\/www.wellbeautysalon.com\/wp-content\/uploads\/2023\/08\/QQ\u56fe\u724720240609192948-12x12.png 12w\" sizes=\"(max-width: 294px) 100vw, 294px\" title=\"\"><\/a>\n\t\t\t<\/div>\n\t\t\t\t<figcaption class='wp-caption-text gallery-caption' id='gallery-1-14318'>\n\t\t\t\tPackage Photo\n\t\t\t\t<\/figcaption><\/figure><figure class='gallery-item'>\n\t\t\t<div class='gallery-icon portrait'>\n\t\t\t\t<a href='https:\/\/www.wellbeautysalon.com\/es\/?attachment_id=14292'><img decoding=\"async\" width=\"225\" height=\"300\" src=\"https:\/\/www.wellbeautysalon.com\/wp-content\/uploads\/2023\/08\/IMG_3796-scaled.jpg\" class=\"attachment-medium size-medium\" alt=\"\" aria-describedby=\"gallery-1-14292\" srcset=\"https:\/\/www.wellbeautysalon.com\/wp-content\/uploads\/2023\/08\/IMG_3796-scaled.jpg 1920w, https:\/\/www.wellbeautysalon.com\/wp-content\/uploads\/2023\/08\/IMG_3796-9x12.jpg 9w\" sizes=\"(max-width: 225px) 100vw, 225px\" title=\"\"><\/a>\n\t\t\t<\/div>\n\t\t\t\t<figcaption class='wp-caption-text gallery-caption' id='gallery-1-14292'>\n\t\t\t\tPackage Photo\n\t\t\t\t<\/figcaption><\/figure><figure class='gallery-item'>\n\t\t\t<div class='gallery-icon portrait'>\n\t\t\t\t<a href='https:\/\/www.wellbeautysalon.com\/es\/?attachment_id=14298'><img decoding=\"async\" width=\"248\" height=\"300\" src=\"https:\/\/www.wellbeautysalon.com\/wp-content\/uploads\/2023\/08\/package.png\" class=\"attachment-medium size-medium\" alt=\"\" aria-describedby=\"gallery-1-14298\" srcset=\"https:\/\/www.wellbeautysalon.com\/wp-content\/uploads\/2023\/08\/package.png 699w, https:\/\/www.wellbeautysalon.com\/wp-content\/uploads\/2023\/08\/package-10x12.png 10w\" sizes=\"(max-width: 248px) 100vw, 248px\" title=\"\"><\/a>\n\t\t\t<\/div>\n\t\t\t\t<figcaption class='wp-caption-text gallery-caption' id='gallery-1-14298'>\n\t\t\t\tPackage Photo\n\t\t\t\t<\/figcaption><\/figure>\n\t\t<\/div>","protected":false},"excerpt":{"rendered":"<ul>\n<li>Model No.: 58001<\/li>\n<li>Color: Opcional<\/li>\n<li>Tipo: muebles de peluquer\u00eda<\/li>\n<li>Cabeza de reposo: extra\u00edble<\/li>\n<li>Caracter\u00edstica: espalda reclinable con reposabrazos acolchados tapizados<\/li>\n<li>Cuero: Cuero Sint\u00e9tico<\/li>\n<li>Base: base hidr\u00e1ulica que soporta hasta 100kgs<\/li>\n<li>Esponja: Espuma de memoria de alta densidad<\/li>\n<li>Material: madera, hierro, esponja, goma, acero de aluminio<\/li>\n<li>dimensiones del paquete: 83cm*77cm*79cm<\/li>\n<li>Garant\u00eda: Garant\u00eda de 1 a\u00f1o<\/li>\n<li>Origen: Hecho en China<\/li>\n<\/ul>","protected":false},"featured_media":13718,"template":"","meta":{"site-sidebar-layout":"default","site-content-layout":"default","ast-global-header-display":"","ast-banner-title-visibility":"","ast-main-header-display":"","ast-hfb-above-header-display":"","ast-hfb-below-header-display":"","ast-hfb-mobile-header-display":"","site-post-title":"","ast-breadcrumbs-content":"","ast-featured-img":"","footer-sml-layout":"","theme-transparent-header-meta":"default","adv-header-id-meta":"","stick-header-meta":"default","header-above-stick-meta":"","header-main-stick-meta":"","header-below-stick-meta":""},"product_brand":[],"product_cat":[26],"product_tag":[54,80],"class_list":{"0":"post-13716","1":"product","2":"type-product","3":"status-publish","4":"has-post-thumbnail","6":"product_cat-hairdressing-reclining-chair","7":"product_tag-auxiliary-hairdressing-furniture","8":"product_tag-barber-chair","9":"desktop-align-center","10":"tablet-align-center","11":"mobile-align-center","12":"ast-product-gallery-layout-horizontal-slider","13":"ast-product-tabs-layout-horizontal","15":"first","16":"instock","17":"shipping-taxable","18":"product-type-simple"},"acf":[],"_links":{"self":[{"href":"https:\/\/www.wellbeautysalon.com\/es\/wp-json\/wp\/v2\/product\/13716","targetHints":{"allow":["GET"]}}],"collection":[{"href":"https:\/\/www.wellbeautysalon.com\/es\/wp-json\/wp\/v2\/product"}],"about":[{"href":"https:\/\/www.wellbeautysalon.com\/es\/wp-json\/wp\/v2\/types\/product"}],"wp:featuredmedia":[{"embeddable":true,"href":"https:\/\/www.wellbeautysalon.com\/es\/wp-json\/wp\/v2\/media\/13718"}],"wp:attachment":[{"href":"https:\/\/www.wellbeautysalon.com\/es\/wp-json\/wp\/v2\/media?parent=13716"}],"wp:term":[{"taxonomy":"product_brand","embeddable":true,"href":"https:\/\/www.wellbeautysalon.com\/es\/wp-json\/wp\/v2\/product_brand?post=13716"},{"taxonomy":"product_cat","embeddable":true,"href":"https:\/\/www.wellbeautysalon.com\/es\/wp-json\/wp\/v2\/product_cat?post=13716"},{"taxonomy":"product_tag","embeddable":true,"href":"https:\/\/www.wellbeautysalon.com\/es\/wp-json\/wp\/v2\/product_tag?post=13716"}],"curies":[{"name":"wp","href":"https:\/\/api.w.org\/{rel}","templated":true}]}}