{"id":13711,"date":"2023-08-11T13:38:33","date_gmt":"2023-08-11T13:38:33","guid":{"rendered":"https:\/\/www.wellbeautysalon.com\/?post_type=product&#038;p=13711"},"modified":"2024-06-10T01:29:29","modified_gmt":"2024-06-10T01:29:29","slug":"silla-reclinable-de-barbero-31852","status":"publish","type":"product","link":"https:\/\/www.wellbeautysalon.com\/es\/producto\/silla-reclinable-de-barbero-31852","title":{"rendered":"Silla Reclinable de Barbero con Trono Real"},"content":{"rendered":"<p>Presentamos nuestra silla de barbero vintage m\u00e1s vendida, reconocida por su atractivo cl\u00e1sico y su artesan\u00eda superior. El marco est\u00e1 meticulosamente elaborado con una aleaci\u00f3n de aluminio fundido, lo que garantiza una gran durabilidad y estabilidad. Luego, este exquisito marco se galvaniza para obtener un acabado pulido impresionante que no solo mejora su atractivo est\u00e9tico sino que tambi\u00e9n brinda una protecci\u00f3n duradera. Perfecta para barber\u00edas que buscan capturar una atm\u00f3sfera nost\u00e1lgica y al mismo tiempo ofrecer comodidad y funcionalidad modernas, esta silla de barbero combina lo mejor de ambos mundos. Su dise\u00f1o atemporal lo ha convertido en la opci\u00f3n favorita entre los barberos de todo el mundo y promete elevar el ambiente de cualquier barber\u00eda.<\/p>\n<div id='gallery-1' class='gallery galleryid-13711 gallery-columns-3 gallery-size-thumbnail'><figure class='gallery-item'>\n\t\t\t<div class='gallery-icon portrait'>\n\t\t\t\t<a href='https:\/\/www.wellbeautysalon.com\/es\/?attachment_id=14313'><img decoding=\"async\" width=\"100\" height=\"100\" src=\"https:\/\/www.wellbeautysalon.com\/wp-content\/uploads\/2021\/01\/QQ\u56fe\u724720240609185615-100x100.png\" class=\"attachment-thumbnail size-thumbnail\" alt=\"\" aria-describedby=\"gallery-1-14313\" title=\"\"><\/a>\n\t\t\t<\/div>\n\t\t\t\t<figcaption class='wp-caption-text gallery-caption' id='gallery-1-14313'>\n\t\t\t\tPackage Photo\n\t\t\t\t<\/figcaption><\/figure><figure class='gallery-item'>\n\t\t\t<div class='gallery-icon portrait'>\n\t\t\t\t<a href='https:\/\/www.wellbeautysalon.com\/es\/?attachment_id=14292'><img decoding=\"async\" width=\"100\" height=\"100\" src=\"https:\/\/www.wellbeautysalon.com\/wp-content\/uploads\/2023\/08\/IMG_3796-100x100.jpg\" class=\"attachment-thumbnail size-thumbnail\" alt=\"\" aria-describedby=\"gallery-1-14292\" title=\"\"><\/a>\n\t\t\t<\/div>\n\t\t\t\t<figcaption class='wp-caption-text gallery-caption' id='gallery-1-14292'>\n\t\t\t\tPackage Photo\n\t\t\t\t<\/figcaption><\/figure><figure class='gallery-item'>\n\t\t\t<div class='gallery-icon portrait'>\n\t\t\t\t<a href='https:\/\/www.wellbeautysalon.com\/es\/?attachment_id=14298'><img decoding=\"async\" width=\"100\" height=\"100\" src=\"https:\/\/www.wellbeautysalon.com\/wp-content\/uploads\/2023\/08\/package-100x100.png\" class=\"attachment-thumbnail size-thumbnail\" alt=\"\" aria-describedby=\"gallery-1-14298\" title=\"\"><\/a>\n\t\t\t<\/div>\n\t\t\t\t<figcaption class='wp-caption-text gallery-caption' id='gallery-1-14298'>\n\t\t\t\tPackage Photo\n\t\t\t\t<\/figcaption><\/figure>\n\t\t<\/div>","protected":false},"excerpt":{"rendered":"<p>Silla de peluquero vintage de primera calidad procedente de China<\/p>\n<ul>\n<li>Model No.: 31852<\/li>\n<li>Color: Opcional<\/li>\n<li>Tipo: muebles de peluquer\u00eda<\/li>\n<li>Cabeza de reposo: extra\u00edble<\/li>\n<li>Caracter\u00edstica: espalda reclinable con reposabrazos acolchados tapizados<\/li>\n<li>Cuero: Cuero Sint\u00e9tico<\/li>\n<li>Base: base hidr\u00e1ulica que soporta hasta 100kgs<\/li>\n<li>Esponja: Espuma de memoria de alta densidad<\/li>\n<li>Material: madera, hierro, esponja, goma, acero de aluminio<\/li>\n<li>dimensiones del paquete:83cm*79cm*83cm<\/li>\n<li>Garant\u00eda: Garant\u00eda de 1 a\u00f1o<\/li>\n<li>Origen: Hecho en China<\/li>\n<\/ul>","protected":false},"featured_media":13713,"template":"","meta":{"site-sidebar-layout":"default","site-content-layout":"default","ast-global-header-display":"","ast-banner-title-visibility":"","ast-main-header-display":"","ast-hfb-above-header-display":"","ast-hfb-below-header-display":"","ast-hfb-mobile-header-display":"","site-post-title":"","ast-breadcrumbs-content":"","ast-featured-img":"","footer-sml-layout":"","theme-transparent-header-meta":"default","adv-header-id-meta":"","stick-header-meta":"default","header-above-stick-meta":"","header-main-stick-meta":"","header-below-stick-meta":""},"product_brand":[],"product_cat":[26],"product_tag":[53,80],"class_list":{"0":"post-13711","1":"product","2":"type-product","3":"status-publish","4":"has-post-thumbnail","6":"product_cat-hairdressing-reclining-chair","7":"product_tag-hairdressing-furniture","8":"product_tag-barber-chair","9":"desktop-align-center","10":"tablet-align-center","11":"mobile-align-center","12":"ast-product-gallery-layout-horizontal-slider","13":"ast-product-tabs-layout-horizontal","15":"first","16":"instock","17":"shipping-taxable","18":"product-type-simple"},"acf":[],"_links":{"self":[{"href":"https:\/\/www.wellbeautysalon.com\/es\/wp-json\/wp\/v2\/product\/13711","targetHints":{"allow":["GET"]}}],"collection":[{"href":"https:\/\/www.wellbeautysalon.com\/es\/wp-json\/wp\/v2\/product"}],"about":[{"href":"https:\/\/www.wellbeautysalon.com\/es\/wp-json\/wp\/v2\/types\/product"}],"wp:featuredmedia":[{"embeddable":true,"href":"https:\/\/www.wellbeautysalon.com\/es\/wp-json\/wp\/v2\/media\/13713"}],"wp:attachment":[{"href":"https:\/\/www.wellbeautysalon.com\/es\/wp-json\/wp\/v2\/media?parent=13711"}],"wp:term":[{"taxonomy":"product_brand","embeddable":true,"href":"https:\/\/www.wellbeautysalon.com\/es\/wp-json\/wp\/v2\/product_brand?post=13711"},{"taxonomy":"product_cat","embeddable":true,"href":"https:\/\/www.wellbeautysalon.com\/es\/wp-json\/wp\/v2\/product_cat?post=13711"},{"taxonomy":"product_tag","embeddable":true,"href":"https:\/\/www.wellbeautysalon.com\/es\/wp-json\/wp\/v2\/product_tag?post=13711"}],"curies":[{"name":"wp","href":"https:\/\/api.w.org\/{rel}","templated":true}]}}