{"id":13684,"date":"2023-08-07T07:14:55","date_gmt":"2023-08-07T07:14:55","guid":{"rendered":"https:\/\/www.wellbeautysalon.com\/?post_type=product&#038;p=13684"},"modified":"2024-06-10T02:09:59","modified_gmt":"2024-06-10T02:09:59","slug":"silla-reclinable-de-barbero-31828","status":"publish","type":"product","link":"https:\/\/www.wellbeautysalon.com\/es\/producto\/silla-reclinable-de-barbero-31828","title":{"rendered":"Silla Reclinable de Barbero Grand Tradition"},"content":{"rendered":"<p>Esta silla de barbero cl\u00e1sica cuenta con una robusta estructura de aleaci\u00f3n de aluminio, fabricada con tecnolog\u00eda de moldeado avanzada y acabada con un proceso de galvanoplastia de alta calidad. La silla est\u00e1 dise\u00f1ada con un reposapi\u00e9s resistente y un reposacabezas ajustable, brindando la m\u00e1xima comodidad a los clientes durante sesiones largas. Su duradera tapicer\u00eda de cuero sint\u00e9tico y espuma de alta densidad garantizan longevidad y comodidad. El elegante dise\u00f1o negro de la silla con detalles cromados ofrece un atractivo atemporal, lo que la convierte en la mejor opci\u00f3n para las barber\u00edas que buscan combinar un estilo vintage con una funcionalidad moderna. Ideal para mayoristas y fabricantes internacionales que buscan muebles de sal\u00f3n elegantes y fiables.<\/p>\n<p><strong>Caracter\u00edsticas del Producto:<\/strong><\/p>\n<ul>\n<li>Marco de aleaci\u00f3n de aluminio moldeado con acabado de galvanoplastia.<\/li>\n<li>Reposacabezas ajustable y reposapi\u00e9s duradero<\/li>\n<li>Espuma de alta densidad con tapizado de piel sint\u00e9tica.<\/li>\n<li>Dise\u00f1o atemporal en negro con detalles cromados<\/li>\n<\/ul>\n<div id='gallery-1' class='gallery galleryid-13684 gallery-columns-3 gallery-size-medium'><figure class='gallery-item'>\n\t\t\t<div class='gallery-icon portrait'>\n\t\t\t\t<a href='https:\/\/www.wellbeautysalon.com\/es\/?attachment_id=14304'><img fetchpriority=\"high\" decoding=\"async\" width=\"222\" height=\"300\" src=\"https:\/\/www.wellbeautysalon.com\/wp-content\/uploads\/2023\/08\/QQ\u56fe\u724720240609170056.png\" class=\"attachment-medium size-medium\" alt=\"\" aria-describedby=\"gallery-1-14304\" srcset=\"https:\/\/www.wellbeautysalon.com\/wp-content\/uploads\/2023\/08\/QQ\u56fe\u724720240609170056.png 512w, https:\/\/www.wellbeautysalon.com\/wp-content\/uploads\/2023\/08\/QQ\u56fe\u724720240609170056-9x12.png 9w\" sizes=\"(max-width: 222px) 100vw, 222px\" title=\"\"><\/a>\n\t\t\t<\/div>\n\t\t\t\t<figcaption class='wp-caption-text gallery-caption' id='gallery-1-14304'>\n\t\t\t\tPackage Photo\n\t\t\t\t<\/figcaption><\/figure><figure class='gallery-item'>\n\t\t\t<div class='gallery-icon portrait'>\n\t\t\t\t<a href='https:\/\/www.wellbeautysalon.com\/es\/?attachment_id=14292'><img decoding=\"async\" width=\"225\" height=\"300\" src=\"https:\/\/www.wellbeautysalon.com\/wp-content\/uploads\/2023\/08\/IMG_3796-scaled.jpg\" class=\"attachment-medium size-medium\" alt=\"\" aria-describedby=\"gallery-1-14292\" srcset=\"https:\/\/www.wellbeautysalon.com\/wp-content\/uploads\/2023\/08\/IMG_3796-scaled.jpg 1920w, https:\/\/www.wellbeautysalon.com\/wp-content\/uploads\/2023\/08\/IMG_3796-9x12.jpg 9w\" sizes=\"(max-width: 225px) 100vw, 225px\" title=\"\"><\/a>\n\t\t\t<\/div>\n\t\t\t\t<figcaption class='wp-caption-text gallery-caption' id='gallery-1-14292'>\n\t\t\t\tPackage Photo\n\t\t\t\t<\/figcaption><\/figure><figure class='gallery-item'>\n\t\t\t<div class='gallery-icon portrait'>\n\t\t\t\t<a href='https:\/\/www.wellbeautysalon.com\/es\/?attachment_id=14298'><img decoding=\"async\" width=\"248\" height=\"300\" src=\"https:\/\/www.wellbeautysalon.com\/wp-content\/uploads\/2023\/08\/package.png\" class=\"attachment-medium size-medium\" alt=\"\" aria-describedby=\"gallery-1-14298\" srcset=\"https:\/\/www.wellbeautysalon.com\/wp-content\/uploads\/2023\/08\/package.png 699w, https:\/\/www.wellbeautysalon.com\/wp-content\/uploads\/2023\/08\/package-10x12.png 10w\" sizes=\"(max-width: 248px) 100vw, 248px\" title=\"\"><\/a>\n\t\t\t<\/div>\n\t\t\t\t<figcaption class='wp-caption-text gallery-caption' id='gallery-1-14298'>\n\t\t\t\tPackage Photo\n\t\t\t\t<\/figcaption><\/figure>\n\t\t<\/div>","protected":false},"excerpt":{"rendered":"<p>Silla de peluquero cl\u00e1sica vintage con estructura de aluminio galvanizado<\/p>\n<ul>\n<li>Model No.: 31828<\/li>\n<li>Color: Opcional<\/li>\n<li>Tipo: muebles de peluquer\u00eda<\/li>\n<li>Cabeza de reposo: extra\u00edble<\/li>\n<li>Caracter\u00edstica: espalda reclinable con reposabrazos acolchados tapizados<\/li>\n<li>Cuero: Cuero Sint\u00e9tico<\/li>\n<li>Base: base hidr\u00e1ulica que soporta hasta 100kgs<\/li>\n<li>Esponja: Espuma de memoria de alta densidad<\/li>\n<li>Material: madera, hierro, esponja, goma, acero de aluminio<\/li>\n<li>dimensiones del paquete: 77cm*75cm*91cm<\/li>\n<li>Garant\u00eda: Garant\u00eda de 1 a\u00f1o<\/li>\n<li>Origen: Hecho en China<\/li>\n<\/ul>","protected":false},"featured_media":13687,"template":"","meta":{"site-sidebar-layout":"default","site-content-layout":"default","ast-global-header-display":"","ast-banner-title-visibility":"","ast-main-header-display":"","ast-hfb-above-header-display":"","ast-hfb-below-header-display":"","ast-hfb-mobile-header-display":"","site-post-title":"","ast-breadcrumbs-content":"","ast-featured-img":"","footer-sml-layout":"","theme-transparent-header-meta":"default","adv-header-id-meta":"","stick-header-meta":"default","header-above-stick-meta":"","header-main-stick-meta":"","header-below-stick-meta":""},"product_brand":[],"product_cat":[26],"product_tag":[53],"class_list":{"0":"post-13684","1":"product","2":"type-product","3":"status-publish","4":"has-post-thumbnail","6":"product_cat-hairdressing-reclining-chair","7":"product_tag-hairdressing-furniture","8":"desktop-align-center","9":"tablet-align-center","10":"mobile-align-center","11":"ast-product-gallery-layout-horizontal-slider","12":"ast-product-tabs-layout-horizontal","14":"first","15":"instock","16":"shipping-taxable","17":"product-type-simple"},"acf":[],"_links":{"self":[{"href":"https:\/\/www.wellbeautysalon.com\/es\/wp-json\/wp\/v2\/product\/13684","targetHints":{"allow":["GET"]}}],"collection":[{"href":"https:\/\/www.wellbeautysalon.com\/es\/wp-json\/wp\/v2\/product"}],"about":[{"href":"https:\/\/www.wellbeautysalon.com\/es\/wp-json\/wp\/v2\/types\/product"}],"wp:featuredmedia":[{"embeddable":true,"href":"https:\/\/www.wellbeautysalon.com\/es\/wp-json\/wp\/v2\/media\/13687"}],"wp:attachment":[{"href":"https:\/\/www.wellbeautysalon.com\/es\/wp-json\/wp\/v2\/media?parent=13684"}],"wp:term":[{"taxonomy":"product_brand","embeddable":true,"href":"https:\/\/www.wellbeautysalon.com\/es\/wp-json\/wp\/v2\/product_brand?post=13684"},{"taxonomy":"product_cat","embeddable":true,"href":"https:\/\/www.wellbeautysalon.com\/es\/wp-json\/wp\/v2\/product_cat?post=13684"},{"taxonomy":"product_tag","embeddable":true,"href":"https:\/\/www.wellbeautysalon.com\/es\/wp-json\/wp\/v2\/product_tag?post=13684"}],"curies":[{"name":"wp","href":"https:\/\/api.w.org\/{rel}","templated":true}]}}