{"id":13674,"date":"2023-08-07T06:46:52","date_gmt":"2023-08-07T06:46:52","guid":{"rendered":"https:\/\/www.wellbeautysalon.com\/?post_type=product&#038;p=13674"},"modified":"2024-06-10T02:12:25","modified_gmt":"2024-06-10T02:12:25","slug":"sillon-de-peluqueria-31823","status":"publish","type":"product","link":"https:\/\/www.wellbeautysalon.com\/es\/producto\/sillon-de-peluqueria-31823","title":{"rendered":"Silla Reclinable de Barbero Real Antigua"},"content":{"rendered":"<p>El modelo 31823 es una silla de barbero de moda y cl\u00e1sica. El reposacabezas ajustable y la espuma de alta densidad y la funci\u00f3n de acostarse son amadas por las tiendas de peluquer\u00eda. El patr\u00f3n de sof\u00e1 de alta gama de esta silla y la sensaci\u00f3n suave y c\u00f3moda han ganado grandes ventas. Aunque ha estado en el mercado durante mucho tiempo, los clientes todav\u00eda lo buscan.\nEleve el nivel de su barber\u00eda con el sill\u00f3n reclinable Antique Regal. Dise\u00f1o cl\u00e1sico, detalles vintage y calidad premium. Somos fabricantes directos en China con amplia experiencia exportando a Sudam\u00e9rica. \u00a1Cont\u00e1ctenos por WhatsApp para precios de f\u00e1brica!<\/p>\n<div id='gallery-1' class='gallery galleryid-13674 gallery-columns-3 gallery-size-medium'><figure class='gallery-item'>\n\t\t\t<div class='gallery-icon portrait'>\n\t\t\t\t<a href='https:\/\/www.wellbeautysalon.com\/es\/?attachment_id=14307'><img fetchpriority=\"high\" decoding=\"async\" width=\"224\" height=\"300\" src=\"https:\/\/www.wellbeautysalon.com\/wp-content\/uploads\/2023\/08\/package-2.png\" class=\"attachment-medium size-medium\" alt=\"\" srcset=\"https:\/\/www.wellbeautysalon.com\/wp-content\/uploads\/2023\/08\/package-2.png 626w, https:\/\/www.wellbeautysalon.com\/wp-content\/uploads\/2023\/08\/package-2-9x12.png 9w\" sizes=\"(max-width: 224px) 100vw, 224px\" title=\"\"><\/a>\n\t\t\t<\/div><\/figure><figure class='gallery-item'>\n\t\t\t<div class='gallery-icon portrait'>\n\t\t\t\t<a href='https:\/\/www.wellbeautysalon.com\/es\/?attachment_id=14292'><img decoding=\"async\" width=\"225\" height=\"300\" src=\"https:\/\/www.wellbeautysalon.com\/wp-content\/uploads\/2023\/08\/IMG_3796-scaled.jpg\" class=\"attachment-medium size-medium\" alt=\"\" aria-describedby=\"gallery-1-14292\" srcset=\"https:\/\/www.wellbeautysalon.com\/wp-content\/uploads\/2023\/08\/IMG_3796-scaled.jpg 1920w, https:\/\/www.wellbeautysalon.com\/wp-content\/uploads\/2023\/08\/IMG_3796-9x12.jpg 9w\" sizes=\"(max-width: 225px) 100vw, 225px\" title=\"\"><\/a>\n\t\t\t<\/div>\n\t\t\t\t<figcaption class='wp-caption-text gallery-caption' id='gallery-1-14292'>\n\t\t\t\tPackage Photo\n\t\t\t\t<\/figcaption><\/figure><figure class='gallery-item'>\n\t\t\t<div class='gallery-icon portrait'>\n\t\t\t\t<a href='https:\/\/www.wellbeautysalon.com\/es\/?attachment_id=14298'><img decoding=\"async\" width=\"248\" height=\"300\" src=\"https:\/\/www.wellbeautysalon.com\/wp-content\/uploads\/2023\/08\/package.png\" class=\"attachment-medium size-medium\" alt=\"\" aria-describedby=\"gallery-1-14298\" srcset=\"https:\/\/www.wellbeautysalon.com\/wp-content\/uploads\/2023\/08\/package.png 699w, https:\/\/www.wellbeautysalon.com\/wp-content\/uploads\/2023\/08\/package-10x12.png 10w\" sizes=\"(max-width: 248px) 100vw, 248px\" title=\"\"><\/a>\n\t\t\t<\/div>\n\t\t\t\t<figcaption class='wp-caption-text gallery-caption' id='gallery-1-14298'>\n\t\t\t\tPackage Photo\n\t\t\t\t<\/figcaption><\/figure>\n\t\t<\/div>","protected":false},"excerpt":{"rendered":"<p>Silla de barbero resistente y elegante con reposacabezas ajustable<\/p>\n<ul>\n<li>Model No.: 31823<\/li>\n<li>Color: Opcional<\/li>\n<li>Tipo: muebles de peluquer\u00eda<\/li>\n<li>Cabeza de reposo: extra\u00edble<\/li>\n<li>Caracter\u00edstica: espalda reclinable con reposabrazos acolchados tapizados<\/li>\n<li>Cuero: Cuero Sint\u00e9tico<\/li>\n<li>Base: base hidr\u00e1ulica que soporta hasta 100kgs<\/li>\n<li>Esponja: Espuma de memoria de alta densidad<\/li>\n<li>Material: madera, hierro, esponja, goma, acero de aluminio<\/li>\n<li>dimensiones del paquete: 77cm*75cm*91cm<\/li>\n<li>Garant\u00eda: Garant\u00eda de 1 a\u00f1o<\/li>\n<li>Origen: Hecho en China<\/li>\n<\/ul>","protected":false},"featured_media":13676,"template":"","meta":{"site-sidebar-layout":"default","site-content-layout":"default","ast-global-header-display":"","ast-banner-title-visibility":"","ast-main-header-display":"","ast-hfb-above-header-display":"","ast-hfb-below-header-display":"","ast-hfb-mobile-header-display":"","site-post-title":"","ast-breadcrumbs-content":"","ast-featured-img":"","footer-sml-layout":"","theme-transparent-header-meta":"default","adv-header-id-meta":"","stick-header-meta":"default","header-above-stick-meta":"","header-main-stick-meta":"","header-below-stick-meta":""},"product_brand":[],"product_cat":[26],"product_tag":[53],"class_list":{"0":"post-13674","1":"product","2":"type-product","3":"status-publish","4":"has-post-thumbnail","6":"product_cat-hairdressing-reclining-chair","7":"product_tag-hairdressing-furniture","8":"desktop-align-center","9":"tablet-align-center","10":"mobile-align-center","11":"ast-product-gallery-layout-horizontal-slider","12":"ast-product-tabs-layout-horizontal","14":"first","15":"instock","16":"shipping-taxable","17":"product-type-simple"},"acf":[],"_links":{"self":[{"href":"https:\/\/www.wellbeautysalon.com\/es\/wp-json\/wp\/v2\/product\/13674","targetHints":{"allow":["GET"]}}],"collection":[{"href":"https:\/\/www.wellbeautysalon.com\/es\/wp-json\/wp\/v2\/product"}],"about":[{"href":"https:\/\/www.wellbeautysalon.com\/es\/wp-json\/wp\/v2\/types\/product"}],"wp:featuredmedia":[{"embeddable":true,"href":"https:\/\/www.wellbeautysalon.com\/es\/wp-json\/wp\/v2\/media\/13676"}],"wp:attachment":[{"href":"https:\/\/www.wellbeautysalon.com\/es\/wp-json\/wp\/v2\/media?parent=13674"}],"wp:term":[{"taxonomy":"product_brand","embeddable":true,"href":"https:\/\/www.wellbeautysalon.com\/es\/wp-json\/wp\/v2\/product_brand?post=13674"},{"taxonomy":"product_cat","embeddable":true,"href":"https:\/\/www.wellbeautysalon.com\/es\/wp-json\/wp\/v2\/product_cat?post=13674"},{"taxonomy":"product_tag","embeddable":true,"href":"https:\/\/www.wellbeautysalon.com\/es\/wp-json\/wp\/v2\/product_tag?post=13674"}],"curies":[{"name":"wp","href":"https:\/\/api.w.org\/{rel}","templated":true}]}}