{"id":12303,"date":"2021-01-16T13:06:57","date_gmt":"2021-01-16T13:06:57","guid":{"rendered":"https:\/\/ciyashop.potenzaglobalsolutions.com\/medical\/?post_type=product&#038;p=12303"},"modified":"2025-08-05T12:38:36","modified_gmt":"2025-08-05T12:38:36","slug":"sillon-de-peluqueria-31827","status":"publish","type":"product","link":"https:\/\/www.wellbeautysalon.com\/es\/producto\/sillon-de-peluqueria-31827","title":{"rendered":"Sill\u00f3n Reclinable Titan Barber"},"content":{"rendered":"<p>El modelo 31827 es una silla de barbero de moda y cl\u00e1sica. El reposacabezas ajustable y la espuma de alta densidad y la funci\u00f3n de acostarse son amadas por las tiendas de peluquer\u00eda. El patr\u00f3n de sof\u00e1 de alta gama de esta silla y la sensaci\u00f3n suave y c\u00f3moda han ganado grandes ventas. Aunque ha estado en el mercado durante mucho tiempo, los clientes todav\u00eda lo buscan.<\/p>\n<div id='gallery-1' class='gallery galleryid-12303 gallery-columns-3 gallery-size-medium'><figure class='gallery-item'>\n\t\t\t<div class='gallery-icon portrait'>\n\t\t\t\t<a href='https:\/\/www.wellbeautysalon.com\/es\/?attachment_id=14315'><img fetchpriority=\"high\" decoding=\"async\" width=\"249\" height=\"300\" src=\"https:\/\/www.wellbeautysalon.com\/wp-content\/uploads\/2021\/01\/wellbeauty-barber-chair.png\" class=\"attachment-medium size-medium\" alt=\"\" aria-describedby=\"gallery-1-14315\" srcset=\"https:\/\/www.wellbeautysalon.com\/wp-content\/uploads\/2021\/01\/wellbeauty-barber-chair.png 632w, https:\/\/www.wellbeautysalon.com\/wp-content\/uploads\/2021\/01\/wellbeauty-barber-chair-10x12.png 10w\" sizes=\"(max-width: 249px) 100vw, 249px\" title=\"\"><\/a>\n\t\t\t<\/div>\n\t\t\t\t<figcaption class='wp-caption-text gallery-caption' id='gallery-1-14315'>\n\t\t\t\tPackage Photo\n\t\t\t\t<\/figcaption><\/figure><figure class='gallery-item'>\n\t\t\t<div class='gallery-icon portrait'>\n\t\t\t\t<a href='https:\/\/www.wellbeautysalon.com\/es\/?attachment_id=14292'><img decoding=\"async\" width=\"225\" height=\"300\" src=\"https:\/\/www.wellbeautysalon.com\/wp-content\/uploads\/2023\/08\/IMG_3796-scaled.jpg\" class=\"attachment-medium size-medium\" alt=\"\" aria-describedby=\"gallery-1-14292\" srcset=\"https:\/\/www.wellbeautysalon.com\/wp-content\/uploads\/2023\/08\/IMG_3796-scaled.jpg 1920w, https:\/\/www.wellbeautysalon.com\/wp-content\/uploads\/2023\/08\/IMG_3796-9x12.jpg 9w\" sizes=\"(max-width: 225px) 100vw, 225px\" title=\"\"><\/a>\n\t\t\t<\/div>\n\t\t\t\t<figcaption class='wp-caption-text gallery-caption' id='gallery-1-14292'>\n\t\t\t\tPackage Photo\n\t\t\t\t<\/figcaption><\/figure><figure class='gallery-item'>\n\t\t\t<div class='gallery-icon portrait'>\n\t\t\t\t<a href='https:\/\/www.wellbeautysalon.com\/es\/?attachment_id=14298'><img decoding=\"async\" width=\"248\" height=\"300\" src=\"https:\/\/www.wellbeautysalon.com\/wp-content\/uploads\/2023\/08\/package.png\" class=\"attachment-medium size-medium\" alt=\"\" aria-describedby=\"gallery-1-14298\" srcset=\"https:\/\/www.wellbeautysalon.com\/wp-content\/uploads\/2023\/08\/package.png 699w, https:\/\/www.wellbeautysalon.com\/wp-content\/uploads\/2023\/08\/package-10x12.png 10w\" sizes=\"(max-width: 248px) 100vw, 248px\" title=\"\"><\/a>\n\t\t\t<\/div>\n\t\t\t\t<figcaption class='wp-caption-text gallery-caption' id='gallery-1-14298'>\n\t\t\t\tPackage Photo\n\t\t\t\t<\/figcaption><\/figure>\n\t\t<\/div>","protected":false},"excerpt":{"rendered":"<p>Silla de barbero resistente y elegante con reposacabezas ajustable<\/p>\n<ul>\n<li>Model No.: 31827<\/li>\n<li>Color: Opcional<\/li>\n<li>Tipo: muebles de peluquer\u00eda<\/li>\n<li>Cabeza de reposo: extra\u00edble<\/li>\n<li>Caracter\u00edstica: espalda reclinable con reposabrazos acolchados tapizados<\/li>\n<li>Cuero: Cuero Sint\u00e9tico<\/li>\n<li>Base: base hidr\u00e1ulica que soporta hasta 100kgs<\/li>\n<li>Esponja: Espuma de memoria de alta densidad<\/li>\n<li>Material: madera, hierro, esponja, goma, acero de aluminio<\/li>\n<li>dimensiones del paquete: 77cm*75cm*91cm<\/li>\n<li>Garant\u00eda: Garant\u00eda de 1 a\u00f1o<\/li>\n<li>Origen: Hecho en China<\/li>\n<\/ul>","protected":false},"featured_media":13617,"template":"","meta":{"site-sidebar-layout":"default","site-content-layout":"default","ast-global-header-display":"","ast-banner-title-visibility":"","ast-main-header-display":"","ast-hfb-above-header-display":"","ast-hfb-below-header-display":"","ast-hfb-mobile-header-display":"","site-post-title":"","ast-breadcrumbs-content":"","ast-featured-img":"","footer-sml-layout":"","theme-transparent-header-meta":"default","adv-header-id-meta":"","stick-header-meta":"default","header-above-stick-meta":"","header-main-stick-meta":"","header-below-stick-meta":""},"product_brand":[],"product_cat":[26],"product_tag":[53],"class_list":{"0":"post-12303","1":"product","2":"type-product","3":"status-publish","4":"has-post-thumbnail","6":"product_cat-hairdressing-reclining-chair","7":"product_tag-hairdressing-furniture","8":"desktop-align-center","9":"tablet-align-center","10":"mobile-align-center","11":"ast-product-gallery-layout-horizontal-slider","12":"ast-product-tabs-layout-horizontal","14":"first","15":"instock","16":"featured","17":"shipping-taxable","18":"product-type-simple"},"acf":[],"_links":{"self":[{"href":"https:\/\/www.wellbeautysalon.com\/es\/wp-json\/wp\/v2\/product\/12303","targetHints":{"allow":["GET"]}}],"collection":[{"href":"https:\/\/www.wellbeautysalon.com\/es\/wp-json\/wp\/v2\/product"}],"about":[{"href":"https:\/\/www.wellbeautysalon.com\/es\/wp-json\/wp\/v2\/types\/product"}],"wp:featuredmedia":[{"embeddable":true,"href":"https:\/\/www.wellbeautysalon.com\/es\/wp-json\/wp\/v2\/media\/13617"}],"wp:attachment":[{"href":"https:\/\/www.wellbeautysalon.com\/es\/wp-json\/wp\/v2\/media?parent=12303"}],"wp:term":[{"taxonomy":"product_brand","embeddable":true,"href":"https:\/\/www.wellbeautysalon.com\/es\/wp-json\/wp\/v2\/product_brand?post=12303"},{"taxonomy":"product_cat","embeddable":true,"href":"https:\/\/www.wellbeautysalon.com\/es\/wp-json\/wp\/v2\/product_cat?post=12303"},{"taxonomy":"product_tag","embeddable":true,"href":"https:\/\/www.wellbeautysalon.com\/es\/wp-json\/wp\/v2\/product_tag?post=12303"}],"curies":[{"name":"wp","href":"https:\/\/api.w.org\/{rel}","templated":true}]}}