{"id":12300,"date":"2021-01-16T12:45:42","date_gmt":"2021-01-16T12:45:42","guid":{"rendered":"https:\/\/ciyashop.potenzaglobalsolutions.com\/medical\/?post_type=product&#038;p=12300"},"modified":"2025-08-05T12:51:10","modified_gmt":"2025-08-05T12:51:10","slug":"lavacabezas-31987","status":"publish","type":"product","link":"https:\/\/www.wellbeautysalon.com\/es\/producto\/lavacabezas-31987","title":{"rendered":"Unidad de retrolavado Premium Comfort"},"content":{"rendered":"<p>Esta silla de champ\u00fa de alta calidad est\u00e1 dise\u00f1ada teniendo en cuenta la funcionalidad y la est\u00e9tica, lo que la convierte en una adici\u00f3n ideal a cualquier sal\u00f3n de peluquer\u00eda profesional. Con un elegante lavabo de cer\u00e1mica negra, esta silla proporciona durabilidad y facilidad de mantenimiento. El asiento c\u00f3modo con acolchado de espuma de alta densidad garantiza una experiencia relajante para los clientes durante los tratamientos de champ\u00fa. La base de acero inoxidable agrega un toque moderno al tiempo que proporciona estabilidad y resistencia.\nOfrezca la mejor experiencia a sus clientes con el lavacabezas Zenith Comfort. Dise\u00f1o ergon\u00f3mico superior, soporte para cuello y pileta de cer\u00e1mica. Somos fabricantes directos en China exportando a Sudam\u00e9rica. \u00a1Consulte precios por WhatsApp!<\/p>\n<h4>Caracter\u00edsticas:<\/h4>\n<ul>\n<li><strong>Bac\u00edn de cer\u00e1mica de alta calidad:<\/strong>\u00a0Duradero y f\u00e1cil de limpiar.<\/li>\n<li><strong>Asientos c\u00f3modos:<\/strong>\u00a0Relleno de espuma de alta densidad para mayor comodidad.<\/li>\n<li><strong>Base de acero inoxidable:<\/strong>\u00a0Ofrece est\u00e9tica moderna y estabilidad.<\/li>\n<li><strong>Dise\u00f1o Ergon\u00f3mico:<\/strong>\u00a0Garantiza la comodidad del cliente y la facilidad de uso para los estilistas.<\/li>\n<\/ul>","protected":false},"excerpt":{"rendered":"<p>Silla de champ\u00fa de lujo negra de suministro directo desde China<\/p>\n<ul>\n<li>Model No.: 32987<\/li>\n<li>Color: Opcional<\/li>\n<li>Tipo: Muebles de peluquer\u00eda<\/li>\n<li>Cuenca de cer\u00e1mica: Ajustable<\/li>\n<li>Caracter\u00edstica: ajuste de reposapi\u00e9s El\u00e9ctrico<\/li>\n<li>Cuero: Cuero Sint\u00e9tico<\/li>\n<li>Accesorios: Con grifos de calidad y mangueras<\/li>\n<li>Esponja: Espuma de memoria de alta densidad<\/li>\n<li>Material: Madera, hierro, esponja, lavabo de cer\u00e1mica, acero, grifos, base de acero inoxidable.<\/li>\n<li>dimensiones del paquete: 1.25\u00d70.76\u00d70.96m<\/li>\n<li>Garant\u00eda: Garant\u00eda de 1 a\u00f1o<\/li>\n<\/ul>","protected":false},"featured_media":13618,"template":"","meta":{"site-sidebar-layout":"default","site-content-layout":"default","ast-global-header-display":"","ast-banner-title-visibility":"","ast-main-header-display":"","ast-hfb-above-header-display":"","ast-hfb-below-header-display":"","ast-hfb-mobile-header-display":"","site-post-title":"","ast-breadcrumbs-content":"","ast-featured-img":"","footer-sml-layout":"","theme-transparent-header-meta":"default","adv-header-id-meta":"","stick-header-meta":"default","header-above-stick-meta":"","header-main-stick-meta":"","header-below-stick-meta":""},"product_brand":[],"product_cat":[30],"product_tag":[53],"class_list":{"0":"post-12300","1":"product","2":"type-product","3":"status-publish","4":"has-post-thumbnail","6":"product_cat-ceramic-basin-shampoo-chair","7":"product_tag-hairdressing-furniture","8":"desktop-align-center","9":"tablet-align-center","10":"mobile-align-center","11":"ast-product-gallery-layout-horizontal-slider","12":"ast-product-tabs-layout-horizontal","14":"first","15":"instock","16":"shipping-taxable","17":"product-type-simple"},"acf":[],"_links":{"self":[{"href":"https:\/\/www.wellbeautysalon.com\/es\/wp-json\/wp\/v2\/product\/12300","targetHints":{"allow":["GET"]}}],"collection":[{"href":"https:\/\/www.wellbeautysalon.com\/es\/wp-json\/wp\/v2\/product"}],"about":[{"href":"https:\/\/www.wellbeautysalon.com\/es\/wp-json\/wp\/v2\/types\/product"}],"wp:featuredmedia":[{"embeddable":true,"href":"https:\/\/www.wellbeautysalon.com\/es\/wp-json\/wp\/v2\/media\/13618"}],"wp:attachment":[{"href":"https:\/\/www.wellbeautysalon.com\/es\/wp-json\/wp\/v2\/media?parent=12300"}],"wp:term":[{"taxonomy":"product_brand","embeddable":true,"href":"https:\/\/www.wellbeautysalon.com\/es\/wp-json\/wp\/v2\/product_brand?post=12300"},{"taxonomy":"product_cat","embeddable":true,"href":"https:\/\/www.wellbeautysalon.com\/es\/wp-json\/wp\/v2\/product_cat?post=12300"},{"taxonomy":"product_tag","embeddable":true,"href":"https:\/\/www.wellbeautysalon.com\/es\/wp-json\/wp\/v2\/product_tag?post=12300"}],"curies":[{"name":"wp","href":"https:\/\/api.w.org\/{rel}","templated":true}]}}