{"id":12284,"date":"2021-01-16T12:12:27","date_gmt":"2021-01-16T12:12:27","guid":{"rendered":"https:\/\/ciyashop.potenzaglobalsolutions.com\/medical\/?post_type=product&#038;p=12284"},"modified":"2024-06-27T09:19:11","modified_gmt":"2024-06-27T09:19:11","slug":"accessories-db04db416","status":"publish","type":"product","link":"https:\/\/www.wellbeautysalon.com\/es\/producto\/accessories-db04db416","title":{"rendered":"Base Cuadrada de Acero Inoxidable Cepillado con Bomba Hidr\u00e1ulica"},"content":{"rendered":"<ul>\n<li>N\u00famero de Modelo: DB04+DB416<\/li>\n<li>Color: S.S Cepillado\/S.S Pulido\/Dorado\/Negro<\/li>\n<li>Tipo: Base de Muebles para Peluquer\u00eda<\/li>\n<li>Altura de la Bomba: 335 mm<\/li>\n<li>Carrera de la Bomba: 165 mm.<\/li>\n<li>Carga de la Bomba: 200 kg<\/li>\n<li>Peso Base: 18 kg<\/li>\n<li>Espesor de la Base: Acero inoxidable de 7 mm de espesor.<\/li>\n<li>Material: acero inoxidable, hierro, cubierta cromada<\/li>\n<li>Dimensiones de la Base: 450mm\/500mm<\/li>\n<li>Paso (distancia entre agujeros): 60mm<\/li>\n<li>Tornillo: M8<\/li>\n<li>Tama\u00f1o del paquete: 4pcs\/cart\u00f3n<\/li>\n<li>Garant\u00eda: 4 a\u00f1os de garant\u00eda<\/li>\n<li>Origen: Hecho en China<\/li>\n<\/ul>\n<div id='gallery-1' class='gallery galleryid-12284 gallery-columns-3 gallery-size-medium'><figure class='gallery-item'>\n\t\t\t<div class='gallery-icon landscape'>\n\t\t\t\t<a href='https:\/\/www.wellbeautysalon.com\/es\/?attachment_id=14621'><img fetchpriority=\"high\" decoding=\"async\" width=\"300\" height=\"209\" src=\"https:\/\/www.wellbeautysalon.com\/wp-content\/uploads\/2024\/06\/salon-pump-1.jpg\" class=\"attachment-medium size-medium\" alt=\"\" srcset=\"https:\/\/www.wellbeautysalon.com\/wp-content\/uploads\/2024\/06\/salon-pump-1.jpg 2336w, https:\/\/www.wellbeautysalon.com\/wp-content\/uploads\/2024\/06\/salon-pump-1-18x12.jpg 18w\" sizes=\"(max-width: 300px) 100vw, 300px\" title=\"\"><\/a>\n\t\t\t<\/div><\/figure><figure class='gallery-item'>\n\t\t\t<div class='gallery-icon landscape'>\n\t\t\t\t<a href='https:\/\/www.wellbeautysalon.com\/es\/?attachment_id=14215'><img decoding=\"async\" width=\"300\" height=\"225\" src=\"https:\/\/www.wellbeautysalon.com\/wp-content\/uploads\/2021\/01\/hydraulic-pump-package-1-1-rotated.jpg\" class=\"attachment-medium size-medium\" alt=\"\" srcset=\"https:\/\/www.wellbeautysalon.com\/wp-content\/uploads\/2021\/01\/hydraulic-pump-package-1-1-rotated.jpg 905w, https:\/\/www.wellbeautysalon.com\/wp-content\/uploads\/2021\/01\/hydraulic-pump-package-1-1-16x12.jpg 16w\" sizes=\"(max-width: 300px) 100vw, 300px\" title=\"\"><\/a>\n\t\t\t<\/div><\/figure><figure class='gallery-item'>\n\t\t\t<div class='gallery-icon landscape'>\n\t\t\t\t<a href='https:\/\/www.wellbeautysalon.com\/es\/?attachment_id=14216'><img decoding=\"async\" width=\"300\" height=\"226\" src=\"https:\/\/www.wellbeautysalon.com\/wp-content\/uploads\/2021\/01\/hydraulic-pump-package-2-1.jpg\" class=\"attachment-medium size-medium\" alt=\"\" srcset=\"https:\/\/www.wellbeautysalon.com\/wp-content\/uploads\/2021\/01\/hydraulic-pump-package-2-1.jpg 719w, https:\/\/www.wellbeautysalon.com\/wp-content\/uploads\/2021\/01\/hydraulic-pump-package-2-1-16x12.jpg 16w\" sizes=\"(max-width: 300px) 100vw, 300px\" title=\"\"><\/a>\n\t\t\t<\/div><\/figure><figure class='gallery-item'>\n\t\t\t<div class='gallery-icon landscape'>\n\t\t\t\t<a href='https:\/\/www.wellbeautysalon.com\/es\/?attachment_id=14218'><img loading=\"lazy\" decoding=\"async\" width=\"300\" height=\"225\" src=\"https:\/\/www.wellbeautysalon.com\/wp-content\/uploads\/2021\/01\/salon-chair-square-base-1.jpg\" class=\"attachment-medium size-medium\" alt=\"\" srcset=\"https:\/\/www.wellbeautysalon.com\/wp-content\/uploads\/2021\/01\/salon-chair-square-base-1.jpg 1334w, https:\/\/www.wellbeautysalon.com\/wp-content\/uploads\/2021\/01\/salon-chair-square-base-1-16x12.jpg 16w\" sizes=\"(max-width: 300px) 100vw, 300px\" title=\"\"><\/a>\n\t\t\t<\/div><\/figure><figure class='gallery-item'>\n\t\t\t<div class='gallery-icon landscape'>\n\t\t\t\t<a href='https:\/\/www.wellbeautysalon.com\/es\/?attachment_id=14217'><img loading=\"lazy\" decoding=\"async\" width=\"300\" height=\"225\" src=\"https:\/\/www.wellbeautysalon.com\/wp-content\/uploads\/2021\/01\/salon-chair-round-base-1.jpg\" class=\"attachment-medium size-medium\" alt=\"\" srcset=\"https:\/\/www.wellbeautysalon.com\/wp-content\/uploads\/2021\/01\/salon-chair-round-base-1.jpg 1334w, https:\/\/www.wellbeautysalon.com\/wp-content\/uploads\/2021\/01\/salon-chair-round-base-1-16x12.jpg 16w\" sizes=\"(max-width: 300px) 100vw, 300px\" title=\"\"><\/a>\n\t\t\t<\/div><\/figure><figure class='gallery-item'>\n\t\t\t<div class='gallery-icon landscape'>\n\t\t\t\t<a href='https:\/\/www.wellbeautysalon.com\/es\/?attachment_id=14214'><img loading=\"lazy\" decoding=\"async\" width=\"300\" height=\"225\" src=\"https:\/\/www.wellbeautysalon.com\/wp-content\/uploads\/2021\/01\/barber-chair-base-1-1-scaled.jpg\" class=\"attachment-medium size-medium\" alt=\"\" srcset=\"https:\/\/www.wellbeautysalon.com\/wp-content\/uploads\/2021\/01\/barber-chair-base-1-1-scaled.jpg 2560w, https:\/\/www.wellbeautysalon.com\/wp-content\/uploads\/2021\/01\/barber-chair-base-1-1-16x12.jpg 16w\" sizes=\"(max-width: 300px) 100vw, 300px\" title=\"\"><\/a>\n\t\t\t<\/div><\/figure>\n\t\t<\/div>","protected":false},"excerpt":{"rendered":"<p>Compuesto por placas cuadradas de acero inoxidable de alta calidad y nuestras bombas de elevaci\u00f3n hidr\u00e1ulicas de primera calidad, este componente esencial de los muebles de peluquer\u00eda es la fuerza impulsora detr\u00e1s del buen funcionamiento de los lujosos sillones de barber\u00eda y estilismo. Dise\u00f1ado para ofrecer una durabilidad y estabilidad sin concesiones, este sistema de elevaci\u00f3n de alta resistencia con bases de 7 mm de espesor es una configuraci\u00f3n est\u00e1ndar de los mejores sillones de sal\u00f3n de alta gama. Elaborada con los m\u00e1s altos est\u00e1ndares de calidad, esta pieza de repuesto fundamental garantiza el rendimiento perfecto y el ajuste de altura sin esfuerzo que los profesionales exigentes requieren para una experiencia de sal\u00f3n excepcional.<\/p>","protected":false},"featured_media":13632,"template":"","meta":{"site-sidebar-layout":"default","site-content-layout":"default","ast-global-header-display":"","ast-banner-title-visibility":"","ast-main-header-display":"","ast-hfb-above-header-display":"","ast-hfb-below-header-display":"","ast-hfb-mobile-header-display":"","site-post-title":"","ast-breadcrumbs-content":"","ast-featured-img":"","footer-sml-layout":"","theme-transparent-header-meta":"default","adv-header-id-meta":"","stick-header-meta":"default","header-above-stick-meta":"","header-main-stick-meta":"","header-below-stick-meta":""},"product_brand":[],"product_cat":[48,33],"product_tag":[23,55],"class_list":{"0":"post-12284","1":"product","2":"type-product","3":"status-publish","4":"has-post-thumbnail","6":"product_cat-hydraulic-lift-pump","7":"product_cat-spare-parts-of-salon-furniture","8":"product_tag-accessories","9":"product_tag-chair-base","10":"desktop-align-center","11":"tablet-align-center","12":"mobile-align-center","13":"ast-product-gallery-layout-horizontal-slider","14":"ast-product-tabs-layout-horizontal","16":"first","17":"instock","18":"shipping-taxable","19":"product-type-simple"},"acf":[],"_links":{"self":[{"href":"https:\/\/www.wellbeautysalon.com\/es\/wp-json\/wp\/v2\/product\/12284","targetHints":{"allow":["GET"]}}],"collection":[{"href":"https:\/\/www.wellbeautysalon.com\/es\/wp-json\/wp\/v2\/product"}],"about":[{"href":"https:\/\/www.wellbeautysalon.com\/es\/wp-json\/wp\/v2\/types\/product"}],"wp:featuredmedia":[{"embeddable":true,"href":"https:\/\/www.wellbeautysalon.com\/es\/wp-json\/wp\/v2\/media\/13632"}],"wp:attachment":[{"href":"https:\/\/www.wellbeautysalon.com\/es\/wp-json\/wp\/v2\/media?parent=12284"}],"wp:term":[{"taxonomy":"product_brand","embeddable":true,"href":"https:\/\/www.wellbeautysalon.com\/es\/wp-json\/wp\/v2\/product_brand?post=12284"},{"taxonomy":"product_cat","embeddable":true,"href":"https:\/\/www.wellbeautysalon.com\/es\/wp-json\/wp\/v2\/product_cat?post=12284"},{"taxonomy":"product_tag","embeddable":true,"href":"https:\/\/www.wellbeautysalon.com\/es\/wp-json\/wp\/v2\/product_tag?post=12284"}],"curies":[{"name":"wp","href":"https:\/\/api.w.org\/{rel}","templated":true}]}}